{"id":1043,"date":"2024-09-05T14:40:17","date_gmt":"2024-09-05T14:40:17","guid":{"rendered":"https:\/\/www.darwin4u.com\/produit\/anemoi-2-sub22-tri-suit-mens\/"},"modified":"2024-09-09T08:37:22","modified_gmt":"2024-09-09T08:37:22","slug":"anemoi-2-sub22-tri-suit-mens","status":"publish","type":"product","link":"https:\/\/www.darwin4u.com\/de\/produit\/anemoi-2-sub22-tri-suit-mens\/","title":{"rendered":"Anemoi 2 | SUB22 Tri Suit - Herren"},"content":{"rendered":"<p><meta charset=\"UTF-8\"><b>SUB22<\/b><span> - Optimale Aerodynamik bei Geschwindigkeiten unter 22mph.<\/span><\/p>\n<p>Die neue <strong>ANEMOI 2<\/strong>\u00a0steht f\u00fcr einen Paradigmenwechsel bei der Auswahl Ihrer Wettkampfbekleidung. Wir haben mehr als jeder andere Triathlon-Bekleidungshersteller den Komfort und die Aerodynamik erforscht, die sich durch die Wahl der richtigen Stoffe ergeben.<\/p>\n<p>Jeder Stoff, den wir getestet haben, hat eine optimale Leistung, wenn es darum geht, Sie schneller zu machen.<span class=\"Apple-converted-space\">\u00a0\u00a0<\/span>Wir haben die \u201cDrag Crisis\u201d (Drag Crisis - auch bekannt als Eiffel-Paradoxon - ist ein Ph\u00e4nomen, bei dem der Luftwiderstandsbeiwert mit steigender Reynolds-Zahl pl\u00f6tzlich abf\u00e4llt) der einzelnen Stoffe eingehend untersucht.<\/p>\n<p>Jedes Gewebe hat eine andere Leistung und bietet Geschwindigkeitsvorteile bei seiner eigenen, einzigartigen Geschwindigkeit. Dieses Wissen, das wir in unserer dreij\u00e4hrigen Gewebeforschung und Matrixerstellung gesammelt haben, hat uns die beiden optimalen Gewebe f\u00fcr die typischen Geschwindigkeiten im Triathlon beschert.<span class=\"Apple-converted-space\">\u00a0 <\/span>Alle unsere Anz\u00fcge bieten einen aerodynamischen Vorteil, aber der Anemoi 2 erm\u00f6glicht es Ihnen zum ersten Mal, den Anzug f\u00fcr den jeweiligen Wettkampf, Ihr Tempo und die Wettkampfdistanz auszuw\u00e4hlen. Es sind unsere umfangreichen aerodynamischen Partnerschaften, die es uns erm\u00f6glichen, Ihnen die beste Triathlonbekleidung von der Stange zu bieten, die es derzeit auf dem Markt gibt. <span class=\"Apple-converted-space\">\u00a0 \u00a0<\/span><\/p>\n<p><strong>HUUB - SCHNELLER GEHT'S NICHT!<\/strong><\/p>\n<p>So k\u00f6nnen wir f\u00fcr das neueste Anemoi 2 nun zwei Varianten anbieten:<\/p>\n<p><b>SUB22<\/b> und <b>22PLUS<\/b><br \/>F\u00fcr jeden Anzug haben wir das optimale Material f\u00fcr die verschiedenen Geschwindigkeitsbereiche ausgew\u00e4hlt, so dass Sie den schnellsten Anzug f\u00fcr Ihre Renngeschwindigkeit haben, nicht den von jemand anderem.<\/p>\n<p><b>SUB22<\/b> - Optimale Aerodynamik bei Geschwindigkeiten unter 22 mph<br \/><b>22PLUS<\/b> - Optimale Aerodynamik bei Geschwindigkeiten \u00fcber 22 mph<\/p>","protected":false},"excerpt":{"rendered":"<p>SUB22 &#8211; Optimal aerodynamics at speeds under\u00a022mph. The new ANEMOI 2\u00a0represents a paradigm shift in how you choose your race day clothing. We have researched, more than any other triathlon clothing company, the comfort and aero gains to be had by choosing the correct fabrics. Every fabric we have tested has an optimal performance, when [&hellip;]<\/p>\n","protected":false},"featured_media":2720,"comment_status":"open","ping_status":"closed","template":"","meta":[],"product_brand":[],"product_cat":[686,655,665],"product_tag":[174,78,164,92,82],"class_list":{"0":"post-1043","1":"product","2":"type-product","3":"status-publish","4":"has-post-thumbnail","6":"product_cat-aero-time-saving-innovation","7":"product_cat-mens","8":"product_cat-racewear","9":"product_tag-collectionanemoi","10":"product_tag-gendermens","11":"product_tag-newtosale","12":"product_tag-triathlon-all","13":"product_tag-triathlon-mens","14":"has-post-title","15":"has-post-date","16":"has-post-category","17":"has-post-tag","18":"has-post-comment","19":"has-post-author","20":"","22":"first","23":"instock","24":"taxable","25":"shipping-taxable","26":"purchasable","27":"product-type-variable"},"jetpack_sharing_enabled":true,"builder_content":"","_links":{"self":[{"href":"https:\/\/www.darwin4u.com\/de\/wp-json\/wp\/v2\/product\/1043","targetHints":{"allow":["GET"]}}],"collection":[{"href":"https:\/\/www.darwin4u.com\/de\/wp-json\/wp\/v2\/product"}],"about":[{"href":"https:\/\/www.darwin4u.com\/de\/wp-json\/wp\/v2\/types\/product"}],"replies":[{"embeddable":true,"href":"https:\/\/www.darwin4u.com\/de\/wp-json\/wp\/v2\/comments?post=1043"}],"wp:featuredmedia":[{"embeddable":true,"href":"https:\/\/www.darwin4u.com\/de\/wp-json\/wp\/v2\/media\/2720"}],"wp:attachment":[{"href":"https:\/\/www.darwin4u.com\/de\/wp-json\/wp\/v2\/media?parent=1043"}],"wp:term":[{"taxonomy":"product_brand","embeddable":true,"href":"https:\/\/www.darwin4u.com\/de\/wp-json\/wp\/v2\/product_brand?post=1043"},{"taxonomy":"product_cat","embeddable":true,"href":"https:\/\/www.darwin4u.com\/de\/wp-json\/wp\/v2\/product_cat?post=1043"},{"taxonomy":"product_tag","embeddable":true,"href":"https:\/\/www.darwin4u.com\/de\/wp-json\/wp\/v2\/product_tag?post=1043"}],"curies":[{"name":"wp","href":"https:\/\/api.w.org\/{rel}","templated":true}]}}