{"id":1070,"date":"2024-09-05T14:40:23","date_gmt":"2024-09-05T14:40:23","guid":{"rendered":"https:\/\/www.darwin4u.com\/produit\/anemoi-aero-overshoe\/"},"modified":"2024-09-09T08:37:30","modified_gmt":"2024-09-09T08:37:30","slug":"anemoi-aero-overshoe","status":"publish","type":"product","link":"https:\/\/www.darwin4u.com\/de\/produit\/anemoi-aero-overshoe\/","title":{"rendered":"Anemoi Aero \u00dcberschuh"},"content":{"rendered":"<p><span>Wenn es auf Geschwindigkeit ankommt, bietet der HUUB Anemoi \u00dcberschuh eine glatte Haut, die aerodynamische Vorteile f\u00fcr TT und Triathlon liefert.<\/span><\/p>\n<ul>\n<li>Undurchl\u00e4ssige Haut f\u00fcr Wetterschutz und aerodynamische Vorteile.<\/li>\n<li>Verbesserung der Aerodynamik.<\/li>\n<li>Mehrere Gr\u00f6\u00dfen - XS\/S (38-40), M\/L (41-43), XL\/XXL (44-46).<\/li>\n<\/ul>\n<p>Sie haben nicht nur aerodynamische Vorteile, sondern auch eine undurchl\u00e4ssige Haut, die vor Wettereinfl\u00fcssen sch\u00fctzt, und lassen sich dank zus\u00e4tzlicher Schlaufen leicht \u00fcber die R\u00fcckseite Ihrer Radschuhe ziehen.<\/p>\n<p>\u00a0<\/p>\n<p><a href=\"https:\/\/huubdesign.com\/pages\/refund-policy\">Informationen zur Garantie<\/a><\/p>","protected":false},"excerpt":{"rendered":"<p>When speed is of the essence, the HUUB Anemoi Overshoe provides a smooth skin to deliver aerodynamic gains for TT and triathlon. Non-permeable skin for weather protection and aero benefit. Improve aerodynamics. Multiple sizes &#8211; XS\/S (38-40), M\/L (41-43), XL\/XXL (44-46). As well as aero benefits they also have a non-permeable skin for weather protection [&hellip;]<\/p>\n","protected":false},"featured_media":2749,"comment_status":"open","ping_status":"closed","template":"","meta":[],"product_brand":[],"product_cat":[682,668],"product_tag":[96,147,97,98,99,74,75,78,87,92,82,83],"class_list":{"0":"post-1070","1":"product","2":"type-product","3":"status-publish","4":"has-post-thumbnail","6":"product_cat-accessories-cycle","7":"product_cat-specialist-performance","8":"product_tag-aero","9":"product_tag-aeroaccessories","10":"product_tag-categoryaccessories","11":"product_tag-categoryaero","12":"product_tag-collectionaccessories","13":"product_tag-cycle-all","14":"product_tag-cycle-mens","15":"product_tag-gendermens","16":"product_tag-genderwomens","17":"product_tag-triathlon-all","18":"product_tag-triathlon-mens","19":"product_tag-triathlon-womens","20":"has-post-title","21":"has-post-date","22":"has-post-category","23":"has-post-tag","24":"has-post-comment","25":"has-post-author","26":"","28":"first","29":"instock","30":"taxable","31":"shipping-taxable","32":"purchasable","33":"product-type-variable"},"jetpack_sharing_enabled":true,"builder_content":"","_links":{"self":[{"href":"https:\/\/www.darwin4u.com\/de\/wp-json\/wp\/v2\/product\/1070","targetHints":{"allow":["GET"]}}],"collection":[{"href":"https:\/\/www.darwin4u.com\/de\/wp-json\/wp\/v2\/product"}],"about":[{"href":"https:\/\/www.darwin4u.com\/de\/wp-json\/wp\/v2\/types\/product"}],"replies":[{"embeddable":true,"href":"https:\/\/www.darwin4u.com\/de\/wp-json\/wp\/v2\/comments?post=1070"}],"wp:featuredmedia":[{"embeddable":true,"href":"https:\/\/www.darwin4u.com\/de\/wp-json\/wp\/v2\/media\/2749"}],"wp:attachment":[{"href":"https:\/\/www.darwin4u.com\/de\/wp-json\/wp\/v2\/media?parent=1070"}],"wp:term":[{"taxonomy":"product_brand","embeddable":true,"href":"https:\/\/www.darwin4u.com\/de\/wp-json\/wp\/v2\/product_brand?post=1070"},{"taxonomy":"product_cat","embeddable":true,"href":"https:\/\/www.darwin4u.com\/de\/wp-json\/wp\/v2\/product_cat?post=1070"},{"taxonomy":"product_tag","embeddable":true,"href":"https:\/\/www.darwin4u.com\/de\/wp-json\/wp\/v2\/product_tag?post=1070"}],"curies":[{"name":"wp","href":"https:\/\/api.w.org\/{rel}","templated":true}]}}