{"id":1155,"date":"2024-09-05T15:41:02","date_gmt":"2024-09-05T14:41:02","guid":{"rendered":"https:\/\/www.darwin4u.com\/produit\/aphotic-swim-goggle-black-mirrored\/"},"modified":"2026-03-24T21:20:15","modified_gmt":"2026-03-24T21:20:15","slug":"aphotic-swim-goggle-black-mirrored","status":"publish","type":"product","link":"https:\/\/www.darwin4u.com\/de\/produit\/aphotic-swim-goggle-black-mirrored\/","title":{"rendered":"Aphotic Swim Goggle - Schwarz verspiegelt"},"content":{"rendered":"<p><strong><span style=\"color: #000000\"><\/span><\/strong>Jetzt mit voll verspiegeltem Glas, unserer ersten Schwimmbrille, die sich durch die Photochromatic-Technologie w\u00e4hrend des Rennens verdunkelt oder aufhellt, ohne dass Sie es merken. Ein selbstregulierendes Glas, das den Komfort und die Sicht bietet, die du brauchst, um deine Sicht zu maximieren und dein Schwimmen zu unterst\u00fctzen.<\/p>\n<p>- Minimiert grelles Sonnenlicht und verbessert die Sichtbarkeit und das Sehverm\u00f6gen<\/p>\n<p>- Verringert die Blendwirkung, vor allem bei Schwimmstarts am fr\u00fchen Morgen und beim Schwimmen bei tiefstehender Sonne<\/p>\n<p>- Antibeschlagene, kratzfeste und verspiegelte photochromatische Gl\u00e4ser<\/p>\n<p>- Verringerung von Augenbelastung und visueller Erm\u00fcdung<\/p>\n<p>Das wohl wichtigste Ausr\u00fcstungsst\u00fcck am Wettkampftag ist Ihre Schwimmbrille. Ein Ausr\u00fcstungsgegenstand, den viele von uns als selbstverst\u00e4ndlich ansehen, ohne den jedoch unsere gesamte Vorbereitung und unser Training umsonst waren. Es ist an der Zeit, Ihre Schwimmbrille ernst zu nehmen und wirklich zu verstehen, was am Wettkampftag erforderlich ist.<\/p>\n<p>W\u00e4re es nicht sch\u00f6n, wenn die meisten Veranstaltungen in der Mitte des Tages beginnen w\u00fcrden, wenn die Sonne hoch steht, alle warm sind und das Licht so gut wie m\u00f6glich ist. Leider bedeuten die L\u00e4nge der Veranstaltungen und die Stra\u00dfensperrungen, dass ein Start um 7 Uhr morgens nichts Ungew\u00f6hnliches ist, und wie wir alle wissen, ist das Licht 30 Minuten nach dem Startschuss sehr unterschiedlich, und das gilt umso mehr, je weiter der Morgen fortschreitet. <\/p>\n<p>\u201cAphotic\u201d von HUUB, unsere erste Schwimmbrille, die sich w\u00e4hrend des Rennens durch die photochromatische Technologie verdunkelt oder aufhellt, ohne dass Sie es merken. Eine selbstregulierende Linse, die den Komfort und die Sicht bietet, die Sie brauchen, um Ihre Sicht zu maximieren und Ihr Schwimmen zu unterst\u00fctzen.<\/p>\n<p><strong>\u201cPhotochromatische\u201d Sicht erleichtert das Sehen und erm\u00f6glicht es Ihnen, Hindernissen und anderen Schwimmern auszuweichen, auch wenn Sie gegen die Sonne oder mit dem R\u00fccken zur Sonne schwimmen.<\/strong><\/p>\n<p>Diese unglaublichen Gl\u00e4ser passen sich perfekt an und brauchen nur 160 Sekunden, um von klar auf dunkel zu wechseln - f\u00fcr ultimative Leistung bei jeder Wende an jeder Boje.<\/p>\n<p>Spezielle patentierte photochrome Farbstoffe, die das Brillenglas aktivieren bzw. verdunkeln, wenn es ultravioletten Strahlen des Sonnenlichts ausgesetzt wird. Wenn das UV-Licht nachl\u00e4sst, t\u00f6nen sich die Gl\u00e4ser zur\u00fcck. Wenn sich die Lichtverh\u00e4ltnisse \u00e4ndern, passt sich der T\u00f6nungsgrad an und bietet die richtige T\u00f6nung zur richtigen Zeit.<\/p>\n<p>Die Schwimmbrille \u201cAphotic\u201d ist der erste Schritt von HUUB zur \u201cGoggle-Perfektion\u201d, geeignet f\u00fcr den Einsatz im Innen- und Au\u00dfenbereich und bei allen Lichtverh\u00e4ltnissen.<\/p>\n<p>Das Design passt sich perfekt an das Gesicht an, wobei die Dichte von Silikon und TPR so aufeinander abgestimmt ist, dass ein perfekter Sitz und ein federleichtes Gef\u00fchl selbst bei den interessantesten Gesichtsprofilen entsteht.<\/p>\n<p>F\u00fcr ein gro\u00dfartiges Schwimmvergn\u00fcgen brauchen Sie eine bequeme Passform und die M\u00f6glichkeit, so viel wie m\u00f6glich zu sehen und gleichzeitig so viel Licht wie m\u00f6glich abzublocken, wenn die Sonne hoch steht oder die Wasserreflexion optimal ist.<\/p>\n<p><span data-mce-fragment=\"1\">Lesen Sie unseren Kaufratgeber f\u00fcr Schwimmbrillen\u00a0<\/span><a href=\"https:\/\/huubdesign.com\/pages\/goggle-guide\" title=\"Ratgeber Schwimmbrille\" data-mce-fragment=\"1\" data-mce-href=\"https:\/\/huubdesign.com\/pages\/goggle-guide\"><strong data-mce-fragment=\"1\">hier<\/strong><\/a><span data-mce-fragment=\"1\">.<\/span>.<\/p>\n<p>Material der Linse: PC <br \/>Material der Dichtung: Silikon<br \/>Material des Armbands: Silikon<br \/>Seitliche Taste: PC<br \/>\u00c4u\u00dferer Rahmen: TPR <br \/>Innerer Rahmen: PC<\/p>\n<p>\u00a0<\/p>\n<p><a href=\"https:\/\/huubdesign.com\/pages\/refund-policy\">Informationen zur Garantie<\/a><\/p>","protected":false},"excerpt":{"rendered":"<p>Now with a full mirrored lens, our first swim goggle that gets darker or lighter through Photochromatic technology during the race without you even noticing. A self regulating lens that delivers the comfort and vision needed to maximise your sighting and assist your swim. \u2022\u00a0 Minimises bright sunlight, increasing visibility &amp; sighting \u2022\u00a0 Reduces glare, [&hellip;]<\/p>\n","protected":false},"featured_media":2844,"comment_status":"open","ping_status":"closed","template":"","meta":[],"product_brand":[],"product_cat":[61,522],"product_tag":[78,87,89,164,91,92,82,83,93],"class_list":{"0":"post-1155","1":"product","2":"type-product","3":"status-publish","4":"has-post-thumbnail","6":"product_cat-goggles","7":"product_cat-swim","8":"product_tag-gendermens","9":"product_tag-genderwomens","10":"product_tag-mens-swim","11":"product_tag-newtosale","12":"product_tag-swim-all","13":"product_tag-triathlon-all","14":"product_tag-triathlon-mens","15":"product_tag-triathlon-womens","16":"product_tag-womens-swim","17":"has-post-title","18":"has-post-date","19":"has-post-category","20":"has-post-tag","21":"has-post-comment","22":"has-post-author","23":"","25":"first","26":"instock","27":"taxable","28":"shipping-taxable","29":"purchasable","30":"product-type-simple"},"jetpack_sharing_enabled":true,"builder_content":"","_links":{"self":[{"href":"https:\/\/www.darwin4u.com\/de\/wp-json\/wp\/v2\/product\/1155","targetHints":{"allow":["GET"]}}],"collection":[{"href":"https:\/\/www.darwin4u.com\/de\/wp-json\/wp\/v2\/product"}],"about":[{"href":"https:\/\/www.darwin4u.com\/de\/wp-json\/wp\/v2\/types\/product"}],"replies":[{"embeddable":true,"href":"https:\/\/www.darwin4u.com\/de\/wp-json\/wp\/v2\/comments?post=1155"}],"wp:featuredmedia":[{"embeddable":true,"href":"https:\/\/www.darwin4u.com\/de\/wp-json\/wp\/v2\/media\/2844"}],"wp:attachment":[{"href":"https:\/\/www.darwin4u.com\/de\/wp-json\/wp\/v2\/media?parent=1155"}],"wp:term":[{"taxonomy":"product_brand","embeddable":true,"href":"https:\/\/www.darwin4u.com\/de\/wp-json\/wp\/v2\/product_brand?post=1155"},{"taxonomy":"product_cat","embeddable":true,"href":"https:\/\/www.darwin4u.com\/de\/wp-json\/wp\/v2\/product_cat?post=1155"},{"taxonomy":"product_tag","embeddable":true,"href":"https:\/\/www.darwin4u.com\/de\/wp-json\/wp\/v2\/product_tag?post=1155"}],"curies":[{"name":"wp","href":"https:\/\/api.w.org\/{rel}","templated":true}]}}