{"id":11635,"date":"2024-09-06T15:09:45","date_gmt":"2024-09-06T15:09:45","guid":{"rendered":"https:\/\/www.darwin4u.com\/produit\/silicone-swim-cap\/"},"modified":"2024-09-09T08:39:35","modified_gmt":"2024-09-09T08:39:35","slug":"silicone-swim-cap","status":"publish","type":"product","link":"https:\/\/www.darwin4u.com\/de\/produit\/silicone-swim-cap\/","title":{"rendered":"Silikon-Schwimmkappe"},"content":{"rendered":"<p><span>Die HUUB Silikon-Badekappe ist in verschiedenen Farben erh\u00e4ltlich.<\/span><\/p>\n<ul>\n<li>Flach geformtes Silikon 100%<\/li>\n<li>Leichtgewicht<\/li>\n<li>Ausgezeichnete Haltbarkeit<\/li>\n<li>Faltenfreie Passform f\u00fcr geringes Widerstandsprofil<\/li>\n<li>Hohe Elastizit\u00e4t f\u00fcr eine bequeme Passform<\/li>\n<li>Weicher Stoff f\u00fcr schnelles Entfernen und kein Verheddern<\/li>\n<li>Gutes Preis-Leistungs-Verh\u00e4ltnis<\/li>\n<\/ul>\n<p><span>Entwickelt, um p<\/span>Die hochelastische, flach geformte Form sch\u00fctzt Ihr Haar vor den Folgen von Chlorsch\u00e4den. Das weiche Silikon ist leicht und hypoallergen, l\u00e4sst den Kopf atmen und erleichtert auch das h\u00e4rteste Schwimmtraining.<\/p>\n<p>\u00a0<\/p>\n<p><a href=\"https:\/\/huubdesign.com\/pages\/refund-policy\">Informationen zur Garantie<\/a><\/p>","protected":false},"excerpt":{"rendered":"<p>The HUUB Silicone Swim Cap is available in several colours. Flat moulded 100% silicone Lightweight Excellent durability No wrinkle fit for low drag profile High elasticity for a comfortable fit Soft fabric for quick removal and no snagging Great value for money Designed to help protect your hair from the rigours of chlorine damage with [&hellip;]<\/p>\n","protected":false},"featured_media":11643,"comment_status":"open","ping_status":"closed","template":"","meta":[],"product_brand":[],"product_cat":[683,522,651],"product_tag":[78,87,89,91,93],"class_list":{"0":"post-11635","1":"product","2":"type-product","3":"status-publish","4":"has-post-thumbnail","6":"product_cat-accessories-swim","7":"product_cat-swim","8":"product_cat-swim-cap","9":"product_tag-gendermens","10":"product_tag-genderwomens","11":"product_tag-mens-swim","12":"product_tag-swim-all","13":"product_tag-womens-swim","14":"has-post-title","15":"has-post-date","16":"has-post-category","17":"has-post-tag","18":"has-post-comment","19":"has-post-author","20":"","22":"first","23":"instock","24":"taxable","25":"shipping-taxable","26":"purchasable","27":"product-type-variable"},"jetpack_sharing_enabled":true,"builder_content":"","_links":{"self":[{"href":"https:\/\/www.darwin4u.com\/de\/wp-json\/wp\/v2\/product\/11635","targetHints":{"allow":["GET"]}}],"collection":[{"href":"https:\/\/www.darwin4u.com\/de\/wp-json\/wp\/v2\/product"}],"about":[{"href":"https:\/\/www.darwin4u.com\/de\/wp-json\/wp\/v2\/types\/product"}],"replies":[{"embeddable":true,"href":"https:\/\/www.darwin4u.com\/de\/wp-json\/wp\/v2\/comments?post=11635"}],"wp:featuredmedia":[{"embeddable":true,"href":"https:\/\/www.darwin4u.com\/de\/wp-json\/wp\/v2\/media\/11643"}],"wp:attachment":[{"href":"https:\/\/www.darwin4u.com\/de\/wp-json\/wp\/v2\/media?parent=11635"}],"wp:term":[{"taxonomy":"product_brand","embeddable":true,"href":"https:\/\/www.darwin4u.com\/de\/wp-json\/wp\/v2\/product_brand?post=11635"},{"taxonomy":"product_cat","embeddable":true,"href":"https:\/\/www.darwin4u.com\/de\/wp-json\/wp\/v2\/product_cat?post=11635"},{"taxonomy":"product_tag","embeddable":true,"href":"https:\/\/www.darwin4u.com\/de\/wp-json\/wp\/v2\/product_tag?post=11635"}],"curies":[{"name":"wp","href":"https:\/\/api.w.org\/{rel}","templated":true}]}}