{"id":11700,"date":"2024-09-06T16:10:12","date_gmt":"2024-09-06T15:10:12","guid":{"rendered":"https:\/\/www.darwin4u.com\/produit\/sport-luub\/"},"modified":"2026-04-01T20:56:54","modified_gmt":"2026-04-01T18:56:54","slug":"sport-luub","status":"publish","type":"product","link":"https:\/\/www.darwin4u.com\/de\/produit\/sport-luub\/","title":{"rendered":"Sport LUUB"},"content":{"rendered":"<p>HUUB's Sport LUUB ist ein vielseitig einsetzbares Gleitmittel f\u00fcr Triathlonanz\u00fcge und Tri-Anz\u00fcge, das Scheuerstellen verhindert. Der Balsam verhindert und lindert aufgescheuerte, rissige und rissige Haut. Der HUUB Sport LUUB hilft auch, hei\u00dfe Stellen und Reibung zu verhindern.<\/p>\n<p>Ein einfacher, 66 g schwerer Roll-on-Stick, der an jeder K\u00f6rperstelle verwendet werden kann, um die Haut vor Reibung und Feuchtigkeit zu sch\u00fctzen. Au\u00dferdem l\u00e4sst sich ein Neoprenanzug oder ein Triathlonanzug damit viel leichter an- und ausziehen.<\/p>\n<p><span><strong>Tipp zur Geschwindigkeit:<\/strong><br \/><\/span><\/p>\n<p>F\u00fcr einen schnelleren Wechsel w\u00e4hrend des Rennens tragen Sie HUUB Sport LUUB auf die Au\u00dfenseite des Neoprenanzugs an den Handgelenken und Kn\u00f6cheln auf. Wenn sich der Neoprenanzug von innen nach au\u00dfen dreht, werden die Arm- und Beinbereiche schnell und einfach von der Haut rutschen.\u00a0<\/p>\n<p>\u00a0<\/p>\n<p><strong><span>Zutaten:<\/span><\/strong><span>\u00a0Caprylic\/Capric Triglyceride, Isohexadecan, Candelilla cera (Euphorbia cerifera (Candelilla) wax), Cetearyl alcohol, Hydrogenated vegetable oil, Glyceryl dibehenate, Stearyl alcohol, Tribehenin, Glyceryl behenate, Isopropyl myristate, Aloe barbadensis leaf extract, Arnica montana flower extract, Citric acid<\/span><\/p>","protected":false},"excerpt":{"rendered":"<p>HUUB&#8217;s Sport LUUB is a multi-use, anti-chaffing triathlon wetsuit and tri suit lube. The balm prevents and relieves chafed, chapped and cracked skin. The HUUB Sport LUUB also helps prevent hot spots and rubbing. A simple 66g roll-on stick to shield yourself that can be used on any area of the body to protect the [&hellip;]<\/p>\n","protected":false},"featured_media":11724,"comment_status":"open","ping_status":"closed","template":"","meta":[],"product_brand":[],"product_cat":[672,683],"product_tag":[78,87,89,91,92,82,83,93],"class_list":{"0":"post-11700","1":"product","2":"type-product","3":"status-publish","4":"has-post-thumbnail","6":"product_cat-accessories","7":"product_cat-accessories-swim","8":"product_tag-gendermens","9":"product_tag-genderwomens","10":"product_tag-mens-swim","11":"product_tag-swim-all","12":"product_tag-triathlon-all","13":"product_tag-triathlon-mens","14":"product_tag-triathlon-womens","15":"product_tag-womens-swim","16":"has-post-title","17":"has-post-date","18":"has-post-category","19":"has-post-tag","20":"has-post-comment","21":"has-post-author","22":"","24":"first","25":"instock","26":"taxable","27":"shipping-taxable","28":"purchasable","29":"product-type-simple"},"jetpack_sharing_enabled":true,"builder_content":"","_links":{"self":[{"href":"https:\/\/www.darwin4u.com\/de\/wp-json\/wp\/v2\/product\/11700","targetHints":{"allow":["GET"]}}],"collection":[{"href":"https:\/\/www.darwin4u.com\/de\/wp-json\/wp\/v2\/product"}],"about":[{"href":"https:\/\/www.darwin4u.com\/de\/wp-json\/wp\/v2\/types\/product"}],"replies":[{"embeddable":true,"href":"https:\/\/www.darwin4u.com\/de\/wp-json\/wp\/v2\/comments?post=11700"}],"wp:featuredmedia":[{"embeddable":true,"href":"https:\/\/www.darwin4u.com\/de\/wp-json\/wp\/v2\/media\/11724"}],"wp:attachment":[{"href":"https:\/\/www.darwin4u.com\/de\/wp-json\/wp\/v2\/media?parent=11700"}],"wp:term":[{"taxonomy":"product_brand","embeddable":true,"href":"https:\/\/www.darwin4u.com\/de\/wp-json\/wp\/v2\/product_brand?post=11700"},{"taxonomy":"product_cat","embeddable":true,"href":"https:\/\/www.darwin4u.com\/de\/wp-json\/wp\/v2\/product_cat?post=11700"},{"taxonomy":"product_tag","embeddable":true,"href":"https:\/\/www.darwin4u.com\/de\/wp-json\/wp\/v2\/product_tag?post=11700"}],"curies":[{"name":"wp","href":"https:\/\/api.w.org\/{rel}","templated":true}]}}