{"id":11710,"date":"2024-09-06T15:10:19","date_gmt":"2024-09-06T15:10:19","guid":{"rendered":"https:\/\/www.darwin4u.com\/produit\/neoprene-swim-gloves\/"},"modified":"2026-03-24T20:45:29","modified_gmt":"2026-03-24T20:45:29","slug":"neoprene-swim-gloves","status":"publish","type":"product","link":"https:\/\/www.darwin4u.com\/de\/produit\/neoprene-swim-gloves\/","title":{"rendered":"Neopren-Schwimmhandschuhe"},"content":{"rendered":"<p>Die HUUB Neoprenhandschuhe wurden entwickelt, um Ihre H\u00e4nde beim Schwimmen in kaltem Wasser warm zu halten.<\/p>\n<p>Hergestellt aus hochwertigem 3mm Neopren f\u00fcr zus\u00e4tzliche W\u00e4rme und Schutz f\u00fcr Ihre H\u00e4nde.<\/p>\n<p><a href=\"https:\/\/huubdesign.com\/pages\/refund-policy\">Informationen zur Garantie<\/a><\/p>","protected":false},"excerpt":{"rendered":"<p>The HUUB Neoprene Gloves are designed to keep your hands warm during those cold water swims. Made from high grade 3mm neoprene for added warmth and protection for your hands. Warranty Information<\/p>","protected":false},"featured_media":11762,"comment_status":"open","ping_status":"closed","template":"","meta":[],"product_brand":[],"product_cat":[672,683,719,650],"product_tag":[147,97,99,78,87,89,91,93],"class_list":{"0":"post-11710","1":"product","2":"type-product","3":"status-publish","4":"has-post-thumbnail","6":"product_cat-accessories","7":"product_cat-accessories-swim","8":"product_cat-cold-water-collection-neoprene-accessories","9":"product_cat-open-water","10":"product_tag-aeroaccessories","11":"product_tag-categoryaccessories","12":"product_tag-collectionaccessories","13":"product_tag-gendermens","14":"product_tag-genderwomens","15":"product_tag-mens-swim","16":"product_tag-swim-all","17":"product_tag-womens-swim","18":"has-post-title","19":"has-post-date","20":"has-post-category","21":"has-post-tag","22":"has-post-comment","23":"has-post-author","24":"","26":"first","27":"instock","28":"taxable","29":"shipping-taxable","30":"purchasable","31":"product-type-variable"},"jetpack_sharing_enabled":true,"builder_content":"","_links":{"self":[{"href":"https:\/\/www.darwin4u.com\/de\/wp-json\/wp\/v2\/product\/11710","targetHints":{"allow":["GET"]}}],"collection":[{"href":"https:\/\/www.darwin4u.com\/de\/wp-json\/wp\/v2\/product"}],"about":[{"href":"https:\/\/www.darwin4u.com\/de\/wp-json\/wp\/v2\/types\/product"}],"replies":[{"embeddable":true,"href":"https:\/\/www.darwin4u.com\/de\/wp-json\/wp\/v2\/comments?post=11710"}],"wp:featuredmedia":[{"embeddable":true,"href":"https:\/\/www.darwin4u.com\/de\/wp-json\/wp\/v2\/media\/11762"}],"wp:attachment":[{"href":"https:\/\/www.darwin4u.com\/de\/wp-json\/wp\/v2\/media?parent=11710"}],"wp:term":[{"taxonomy":"product_brand","embeddable":true,"href":"https:\/\/www.darwin4u.com\/de\/wp-json\/wp\/v2\/product_brand?post=11710"},{"taxonomy":"product_cat","embeddable":true,"href":"https:\/\/www.darwin4u.com\/de\/wp-json\/wp\/v2\/product_cat?post=11710"},{"taxonomy":"product_tag","embeddable":true,"href":"https:\/\/www.darwin4u.com\/de\/wp-json\/wp\/v2\/product_tag?post=11710"}],"curies":[{"name":"wp","href":"https:\/\/api.w.org\/{rel}","templated":true}]}}