{"id":11750,"date":"2024-09-06T16:10:36","date_gmt":"2024-09-06T15:10:36","guid":{"rendered":"https:\/\/www.darwin4u.com\/produit\/timing-chip-strap-band\/"},"modified":"2026-03-24T20:09:12","modified_gmt":"2026-03-24T20:09:12","slug":"timing-chip-strap-band","status":"publish","type":"product","link":"https:\/\/www.darwin4u.com\/de\/produit\/timing-chip-strap-band\/","title":{"rendered":"Zeitmess-Chip Armband Band"},"content":{"rendered":"<p>Obwohl Zeitmessungs-Chips wahrscheinlich die beste Erfindung f\u00fcr das Veranstaltungsmanagement sind, m\u00f6chten Sie wirklich nicht das schwei\u00dfnasse Zeitmessungs-Chiparmband eines anderen Benutzers verwenden.<\/p>\n<ul>\n<li>Weiches Neopren mit leichter Unterlage.<\/li>\n<li>Breiter, bequemer Riemen.<\/li>\n<li>Einfach, aber effektiv.<\/li>\n<\/ul>\n<p>Wir haben zwar recherchiert und gepr\u00fcft, was es sonst noch auf dem Markt gibt, aber bei diesem Produkt wollten wir es einfach halten.<\/p><\/p>","protected":false},"excerpt":{"rendered":"<p>While timing chips are possibly the greatest invention to event management, you really don&#8217;t want to be using someone else&#8217;s sweat ridden timing chip strap band. Soft neoprene with lightweight backing. Broad comfortable strap. Simple but effective. While we have researched and reviewed what else is on the market, we felt on this item, lets [&hellip;]<\/p>\n","protected":false},"featured_media":11779,"comment_status":"open","ping_status":"closed","template":"","meta":[],"product_brand":[],"product_cat":[672],"product_tag":[78,87,92,82,83],"class_list":{"0":"post-11750","1":"product","2":"type-product","3":"status-publish","4":"has-post-thumbnail","6":"product_cat-accessories","7":"product_tag-gendermens","8":"product_tag-genderwomens","9":"product_tag-triathlon-all","10":"product_tag-triathlon-mens","11":"product_tag-triathlon-womens","12":"has-post-title","13":"has-post-date","14":"has-post-category","15":"has-post-tag","16":"has-post-comment","17":"has-post-author","18":"","20":"first","21":"instock","22":"taxable","23":"shipping-taxable","24":"purchasable","25":"product-type-variable"},"jetpack_sharing_enabled":true,"builder_content":"","_links":{"self":[{"href":"https:\/\/www.darwin4u.com\/de\/wp-json\/wp\/v2\/product\/11750","targetHints":{"allow":["GET"]}}],"collection":[{"href":"https:\/\/www.darwin4u.com\/de\/wp-json\/wp\/v2\/product"}],"about":[{"href":"https:\/\/www.darwin4u.com\/de\/wp-json\/wp\/v2\/types\/product"}],"replies":[{"embeddable":true,"href":"https:\/\/www.darwin4u.com\/de\/wp-json\/wp\/v2\/comments?post=11750"}],"wp:featuredmedia":[{"embeddable":true,"href":"https:\/\/www.darwin4u.com\/de\/wp-json\/wp\/v2\/media\/11779"}],"wp:attachment":[{"href":"https:\/\/www.darwin4u.com\/de\/wp-json\/wp\/v2\/media?parent=11750"}],"wp:term":[{"taxonomy":"product_brand","embeddable":true,"href":"https:\/\/www.darwin4u.com\/de\/wp-json\/wp\/v2\/product_brand?post=11750"},{"taxonomy":"product_cat","embeddable":true,"href":"https:\/\/www.darwin4u.com\/de\/wp-json\/wp\/v2\/product_cat?post=11750"},{"taxonomy":"product_tag","embeddable":true,"href":"https:\/\/www.darwin4u.com\/de\/wp-json\/wp\/v2\/product_tag?post=11750"}],"curies":[{"name":"wp","href":"https:\/\/api.w.org\/{rel}","templated":true}]}}