{"id":1189,"date":"2024-09-05T14:41:13","date_gmt":"2024-09-05T14:41:13","guid":{"rendered":"https:\/\/www.darwin4u.com\/produit\/araya-wetsuit-womens\/"},"modified":"2026-04-26T10:23:02","modified_gmt":"2026-04-26T08:23:02","slug":"araya-wetsuit-womens","status":"publish","type":"product","link":"https:\/\/www.darwin4u.com\/de\/produit\/araya-wetsuit-womens\/","title":{"rendered":"Araya Neoprenanzug - Women's"},"content":{"rendered":"<p>ULTIMATIVE FLEXIBILIT\u00c4T &amp; EXZELLENTER WERT<\/p>\n<p>Ein Anzug, der auf Komfort und Flexibilit\u00e4t ausgelegt ist und dennoch zu einem Preis angeboten wird, der ihn f\u00fcr jedermann erschwinglich macht. Der Araya beh\u00e4lt Merkmale wie superflexibles Neopren und unsere revolution\u00e4re Arms Neutral Positioning\u2122 bei, verf\u00fcgt aber zus\u00e4tzlich \u00fcber nylonbeschichtetes Neopren an den Arm- und Beinabschl\u00fcssen, um den Komfort zu maximieren und eine kompromisslose Abdichtung zu gew\u00e4hrleisten.<\/p>\n<p>Arms Neutral position\u2122 reduziert den typischen maximalen Dehnungszyklus um 50%. Ihr Schwimmstil mit Neoprenanzug kann nun Ihren Schwimmstil ohne Neoprenanzug imitieren und bietet eine noch nie dagewesene Rotational Freedom\u2122 - laut den Brownlees ein \u201cGame Changer\u201d.<\/p>\n<p>Weitere Merkmale sind...<\/p>\n<ul>\n<li>Breakaway Zipper f\u00fcr die schnellsten \u00dcberg\u00e4nge<\/li>\n<\/ul>\n<ul>\n<li>Hochwertiges Neopren<\/li>\n<\/ul>\n<ul>\n<li>Mit Nylon beschichtete Neoprenmanschetten<\/li>\n<\/ul>\n<ul>\n<li>Freiheit f\u00fcr den Oberk\u00f6rper und Anhebung des Unterk\u00f6rpers.<\/li>\n<\/ul>\n<ul>\n<li>Exklusives 2:4-Auftriebsprofil.<\/li>\n<\/ul>\n<p><a href=\"https:\/\/huubdesign.com\/pages\/refund-policy\">Informationen zur Garantie<\/a><\/p>\n<div>\n<h4><\/h4>\n<p>&nbsp;<\/p>\n<\/div>","protected":false},"excerpt":{"rendered":"<p>ULTIMATE FLEXIBILITY &amp; EXCELLENT VALUE A suit that is designed for comfort and flexibility yet retains a price point that allows it to be accessible to everyone. The Araya maintains features such as super flexible neoprene and our revolutionary Arms Neutral positioning\u2122 but also features nylon faced neoprene to the arm and leg cuffs to [&hellip;]<\/p>\n","protected":false},"featured_media":2874,"comment_status":"open","ping_status":"closed","template":"","meta":[],"product_brand":[],"product_cat":[678],"product_tag":[87,164,91,92,83,93,145],"class_list":{"0":"post-1189","1":"product","2":"type-product","3":"status-publish","4":"has-post-thumbnail","6":"product_cat-wetsuits","7":"product_tag-genderwomens","8":"product_tag-newtosale","9":"product_tag-swim-all","10":"product_tag-triathlon-all","11":"product_tag-triathlon-womens","12":"product_tag-womens-swim","13":"product_tag-womens-wetsuit","14":"has-post-title","15":"has-post-date","16":"has-post-category","17":"has-post-tag","18":"has-post-comment","19":"has-post-author","20":"","22":"first","23":"instock","24":"taxable","25":"shipping-taxable","26":"purchasable","27":"product-type-variable"},"jetpack_sharing_enabled":true,"builder_content":"","_links":{"self":[{"href":"https:\/\/www.darwin4u.com\/de\/wp-json\/wp\/v2\/product\/1189","targetHints":{"allow":["GET"]}}],"collection":[{"href":"https:\/\/www.darwin4u.com\/de\/wp-json\/wp\/v2\/product"}],"about":[{"href":"https:\/\/www.darwin4u.com\/de\/wp-json\/wp\/v2\/types\/product"}],"replies":[{"embeddable":true,"href":"https:\/\/www.darwin4u.com\/de\/wp-json\/wp\/v2\/comments?post=1189"}],"wp:featuredmedia":[{"embeddable":true,"href":"https:\/\/www.darwin4u.com\/de\/wp-json\/wp\/v2\/media\/2874"}],"wp:attachment":[{"href":"https:\/\/www.darwin4u.com\/de\/wp-json\/wp\/v2\/media?parent=1189"}],"wp:term":[{"taxonomy":"product_brand","embeddable":true,"href":"https:\/\/www.darwin4u.com\/de\/wp-json\/wp\/v2\/product_brand?post=1189"},{"taxonomy":"product_cat","embeddable":true,"href":"https:\/\/www.darwin4u.com\/de\/wp-json\/wp\/v2\/product_cat?post=1189"},{"taxonomy":"product_tag","embeddable":true,"href":"https:\/\/www.darwin4u.com\/de\/wp-json\/wp\/v2\/product_tag?post=1189"}],"curies":[{"name":"wp","href":"https:\/\/api.w.org\/{rel}","templated":true}]}}