{"id":13875,"date":"2026-04-05T12:35:15","date_gmt":"2026-04-05T10:35:15","guid":{"rendered":"https:\/\/www.darwin4u.com\/?post_type=product&#038;p=13875"},"modified":"2026-04-05T13:55:18","modified_gmt":"2026-04-05T11:55:18","slug":"huub-changing-robe-cobalt","status":"publish","type":"product","link":"https:\/\/www.darwin4u.com\/de\/produit\/huub-changing-robe-cobalt\/","title":{"rendered":"HUUB Wickelmantel - Kobalt"},"content":{"rendered":"<p data-mce-fragment=\"1\"><strong>Schnell warm und trocken werden.<\/strong><\/p>\n<p>Wir haben endlich unser erstes Wickel-\/W\u00e4rmem\u00e4ntelchen entworfen und freuen uns, es ausliefern zu k\u00f6nnen,<br \/>\nGebrauch: F\u00fcr alle Sportarten, bei denen sofortige W\u00e4rme und Schutz vor und vor allem nach dem Sport wichtig sind.<\/p>\n<p>Forschung und Feedback von Athleten haben uns geholfen, eine Robe zu entwickeln, die vor den Elementen sch\u00fctzt und gleichzeitig Privatsph\u00e4re beim Umziehen und unglaubliche W\u00e4rme bietet. Er ist das ideale Kleidungsst\u00fcck, egal wo du schwimmst, radelst oder l\u00e4ufst.<\/p>\n<p><span data-mce-fragment=\"1\">Der HUUB Umkleidebademantel ist perfekt, um sich nach dem Sport zu trocknen und umzuziehen. Der mit Handtuch gef\u00fctterte Bademantel ist ideal f\u00fcr die k\u00e4lteren Tage, sch\u00fctzt dich vor dem Wetter und h\u00e4lt dich super warm. Perfekt, um sich vor den morgendlichen Trainingseinheiten oder Wettk\u00e4mpfen warm zu halten. Viel Platz, um die Arme hineinzuziehen und sich bequem und diskret umzuziehen.<\/span><\/p>\n<div class=\"\">\n<ul>\n<li>All-Element-Schutz<\/li>\n<li>Strapazierf\u00e4higes, rei\u00dffestes Gewebe<\/li>\n<li>Verschwei\u00dfte N\u00e4hte<\/li>\n<li>Sich diskret umziehen und dabei warm bleiben<\/li>\n<li>Ultra saugf\u00e4higes und feuchtigkeitsabf\u00fchrendes Innenhandtuch<\/li>\n<li>Wind- und wasserdichtes Au\u00dfenmaterial<\/li>\n<li>Verstellbare Klettverschl\u00fcsse am Handgelenk<\/li>\n<li>Gro\u00dfe, mit Handt\u00fcchern gef\u00fctterte Kapuze zur Verringerung des W\u00e4rmeverlusts<\/li>\n<li>Luxuri\u00f6ses, weiches Handtuchfutter<\/li>\n<li>2-Wege-Schnellverschluss, kann von innen und au\u00dfen verschlossen werden<\/li>\n<li>Innere Rei\u00dfverschlusstasche mit Kopfh\u00f6reranschluss<\/li>\n<li>Gro\u00dfe, mit Fleece gef\u00fctterte Au\u00dfentaschen<\/li>\n<\/ul>\n<\/div>\n<div class=\"\"><\/div>","protected":false},"excerpt":{"rendered":"<p>Get Warm &amp; Dry Fast. We have finally created and are excited to deliver, our first changing\/warmth robe, designed for all sports where immediate warmth and protection is critical before and more importantly,\u00a0after exercise. Research and feedback from athletes, has helped us create a robe that protects against the elements whilst delivering changing privacy and [&hellip;]<\/p>\n","protected":false},"featured_media":13879,"comment_status":"open","ping_status":"closed","template":"","meta":[],"product_brand":[],"product_cat":[1112,683,1110,650],"product_tag":[204,89,91,92,82,83,93],"class_list":{"0":"post-13875","1":"product","2":"type-product","3":"status-publish","4":"has-post-thumbnail","6":"product_cat-1112","7":"product_cat-accessories-swim","8":"product_cat-changing-robe","9":"product_cat-open-water","10":"product_tag-changing-robe","11":"product_tag-mens-swim","12":"product_tag-swim-all","13":"product_tag-triathlon-all","14":"product_tag-triathlon-mens","15":"product_tag-triathlon-womens","16":"product_tag-womens-swim","17":"has-post-title","18":"has-post-date","19":"has-post-category","20":"has-post-tag","21":"has-post-comment","22":"has-post-author","23":"","25":"first","26":"instock","27":"taxable","28":"shipping-taxable","29":"purchasable","30":"product-type-variable"},"jetpack_sharing_enabled":true,"builder_content":"","_links":{"self":[{"href":"https:\/\/www.darwin4u.com\/de\/wp-json\/wp\/v2\/product\/13875","targetHints":{"allow":["GET"]}}],"collection":[{"href":"https:\/\/www.darwin4u.com\/de\/wp-json\/wp\/v2\/product"}],"about":[{"href":"https:\/\/www.darwin4u.com\/de\/wp-json\/wp\/v2\/types\/product"}],"replies":[{"embeddable":true,"href":"https:\/\/www.darwin4u.com\/de\/wp-json\/wp\/v2\/comments?post=13875"}],"wp:featuredmedia":[{"embeddable":true,"href":"https:\/\/www.darwin4u.com\/de\/wp-json\/wp\/v2\/media\/13879"}],"wp:attachment":[{"href":"https:\/\/www.darwin4u.com\/de\/wp-json\/wp\/v2\/media?parent=13875"}],"wp:term":[{"taxonomy":"product_brand","embeddable":true,"href":"https:\/\/www.darwin4u.com\/de\/wp-json\/wp\/v2\/product_brand?post=13875"},{"taxonomy":"product_cat","embeddable":true,"href":"https:\/\/www.darwin4u.com\/de\/wp-json\/wp\/v2\/product_cat?post=13875"},{"taxonomy":"product_tag","embeddable":true,"href":"https:\/\/www.darwin4u.com\/de\/wp-json\/wp\/v2\/product_tag?post=13875"}],"curies":[{"name":"wp","href":"https:\/\/api.w.org\/{rel}","templated":true}]}}