{"id":13886,"date":"2026-04-05T14:04:18","date_gmt":"2026-04-05T12:04:18","guid":{"rendered":"https:\/\/www.darwin4u.com\/?post_type=product&#038;p=13886"},"modified":"2026-04-05T14:05:54","modified_gmt":"2026-04-05T12:05:54","slug":"running-baseball-cap-black-steel-blue","status":"publish","type":"product","link":"https:\/\/www.darwin4u.com\/de\/produit\/running-baseball-cap-black-steel-blue\/","title":{"rendered":"Laufende Baseballm\u00fctze Schwarz Stahlblau"},"content":{"rendered":"<p>Ein Trucker-Design mit einem Unterschied; leichtes Material und Mesh sorgen daf\u00fcr, dass diese stilvolle Kappe wie eine Rennm\u00fctze funktioniert. Perfekt f\u00fcr vor, nach und am Renntag.<\/p>","protected":false},"excerpt":{"rendered":"<p>Ein Trucker-Design mit einem Unterschied; leichtes Material und Mesh sorgen daf\u00fcr, dass diese stilvolle Kappe wie eine Rennm\u00fctze funktioniert. Perfekt f\u00fcr vor, nach und am Renntag.<\/p>","protected":false},"featured_media":13887,"comment_status":"open","ping_status":"closed","template":"","meta":[],"product_brand":[],"product_cat":[1112,672,243,653],"product_tag":[74,75,78,87,107,89,91,92,82,83,93],"class_list":{"0":"post-13886","1":"product","2":"type-product","3":"status-publish","4":"has-post-thumbnail","6":"product_cat-1112","7":"product_cat-accessories","8":"product_cat-casual","9":"product_cat-headwear","10":"product_tag-cycle-all","11":"product_tag-cycle-mens","12":"product_tag-gendermens","13":"product_tag-genderwomens","14":"product_tag-lifestyle","15":"product_tag-mens-swim","16":"product_tag-swim-all","17":"product_tag-triathlon-all","18":"product_tag-triathlon-mens","19":"product_tag-triathlon-womens","20":"product_tag-womens-swim","21":"has-post-title","22":"has-post-date","23":"has-post-category","24":"has-post-tag","25":"has-post-comment","26":"has-post-author","27":"","29":"first","30":"instock","31":"taxable","32":"shipping-taxable","33":"purchasable","34":"product-type-simple"},"jetpack_sharing_enabled":true,"builder_content":"","_links":{"self":[{"href":"https:\/\/www.darwin4u.com\/de\/wp-json\/wp\/v2\/product\/13886","targetHints":{"allow":["GET"]}}],"collection":[{"href":"https:\/\/www.darwin4u.com\/de\/wp-json\/wp\/v2\/product"}],"about":[{"href":"https:\/\/www.darwin4u.com\/de\/wp-json\/wp\/v2\/types\/product"}],"replies":[{"embeddable":true,"href":"https:\/\/www.darwin4u.com\/de\/wp-json\/wp\/v2\/comments?post=13886"}],"wp:featuredmedia":[{"embeddable":true,"href":"https:\/\/www.darwin4u.com\/de\/wp-json\/wp\/v2\/media\/13887"}],"wp:attachment":[{"href":"https:\/\/www.darwin4u.com\/de\/wp-json\/wp\/v2\/media?parent=13886"}],"wp:term":[{"taxonomy":"product_brand","embeddable":true,"href":"https:\/\/www.darwin4u.com\/de\/wp-json\/wp\/v2\/product_brand?post=13886"},{"taxonomy":"product_cat","embeddable":true,"href":"https:\/\/www.darwin4u.com\/de\/wp-json\/wp\/v2\/product_cat?post=13886"},{"taxonomy":"product_tag","embeddable":true,"href":"https:\/\/www.darwin4u.com\/de\/wp-json\/wp\/v2\/product_tag?post=13886"}],"curies":[{"name":"wp","href":"https:\/\/api.w.org\/{rel}","templated":true}]}}