{"id":1734,"date":"2024-09-05T15:43:07","date_gmt":"2024-09-05T14:43:07","guid":{"rendered":"https:\/\/www.darwin4u.com\/produit\/big-buoy-4\/"},"modified":"2026-03-24T21:19:29","modified_gmt":"2026-03-24T21:19:29","slug":"big-buoy-4","status":"publish","type":"product","link":"https:\/\/www.darwin4u.com\/de\/produit\/big-buoy-4\/","title":{"rendered":"Gro\u00dfe Boje 4"},"content":{"rendered":"<p><span>Wir haben die urspr\u00fcngliche HUUB Big Buoy verbessert, um Ihnen durch Formgebung, Auftrieb und Gr\u00f6\u00dfe mehr Variabilit\u00e4t in der Verwendung zu bieten.<\/span> Wir nennen sie jetzt HUUB Big Buoy 4, weil wir 4 Positionen f\u00fcr die Verwendung haben.<\/p>\n<ul>\n<li>Verbesserte K\u00f6rperausrichtung.<\/li>\n<li>Massiver Auftrieb.<\/li>\n<li>Reproduzieren Sie das Schwimmen im Neoprenanzug im Training.<\/li>\n<li>Bietet eine enorme Auftriebskraft von 34 Newton. Die meisten Zugbojen bieten nur 17 Newton.<\/li>\n<\/ul>\n<p>Durch hydrodynamische Formgebung k\u00f6nnen Sie nun zwischen den Widerstandslasten wechseln und den Auftriebsschwerpunkt zwischen den Beinen mit zwei unterschiedlich gro\u00dfen Endkurven w\u00e4hlen.<\/p>\n<ol>\n<li>Mehr Auftrieb unter den Beinen, hoher Luftwiderstand (gro\u00dfes Ende nach unten, flache Seite in den Schritt).<\/li>\n<li>Mehr Auftrieb unter den Beinen, weniger Luftwiderstand (gro\u00dfes Ende nach unten, abgerundete Seite in den Schritt).<\/li>\n<li>Weniger Auftrieb unter den Beinen, hoher Widerstand (schmales Ende nach unten, flache Seite in den Schritt).<\/li>\n<li>Weniger Auftrieb unter den Beinen, weniger Widerstand (schmales Ende nach unten, abgerundete Seite in den Schritt).<\/li>\n<\/ol>\n<p><span>HUUB ist bekannt daf\u00fcr, \u00fcber den Tellerrand zu schauen, und die HUUB Big Buoy 4 Zugboje erf\u00fcllt alle Anforderungen von Schwimmern.<\/span><\/p>\n<p><span>Bislang gab es f\u00fcr Schwimmer im Grunde nur eine Einheitsgr\u00f6\u00dfe f\u00fcr Zugbojen, was sowohl Schwimmer als auch Trainer frustrierte. F\u00fcr gr\u00f6\u00dfere Schwimmer und Bein Sinker, traditionelle Pull Bojen einfach nicht schneiden und bieten wenig Unterst\u00fctzung bei der Verbesserung der K\u00f6rperausrichtung.<\/span><\/p>\n<p><span>Die HUUB Big Buoy hat eine enorme Kraft von 34 Newton, verglichen mit einer Standard-Zugboje, die im Durchschnitt nur 17 Newton hat. F\u00fcr Athleten, die f\u00fcr das Schwimmen im Neoprenanzug trainieren, ist die HUUB Big Buoy der perfekte Trainingspartner und erm\u00f6glicht es den Schwimmern, den Beinauftrieb zu simulieren, den die HUUB Neoprenanz\u00fcge bieten.<\/span><\/p>\n<p><span>Da Neoprenanz\u00fcge und Chlor keine Freunde sind, bietet die gro\u00dfe Boje eine echte Alternative.<\/span><\/p>\n<p>\u00a0<\/p>\n<p><span><a href=\"https:\/\/huubdesign.com\/pages\/refund-policy\">Informationen zur Garantie<\/a><\/span><\/p>","protected":false},"excerpt":{"rendered":"<p>We have improved the original HUUB Big Buoy to give you more variance in usage through shaping and buoyancy and size. We now call it the HUUB Big Buoy 4 because we have 4 positions of use. Improved body alignment. Massive floatation. Replicate wetsuit swimming in training. Offers a massive 34 newtons of buoyancy floatation. [&hellip;]<\/p>\n","protected":false},"featured_media":3141,"comment_status":"open","ping_status":"closed","template":"","meta":[],"product_brand":[],"product_cat":[672,683,711,650],"product_tag":[89,91,93],"class_list":{"0":"post-1734","1":"product","2":"type-product","3":"status-publish","4":"has-post-thumbnail","6":"product_cat-accessories","7":"product_cat-accessories-swim","8":"product_cat-buoyancy-aids","9":"product_cat-open-water","10":"product_tag-mens-swim","11":"product_tag-swim-all","12":"product_tag-womens-swim","13":"has-post-title","14":"has-post-date","15":"has-post-category","16":"has-post-tag","17":"has-post-comment","18":"has-post-author","19":"","21":"first","22":"instock","23":"taxable","24":"shipping-taxable","25":"purchasable","26":"product-type-simple"},"jetpack_sharing_enabled":true,"builder_content":"","_links":{"self":[{"href":"https:\/\/www.darwin4u.com\/de\/wp-json\/wp\/v2\/product\/1734","targetHints":{"allow":["GET"]}}],"collection":[{"href":"https:\/\/www.darwin4u.com\/de\/wp-json\/wp\/v2\/product"}],"about":[{"href":"https:\/\/www.darwin4u.com\/de\/wp-json\/wp\/v2\/types\/product"}],"replies":[{"embeddable":true,"href":"https:\/\/www.darwin4u.com\/de\/wp-json\/wp\/v2\/comments?post=1734"}],"wp:featuredmedia":[{"embeddable":true,"href":"https:\/\/www.darwin4u.com\/de\/wp-json\/wp\/v2\/media\/3141"}],"wp:attachment":[{"href":"https:\/\/www.darwin4u.com\/de\/wp-json\/wp\/v2\/media?parent=1734"}],"wp:term":[{"taxonomy":"product_brand","embeddable":true,"href":"https:\/\/www.darwin4u.com\/de\/wp-json\/wp\/v2\/product_brand?post=1734"},{"taxonomy":"product_cat","embeddable":true,"href":"https:\/\/www.darwin4u.com\/de\/wp-json\/wp\/v2\/product_cat?post=1734"},{"taxonomy":"product_tag","embeddable":true,"href":"https:\/\/www.darwin4u.com\/de\/wp-json\/wp\/v2\/product_tag?post=1734"}],"curies":[{"name":"wp","href":"https:\/\/api.w.org\/{rel}","templated":true}]}}