{"id":339,"date":"2024-09-05T14:37:37","date_gmt":"2024-09-05T14:37:37","guid":{"rendered":"https:\/\/www.darwin4u.com\/produit\/2-in-1-training-short\/"},"modified":"2026-03-24T21:26:25","modified_gmt":"2026-03-24T21:26:25","slug":"2-in-1-training-short","status":"publish","type":"product","link":"https:\/\/www.darwin4u.com\/de\/produit\/2-in-1-training-short\/","title":{"rendered":"2-in-1-Trainingshose"},"content":{"rendered":"<p>Laufen Sie bequem und ohne Einschr\u00e4nkung mit unseren 2-in-1-Shorts. Das weiche, gestrickte Innenfutter besteht aus reibungsarmen Mikrogeweben, die ein weiches und sanftes Gef\u00fchl auf der Haut vermitteln und das Risiko von Reizungen durch Reibung und Scheuern verringern. Das schnelltrocknende Gewebe transportiert Feuchtigkeit effizient ab und sorgt so f\u00fcr Komfort auf h\u00f6chstem Niveau.<\/p>\n<p>Um einen perfekten und sicheren Sitz zu gew\u00e4hrleisten, haben die Shorts einen elastischen Bund mit Kordelzug, der sich Ihrer individuellen Form anpasst. Dieser vielseitige Schnitt \u00fcberzeugt bei jeder Sportart.<\/p>\n<ul>\n<li>Weiche Strickeinlage - Weich und sanft auf der Haut.<\/li>\n<li>Flach liegende N\u00e4hte - Verhindert Reizungen durch Reibung und Scheuerstellen.<\/li>\n<li>Feuchtigkeitstransport - Schwei\u00df wird schnell und effizient abtransportiert.<\/li>\n<li>Atmungsaktiv - Ein konstanter Luftstrom sorgt f\u00fcr ein frisches Gef\u00fchl.<\/li>\n<li>Elastischer Bund - Sorgt f\u00fcr einen sicheren und bequemen Sitz.<\/li>\n<li>Nicht einschr\u00e4nkend - Erm\u00f6glicht einen gro\u00dfen Bewegungsspielraum, ohne die Shorts zu besch\u00e4digen oder zu eng zu sein.<\/li>\n<li>Materialzusammensetzung<\/li>\n<\/ul>\n<p>\u00c4u\u00dferes: 88% Polyester, 12% Elastan.<\/p>\n<p>Innen: 92% Polyester, 8% Elastan (ohne Bes\u00e4tze). <\/p>","protected":false},"excerpt":{"rendered":"<p>Run in comfort and without restriction with our 2-In-1 Shorts. The soft knitted inner liner is made of low friction microfabrics, giving a soft and gentle next-to-skin feel, reducing the risk of irritation caused by rubbing and chafing. Moisture is efficiently wicked away by the quick-dry fabric, delivering next-level comfort. To ensure a perfect and [&hellip;]<\/p>\n","protected":false},"featured_media":347,"comment_status":"open","ping_status":"closed","template":"","meta":[],"product_brand":[],"product_cat":[675],"product_tag":[74,75,78,82,83],"class_list":{"0":"post-339","1":"product","2":"type-product","3":"status-publish","4":"has-post-thumbnail","6":"product_cat-training","7":"product_tag-cycle-all","8":"product_tag-cycle-mens","9":"product_tag-gendermens","10":"product_tag-triathlon-mens","11":"product_tag-triathlon-womens","12":"has-post-title","13":"has-post-date","14":"has-post-category","15":"has-post-tag","16":"has-post-comment","17":"has-post-author","18":"","20":"first","21":"instock","22":"taxable","23":"shipping-taxable","24":"purchasable","25":"product-type-variable"},"jetpack_sharing_enabled":true,"builder_content":"","_links":{"self":[{"href":"https:\/\/www.darwin4u.com\/de\/wp-json\/wp\/v2\/product\/339","targetHints":{"allow":["GET"]}}],"collection":[{"href":"https:\/\/www.darwin4u.com\/de\/wp-json\/wp\/v2\/product"}],"about":[{"href":"https:\/\/www.darwin4u.com\/de\/wp-json\/wp\/v2\/types\/product"}],"replies":[{"embeddable":true,"href":"https:\/\/www.darwin4u.com\/de\/wp-json\/wp\/v2\/comments?post=339"}],"wp:featuredmedia":[{"embeddable":true,"href":"https:\/\/www.darwin4u.com\/de\/wp-json\/wp\/v2\/media\/347"}],"wp:attachment":[{"href":"https:\/\/www.darwin4u.com\/de\/wp-json\/wp\/v2\/media?parent=339"}],"wp:term":[{"taxonomy":"product_brand","embeddable":true,"href":"https:\/\/www.darwin4u.com\/de\/wp-json\/wp\/v2\/product_brand?post=339"},{"taxonomy":"product_cat","embeddable":true,"href":"https:\/\/www.darwin4u.com\/de\/wp-json\/wp\/v2\/product_cat?post=339"},{"taxonomy":"product_tag","embeddable":true,"href":"https:\/\/www.darwin4u.com\/de\/wp-json\/wp\/v2\/product_tag?post=339"}],"curies":[{"name":"wp","href":"https:\/\/api.w.org\/{rel}","templated":true}]}}