{"id":3526,"date":"2024-09-05T15:09:28","date_gmt":"2024-09-05T15:09:28","guid":{"rendered":"https:\/\/www.darwin4u.com\/produit\/pinnacle-tri-suit-black-grape-womens\/"},"modified":"2026-01-18T20:13:04","modified_gmt":"2026-01-18T20:13:04","slug":"pinnacle-tri-suit-black-grape-womens","status":"publish","type":"product","link":"https:\/\/www.darwin4u.com\/de\/produit\/pinnacle-tri-suit-black-grape-womens\/","title":{"rendered":"Pinnacle Tri Suit Schwarz\/Weintraube - Women's"},"content":{"rendered":"<p class=\"MsoNormal\"><b>DAS STREBEN NACH DEM SCHNELLSTEN RENNEN\u00a0<\/b><\/p>\n<p class=\"MsoNormal\">Die Pinnacle-Familie wird durch den Pinnacle Trisuit erweitert. Ein Anzug, der den ganzen Tag lang Komfort und Aerodynamik mit Vielseitigkeit verbindet. Er ist das Ergebnis jahrelanger intensiver Forschung, um herauszufinden, was Sie schneller macht und die Bed\u00fcrfnisse des allt\u00e4glichen Triathleten zu erf\u00fcllen.\u00a0<\/p>\n<p class=\"MsoNormal\">Das Sprichwort fordert uns heraus, nach Verbesserungen zu suchen und von denjenigen zu profitieren, die mit Triathlon und Freiwasserschwimmen zu tun haben: den Wissenschaftlern, den Elitesportlern, den Altersklassenschwimmern und den Enthusiasten. Wir werden nie behaupten, dass wir alles wissen, aber wir k\u00f6nnen sagen, dass wir st\u00e4ndig danach streben, mehr zu lernen und unsere Ausr\u00fcstung und unseren Sport weiterzuentwickeln.\u00a0<\/p>\n<p class=\"MsoNormal\">Der Pinnacle Trisuit setzt den Paradigmenwechsel des Anemoi II fort und erweitert ihn auf unser gesamtes Trisuit-Angebot. Die Stoffe wurden speziell aus der HUUB-Stoffmatrix ausgew\u00e4hlt, um sicherzustellen, dass nicht nur die schnellsten Stoffe verwendet werden, sondern auch diejenigen, die die W\u00e4rme am besten ableiten und dazu beitragen, die K\u00f6rperkerntemperatur bei hei\u00dfen Bedingungen zu kontrollieren.\u00a0<\/p>\n<p class=\"MsoNormal\">Der Anzug verf\u00fcgt \u00fcber mehrere Funktionen, die Leistung liefern und die Benutzerfreundlichkeit maximieren. Die Arms Neutral\u2122 Technologie, die erstmals in unserem Agilis Neoprenanzug zum Einsatz kam, bietet Rotational Freedom\u2122 f\u00fcr vollst\u00e4ndigen Schwimmkomfort und erh\u00f6ht die Aero-Effizienz in der \u2018Aero\u2019-Position auf dem Rad. Es gibt zwei gro\u00dfe Aero-R\u00fcckentaschen, in denen wichtige Nahrungsmittel verstaut werden k\u00f6nnen.\u00a0<\/p>\n<p class=\"MsoNormal\">Dies ist der erste HUUB Trisuit mit einer \u2018Open Zip\u2019-Konstruktion, die aus dem Muster unseres Speedsuits entwickelt wurde, der zusammen mit Ribble Pro Cycling und Dan Bigham entwickelt wurde. Das konturierte Sitzpolster bietet den ganzen Tag \u00fcber Komfort, wenn man lange in der TT-Position sitzt.\u00a0<\/p>\n<p class=\"MsoNormal\"><strong>Wesentliche Merkmale:\u00a0\u00a0<\/strong><\/p>\n<ul style=\"margin-top: 0cm\" type=\"disc\">\n<li class=\"MsoNormal\" style=\"line-height: normal\">Ausgew\u00e4hlte Stoffe aus der umfassenden Stoffmatrix von HUUB<\/li>\n<li class=\"MsoNormal\" style=\"line-height: normal\">Arms Neutral\u2122 Design f\u00fcr Schwimmkomfort und Aero-Effizienz\u00a0<\/li>\n<li class=\"MsoNormal\" style=\"line-height: normal\">2 Aero-Taschen hinten<\/li>\n<li class=\"MsoNormal\" style=\"line-height: normal\">Offener Rei\u00dfverschluss vorne\u00a0<\/li>\n<li class=\"MsoNormal\" style=\"line-height: normal\">Konturierte G\u00e4mse\u00a0<\/li>\n<li class=\"MsoNormal\" style=\"line-height: normal\">L\u00e4ngere Arme und Beine f\u00fcr bessere Aerodynamik\u00a0<\/li>\n<li class=\"MsoNormal\" style=\"line-height: normal\">Camlock-Rei\u00dfverschluss<\/li>\n<\/ul>","protected":false},"excerpt":{"rendered":"<p>THE PURSUIT FOR YOUR FASTEST RACE\u00a0 Adding to Pinnacle family comes the Pinnacle Trisuit. A suit where day long comfort and aerodynamics meets versatility. Crafted from years of extensive research into what makes you go faster and combining the needs of the everyday triathlete.\u00a0 The saying challenges us to search for improvement and benefits from [&hellip;]<\/p>\n","protected":false},"featured_media":11840,"comment_status":"open","ping_status":"closed","template":"","meta":[],"product_brand":[],"product_cat":[665,659],"product_tag":[175],"class_list":{"0":"post-3526","1":"product","2":"type-product","3":"status-publish","4":"has-post-thumbnail","6":"product_cat-racewear","7":"product_cat-womens","8":"product_tag-womens-tri-suits","9":"has-post-title","10":"has-post-date","11":"has-post-category","12":"has-post-tag","13":"has-post-comment","14":"has-post-author","15":"","17":"first","18":"outofstock","19":"taxable","20":"shipping-taxable","21":"purchasable","22":"product-type-variable"},"jetpack_sharing_enabled":true,"builder_content":"","_links":{"self":[{"href":"https:\/\/www.darwin4u.com\/de\/wp-json\/wp\/v2\/product\/3526","targetHints":{"allow":["GET"]}}],"collection":[{"href":"https:\/\/www.darwin4u.com\/de\/wp-json\/wp\/v2\/product"}],"about":[{"href":"https:\/\/www.darwin4u.com\/de\/wp-json\/wp\/v2\/types\/product"}],"replies":[{"embeddable":true,"href":"https:\/\/www.darwin4u.com\/de\/wp-json\/wp\/v2\/comments?post=3526"}],"wp:featuredmedia":[{"embeddable":true,"href":"https:\/\/www.darwin4u.com\/de\/wp-json\/wp\/v2\/media\/11840"}],"wp:attachment":[{"href":"https:\/\/www.darwin4u.com\/de\/wp-json\/wp\/v2\/media?parent=3526"}],"wp:term":[{"taxonomy":"product_brand","embeddable":true,"href":"https:\/\/www.darwin4u.com\/de\/wp-json\/wp\/v2\/product_brand?post=3526"},{"taxonomy":"product_cat","embeddable":true,"href":"https:\/\/www.darwin4u.com\/de\/wp-json\/wp\/v2\/product_cat?post=3526"},{"taxonomy":"product_tag","embeddable":true,"href":"https:\/\/www.darwin4u.com\/de\/wp-json\/wp\/v2\/product_tag?post=3526"}],"curies":[{"name":"wp","href":"https:\/\/api.w.org\/{rel}","templated":true}]}}