{"id":3567,"date":"2024-09-05T16:09:35","date_gmt":"2024-09-05T15:09:35","guid":{"rendered":"https:\/\/www.darwin4u.com\/produit\/huub-safety-tow-float-pink-camo\/"},"modified":"2026-03-24T20:54:43","modified_gmt":"2026-03-24T20:54:43","slug":"huub-safety-tow-float-pink-camo","status":"publish","type":"product","link":"https:\/\/www.darwin4u.com\/de\/produit\/huub-safety-tow-float-pink-camo\/","title":{"rendered":"HUUB Sicherheitsschleppschwimmer - Pink Camo"},"content":{"rendered":"<p class=\"MsoNormal\">Leuchtend farbige Abschleppschwimmer sind ein unverzichtbarer Bestandteil der Ausr\u00fcstung f\u00fcr Schwimmer im Freien, und bei einigen Wettk\u00e4mpfen sind sie sogar Pflichtausr\u00fcstung. Perfekt f\u00fcr Gew\u00e4sser, in denen auch Boote unterwegs sind, erh\u00f6ht der Tow Float Ihre Sichtbarkeit im Wasser, egal ob Sie alleine oder in einer Gruppe schwimmen. Da er Ihr Schwimmen nur minimal beeintr\u00e4chtigt, werden Sie ihn nicht einmal bemerken.<\/p>\n<p class=\"MsoNormal\">Sollten Sie sich ausruhen m\u00fcssen oder Hilfe ben\u00f6tigen, bietet der Tow Float eine schwimmende Unterst\u00fctzung, die Ihr Gewicht tragen kann, und Sie sind leichter zu finden. Wenn Sie mit Ihren Kindern ins offene Wasser gehen, k\u00f6nnen Sie sie mit einem Tow Float sehr schnell ausmachen.<\/p>\n<p class=\"MsoNormal\">Nach dem Aufblasen kann der 16l Safety Tow Float mit einem verstellbaren Gurt und einer Leine befestigt werden. Er ist aus strapazierf\u00e4higem PVC gefertigt, 100% wasserdicht und kann pers\u00f6nliche Gegenst\u00e4nde transportieren, damit diese beim Schwimmen sicher und trocken bleiben. Der Schwimmer verf\u00fcgt au\u00dferdem \u00fcber eine eingebaute Pfeife, mit der Sie die Aufmerksamkeit anderer auf sich ziehen k\u00f6nnen, wenn Sie es brauchen.<\/p>","protected":false},"excerpt":{"rendered":"<p>Brightly coloured Tow Floats are an essential bit of kit for outdoor swimmers and for some races they are mandatory kit. Perfect for waters where there are boat users the Tow Float will increase your visibility in the water whether swimming solo or in a group. With minimal interference to your swimming you won\u2019t even [&hellip;]<\/p>\n","protected":false},"featured_media":11854,"comment_status":"open","ping_status":"closed","template":"","meta":[],"product_brand":[],"product_cat":[650],"product_tag":[],"class_list":{"0":"post-3567","1":"product","2":"type-product","3":"status-publish","4":"has-post-thumbnail","6":"product_cat-open-water","7":"has-post-title","8":"has-post-date","9":"has-post-category","10":"has-post-tag","11":"has-post-comment","12":"has-post-author","13":"","15":"first","16":"instock","17":"taxable","18":"shipping-taxable","19":"purchasable","20":"product-type-simple"},"jetpack_sharing_enabled":true,"builder_content":"","_links":{"self":[{"href":"https:\/\/www.darwin4u.com\/de\/wp-json\/wp\/v2\/product\/3567","targetHints":{"allow":["GET"]}}],"collection":[{"href":"https:\/\/www.darwin4u.com\/de\/wp-json\/wp\/v2\/product"}],"about":[{"href":"https:\/\/www.darwin4u.com\/de\/wp-json\/wp\/v2\/types\/product"}],"replies":[{"embeddable":true,"href":"https:\/\/www.darwin4u.com\/de\/wp-json\/wp\/v2\/comments?post=3567"}],"wp:featuredmedia":[{"embeddable":true,"href":"https:\/\/www.darwin4u.com\/de\/wp-json\/wp\/v2\/media\/11854"}],"wp:attachment":[{"href":"https:\/\/www.darwin4u.com\/de\/wp-json\/wp\/v2\/media?parent=3567"}],"wp:term":[{"taxonomy":"product_brand","embeddable":true,"href":"https:\/\/www.darwin4u.com\/de\/wp-json\/wp\/v2\/product_brand?post=3567"},{"taxonomy":"product_cat","embeddable":true,"href":"https:\/\/www.darwin4u.com\/de\/wp-json\/wp\/v2\/product_cat?post=3567"},{"taxonomy":"product_tag","embeddable":true,"href":"https:\/\/www.darwin4u.com\/de\/wp-json\/wp\/v2\/product_tag?post=3567"}],"curies":[{"name":"wp","href":"https:\/\/api.w.org\/{rel}","templated":true}]}}