{"id":3574,"date":"2024-09-05T15:09:36","date_gmt":"2024-09-05T15:09:36","guid":{"rendered":"https:\/\/www.darwin4u.com\/produit\/soundwave-costume\/"},"modified":"2024-09-09T08:37:48","modified_gmt":"2024-09-09T08:37:48","slug":"soundwave-costume","status":"publish","type":"product","link":"https:\/\/www.darwin4u.com\/de\/produit\/soundwave-costume\/","title":{"rendered":"Soundwave Kost\u00fcm"},"content":{"rendered":"<p class=\"MsoNormal\">Mit einem einzigartigen Musterdesign f\u00fcr 2023\/24. Die Muster sind eine Visualisierung von Schallwellen, die durch die Schwingungen verschiedener Frequenzen entstehen, auch bekannt als \u2018Kymatik\u2019. Das HUUB Kost\u00fcm ist ein absolutes Muss f\u00fcr das Training. Es hat ein auff\u00e4lliges Design und ist aus einem leistungsstarken, chlorbest\u00e4ndigen Stoff gefertigt.<\/p>\n<ul style=\"margin-top: 0cm;\" type=\"disc\">\n<li class=\"MsoNormal\" style=\"mso-list: l0 level1 lfo1; tab-stops: list 36.0pt;\">Leistungsstarkes, chlorbest\u00e4ndiges Gewebe.<\/li>\n<li class=\"MsoNormal\" style=\"mso-list: l0 level1 lfo1; tab-stops: list 36.0pt;\">Einzigartige Musterdesigns.<\/li>\n<li class=\"MsoNormal\" style=\"mso-list: l0 level1 lfo1; tab-stops: list 36.0pt;\">Spaghetti-Tr\u00e4ger.<\/li>\n<li class=\"MsoNormal\" style=\"mso-list: l0 level1 lfo1; tab-stops: list 36.0pt;\">Vollst\u00e4ndig gef\u00fcttert.<\/li>\n<li class=\"MsoNormal\" style=\"mso-list: l0 level1 lfo1; tab-stops: list 36.0pt;\">Letzte Anpassung.<\/li>\n<\/ul>\n<p><!----><\/p>","protected":false},"excerpt":{"rendered":"<p>Featuring a unique pattern design for 2023\/24.\u00a0The patterns are visualisation of sound waves created through the vibrations of different frequency also known as \u2018cymatics\u2019.\u00a0The HUUB Costume is a go to for training, featuring an eye-catching design and made from a high performance, chlorine resistant fabric. Performance, chlorine resistant fabric. Unique pattern designs. Spaghetti straps. Fully [&hellip;]<\/p>\n","protected":false},"featured_media":11858,"comment_status":"open","ping_status":"closed","template":"","meta":[],"product_brand":[],"product_cat":[659],"product_tag":[184],"class_list":{"0":"post-3574","1":"product","2":"type-product","3":"status-publish","4":"has-post-thumbnail","6":"product_cat-womens","7":"product_tag-womens-swimwear","8":"has-post-title","9":"has-post-date","10":"has-post-category","11":"has-post-tag","12":"has-post-comment","13":"has-post-author","14":"","16":"first","17":"instock","18":"taxable","19":"shipping-taxable","20":"purchasable","21":"product-type-variable"},"jetpack_sharing_enabled":true,"builder_content":"","_links":{"self":[{"href":"https:\/\/www.darwin4u.com\/de\/wp-json\/wp\/v2\/product\/3574","targetHints":{"allow":["GET"]}}],"collection":[{"href":"https:\/\/www.darwin4u.com\/de\/wp-json\/wp\/v2\/product"}],"about":[{"href":"https:\/\/www.darwin4u.com\/de\/wp-json\/wp\/v2\/types\/product"}],"replies":[{"embeddable":true,"href":"https:\/\/www.darwin4u.com\/de\/wp-json\/wp\/v2\/comments?post=3574"}],"wp:featuredmedia":[{"embeddable":true,"href":"https:\/\/www.darwin4u.com\/de\/wp-json\/wp\/v2\/media\/11858"}],"wp:attachment":[{"href":"https:\/\/www.darwin4u.com\/de\/wp-json\/wp\/v2\/media?parent=3574"}],"wp:term":[{"taxonomy":"product_brand","embeddable":true,"href":"https:\/\/www.darwin4u.com\/de\/wp-json\/wp\/v2\/product_brand?post=3574"},{"taxonomy":"product_cat","embeddable":true,"href":"https:\/\/www.darwin4u.com\/de\/wp-json\/wp\/v2\/product_cat?post=3574"},{"taxonomy":"product_tag","embeddable":true,"href":"https:\/\/www.darwin4u.com\/de\/wp-json\/wp\/v2\/product_tag?post=3574"}],"curies":[{"name":"wp","href":"https:\/\/api.w.org\/{rel}","templated":true}]}}