{"id":3595,"date":"2024-09-05T16:09:40","date_gmt":"2024-09-05T15:09:40","guid":{"rendered":"https:\/\/www.darwin4u.com\/produit\/lurz-swim-goggle-sage-clear-gold-mirror\/"},"modified":"2026-03-24T21:23:18","modified_gmt":"2026-03-24T21:23:18","slug":"lurz-swim-goggle-sage-clear-gold-mirror","status":"publish","type":"product","link":"https:\/\/www.darwin4u.com\/de\/produit\/lurz-swim-goggle-sage-clear-gold-mirror\/","title":{"rendered":"Lurz Schwimmbrille Salbei - Klarer Goldspiegel"},"content":{"rendered":"<p>Eine schlanke, raffinierte Rennbrille mit verspiegelten Gl\u00e4sern, die den Luftwiderstand reduziert und eine hervorragende periphere Sicht bietet.<span class=\"Apple-converted-space\">\u00a0<\/span><\/p>\n<p>In Zusammenarbeit mit dem gr\u00f6\u00dften m\u00e4nnlichen Freiwasserschwimmer aller Zeiten, Thomas Lurz, entstand die Rennmaschine, die einen gro\u00dfen Schwimmer ausmacht.<\/p>\n<ul>\n<li>\n<span><\/span>Einzigartige Scheibenkonstruktion f\u00fcr verbesserte periphere Sicht.<\/li>\n<li>\n<span><\/span>Hightech-Rahmen und -Gurt aus weichem Silikon.<\/li>\n<li>\n<span><\/span>Anti-Beschlag, hydrodynamisch kratzfest beschichtete Polycarbonat-Gl\u00e4ser. .<\/li>\n<li>\n<span><\/span>Verspiegelte Gl\u00e4ser reduzieren die Blendwirkung.<\/li>\n<\/ul>\n<p><span>Lesen Sie unseren Kaufratgeber f\u00fcr Schwimmbrillen\u00a0<\/span><a title=\"Ratgeber Schwimmbrille\" href=\"https:\/\/huubdesign.com\/pages\/goggle-guide\" data-mce-href=\"https:\/\/huubdesign.com\/pages\/goggle-guide\"><strong>hier<\/strong><\/a><span>.<\/span><\/p>\n<p><a href=\"https:\/\/huubdesign.com\/pages\/refund-policy\">Informationen zur Garantie<\/a><\/p>","protected":false},"excerpt":{"rendered":"<p>A slim, refined, race goggle delivering reduced drag and amazing peripheral vision, with a mirrored finished lens.\u00a0 Created in partnership with the greatest open water male swimmer ever, Thomas Lurz the racing machine that truly defines a great swimmer. Unique lens construction for enhanced peripheral vision. High-tech, soft silicon frame and strap. Anti-fog, hydro dynamic [&hellip;]<\/p>\n","protected":false},"featured_media":11867,"comment_status":"open","ping_status":"closed","template":"","meta":[],"product_brand":[],"product_cat":[61],"product_tag":[],"class_list":{"0":"post-3595","1":"product","2":"type-product","3":"status-publish","4":"has-post-thumbnail","6":"product_cat-goggles","7":"has-post-title","8":"has-post-date","9":"has-post-category","10":"has-post-tag","11":"has-post-comment","12":"has-post-author","13":"","15":"first","16":"instock","17":"taxable","18":"shipping-taxable","19":"purchasable","20":"product-type-simple"},"jetpack_sharing_enabled":true,"builder_content":"","_links":{"self":[{"href":"https:\/\/www.darwin4u.com\/de\/wp-json\/wp\/v2\/product\/3595","targetHints":{"allow":["GET"]}}],"collection":[{"href":"https:\/\/www.darwin4u.com\/de\/wp-json\/wp\/v2\/product"}],"about":[{"href":"https:\/\/www.darwin4u.com\/de\/wp-json\/wp\/v2\/types\/product"}],"replies":[{"embeddable":true,"href":"https:\/\/www.darwin4u.com\/de\/wp-json\/wp\/v2\/comments?post=3595"}],"wp:featuredmedia":[{"embeddable":true,"href":"https:\/\/www.darwin4u.com\/de\/wp-json\/wp\/v2\/media\/11867"}],"wp:attachment":[{"href":"https:\/\/www.darwin4u.com\/de\/wp-json\/wp\/v2\/media?parent=3595"}],"wp:term":[{"taxonomy":"product_brand","embeddable":true,"href":"https:\/\/www.darwin4u.com\/de\/wp-json\/wp\/v2\/product_brand?post=3595"},{"taxonomy":"product_cat","embeddable":true,"href":"https:\/\/www.darwin4u.com\/de\/wp-json\/wp\/v2\/product_cat?post=3595"},{"taxonomy":"product_tag","embeddable":true,"href":"https:\/\/www.darwin4u.com\/de\/wp-json\/wp\/v2\/product_tag?post=3595"}],"curies":[{"name":"wp","href":"https:\/\/api.w.org\/{rel}","templated":true}]}}