{"id":3598,"date":"2024-09-05T16:09:41","date_gmt":"2024-09-05T15:09:41","guid":{"rendered":"https:\/\/www.darwin4u.com\/produit\/vision-swim-goggle-navy-blue\/"},"modified":"2026-03-25T14:06:02","modified_gmt":"2026-03-25T14:06:02","slug":"vision-swim-goggle-navy-blue","status":"publish","type":"product","link":"https:\/\/www.darwin4u.com\/de\/produit\/vision-swim-goggle-navy-blue\/","title":{"rendered":"Vision Schwimmbrille - Marineblau"},"content":{"rendered":"<p>Vision beim Namen und Vision von Natur aus. Wir wollten die weichste, bequemste und vision\u00e4rste Schwimmbrille f\u00fcr eine Goggle. Geschaffen f\u00fcr diejenigen, die neu im Freiwasser sind oder den Komfort einer Rundumsicht suchen.\u00a0<\/p>\n<div>\n<p>Der weiche Silikonrahmen und die Dichtung sorgen f\u00fcr einen sicheren Sitz mit geringem Druck. Sie suchen die komfortabelste Schwimmbrille der Welt f\u00fcr das Freiwasser und den Pool? Das ist sie!<\/p>\n<ul>\n<li><span>UV-Schutz und PC-Glas<\/span><\/li>\n<li><span>Weicher Silikonrahmen, Riemen und Dichtung<\/span><\/li>\n<li><span>Einzigartiges Design mit nur einer Linse<\/span><\/li>\n<li><span>Verspiegelte Linse reduziert Blendung<\/span><\/li>\n<li><span>Komfortabler R\u00fcckenriemen f\u00fcr besseren Sitz<\/span><\/li>\n<\/ul>\n<p><span>Lesen Sie unseren Kaufratgeber f\u00fcr Schwimmbrillen\u00a0<a title=\"Ratgeber Schwimmbrille\" href=\"https:\/\/huubdesign.com\/pages\/goggle-guide\" data-mce-href=\"https:\/\/huubdesign.com\/pages\/goggle-guide\"><strong>hier<\/strong><\/a>.<\/span><\/p>\n<\/div>\n<p><a href=\"https:\/\/huubdesign.com\/pages\/refund-policy\">Informationen zur Garantie<\/a><\/p>","protected":false},"excerpt":{"rendered":"<p>Vision by name and vision by nature. We wanted the softest, most comfortable, and most vision for a goggle. Created with those new to open water or those seeking the comfort of all-round visibility in mind.\u00a0 Soft silicone frame and gasket deliver a low-pressure secure fit. Wanting the worlds most comfortable swim goggle for open [&hellip;]<\/p>\n","protected":false},"featured_media":11869,"comment_status":"open","ping_status":"closed","template":"","meta":[],"product_brand":[],"product_cat":[61],"product_tag":[],"class_list":{"0":"post-3598","1":"product","2":"type-product","3":"status-publish","4":"has-post-thumbnail","6":"product_cat-goggles","7":"has-post-title","8":"has-post-date","9":"has-post-category","10":"has-post-tag","11":"has-post-comment","12":"has-post-author","13":"","15":"first","16":"instock","17":"taxable","18":"shipping-taxable","19":"purchasable","20":"product-type-simple"},"jetpack_sharing_enabled":true,"builder_content":"","_links":{"self":[{"href":"https:\/\/www.darwin4u.com\/de\/wp-json\/wp\/v2\/product\/3598","targetHints":{"allow":["GET"]}}],"collection":[{"href":"https:\/\/www.darwin4u.com\/de\/wp-json\/wp\/v2\/product"}],"about":[{"href":"https:\/\/www.darwin4u.com\/de\/wp-json\/wp\/v2\/types\/product"}],"replies":[{"embeddable":true,"href":"https:\/\/www.darwin4u.com\/de\/wp-json\/wp\/v2\/comments?post=3598"}],"wp:featuredmedia":[{"embeddable":true,"href":"https:\/\/www.darwin4u.com\/de\/wp-json\/wp\/v2\/media\/11869"}],"wp:attachment":[{"href":"https:\/\/www.darwin4u.com\/de\/wp-json\/wp\/v2\/media?parent=3598"}],"wp:term":[{"taxonomy":"product_brand","embeddable":true,"href":"https:\/\/www.darwin4u.com\/de\/wp-json\/wp\/v2\/product_brand?post=3598"},{"taxonomy":"product_cat","embeddable":true,"href":"https:\/\/www.darwin4u.com\/de\/wp-json\/wp\/v2\/product_cat?post=3598"},{"taxonomy":"product_tag","embeddable":true,"href":"https:\/\/www.darwin4u.com\/de\/wp-json\/wp\/v2\/product_tag?post=3598"}],"curies":[{"name":"wp","href":"https:\/\/api.w.org\/{rel}","templated":true}]}}