{"id":3602,"date":"2024-09-05T15:09:42","date_gmt":"2024-09-05T15:09:42","guid":{"rendered":"https:\/\/www.darwin4u.com\/produit\/transition-rucksack-olive-orange\/"},"modified":"2026-03-24T09:37:34","modified_gmt":"2026-03-24T09:37:34","slug":"transition-rucksack-olive-orange","status":"publish","type":"product","link":"https:\/\/www.darwin4u.com\/de\/produit\/transition-rucksack-olive-orange\/","title":{"rendered":"\u00dcbergang \/\/ Rucksack - Olive\/Orange"},"content":{"rendered":"<p>\u00a0<\/p>\n<p>Die Lieblingstasche der Triathleten f\u00fcr den Wechsel hat ein neues Gesicht bekommen. In der riesigen 40-Liter-Tasche l\u00e4sst sich die gesamte Triathlonausr\u00fcstung verstauen - mit wasserdichtem Stauraum f\u00fcr HUUB-Neoprenanz\u00fcge, Stauf\u00e4chern f\u00fcr Schuhe und Helme und mehreren Taschen f\u00fcr all den anderen Kleinkram.<\/p>\n<ul>\n<li>Ein riesiges Volumen von 40 Litern zum Verstauen Ihrer gesamten Triathlonausr\u00fcstung.<\/li>\n<li>Wasserdichte Aufbewahrung f\u00fcr Neoprenanzug und Triathlonanzug (bis Gr\u00f6\u00dfe XL).<\/li>\n<li>Ablagef\u00e4cher f\u00fcr Schuhe und Helme.<\/li>\n<li>Mehrere Taschen zur Aufbewahrung von Werkzeug, Karten und anderen wichtigen Dingen.<\/li>\n<li>Gepolsterte Tr\u00e4ger f\u00fcr besseren Tragekomfort.<\/li>\n<li>Gro\u00dfer Eingang f\u00fcr eine einfache Unterbringung der Ausr\u00fcstung.<\/li>\n<li>Reflektierende Bes\u00e4tze f\u00fcr Fahrten bei Nacht und am Morgen.<\/li>\n<li>Innere Netztasche f\u00fcr Laptops und HUUB-Brillen.<\/li>\n<\/ul>\n<p>Die Ma\u00dfe des Transition \/\/ Rucksacks sind ca. 60cm hoch x 34cm breit x 20cm tief.<\/p>\n<p><!----><\/p>","protected":false},"excerpt":{"rendered":"<p>\u00a0 The triathletes favourite transition bag has had a revamp. The huge 40-litre volume bag stores all your triathlon kit &#8211; it features waterproof storage for HUUB wetsuits, storage compartments for shoes and helmets, and multiple pockets for all your other bits and bobs. A huge 40-litre volume to store all of your triathlon gear. [&hellip;]<\/p>\n","protected":false},"featured_media":11875,"comment_status":"open","ping_status":"closed","template":"","meta":[],"product_brand":[],"product_cat":[654],"product_tag":[],"class_list":{"0":"post-3602","1":"product","2":"type-product","3":"status-publish","4":"has-post-thumbnail","6":"product_cat-bags","7":"has-post-title","8":"has-post-date","9":"has-post-category","10":"has-post-tag","11":"has-post-comment","12":"has-post-author","13":"","15":"first","16":"instock","17":"taxable","18":"shipping-taxable","19":"purchasable","20":"product-type-simple"},"jetpack_sharing_enabled":true,"builder_content":"","_links":{"self":[{"href":"https:\/\/www.darwin4u.com\/de\/wp-json\/wp\/v2\/product\/3602","targetHints":{"allow":["GET"]}}],"collection":[{"href":"https:\/\/www.darwin4u.com\/de\/wp-json\/wp\/v2\/product"}],"about":[{"href":"https:\/\/www.darwin4u.com\/de\/wp-json\/wp\/v2\/types\/product"}],"replies":[{"embeddable":true,"href":"https:\/\/www.darwin4u.com\/de\/wp-json\/wp\/v2\/comments?post=3602"}],"wp:featuredmedia":[{"embeddable":true,"href":"https:\/\/www.darwin4u.com\/de\/wp-json\/wp\/v2\/media\/11875"}],"wp:attachment":[{"href":"https:\/\/www.darwin4u.com\/de\/wp-json\/wp\/v2\/media?parent=3602"}],"wp:term":[{"taxonomy":"product_brand","embeddable":true,"href":"https:\/\/www.darwin4u.com\/de\/wp-json\/wp\/v2\/product_brand?post=3602"},{"taxonomy":"product_cat","embeddable":true,"href":"https:\/\/www.darwin4u.com\/de\/wp-json\/wp\/v2\/product_cat?post=3602"},{"taxonomy":"product_tag","embeddable":true,"href":"https:\/\/www.darwin4u.com\/de\/wp-json\/wp\/v2\/product_tag?post=3602"}],"curies":[{"name":"wp","href":"https:\/\/api.w.org\/{rel}","templated":true}]}}