{"id":3605,"date":"2024-09-05T15:09:43","date_gmt":"2024-09-05T15:09:43","guid":{"rendered":"https:\/\/www.darwin4u.com\/produit\/running-baseball-cap-steel-blue\/"},"modified":"2026-04-01T20:54:32","modified_gmt":"2026-04-01T18:54:32","slug":"running-baseball-cap-steel-blue","status":"publish","type":"product","link":"https:\/\/www.darwin4u.com\/de\/produit\/running-baseball-cap-steel-blue\/","title":{"rendered":"Laufende Baseballm\u00fctze - Stahlblau"},"content":{"rendered":"<p>Ein Trucker-Design mit einem Unterschied; leichtes Material und Mesh sorgen daf\u00fcr, dass diese stilvolle Kappe wie eine Rennm\u00fctze funktioniert. Perfekt f\u00fcr vor, nach und am Renntag.<\/p>\n<p>\u00a0<\/p>\n<p><a href=\"https:\/\/huubdesign.com\/pages\/refund-policy\">Informationen zur Garantie<\/a><\/p>\n<p><!----><\/p>","protected":false},"excerpt":{"rendered":"<p>A trucker design with a difference; lightweight fabric and mesh ensures this stylish cap performs like a racing cap. Perfect for pre, post and race day. \u00a0 Warranty Information<\/p>","protected":false},"featured_media":11879,"comment_status":"open","ping_status":"closed","template":"","meta":[],"product_brand":[],"product_cat":[653],"product_tag":[],"class_list":{"0":"post-3605","1":"product","2":"type-product","3":"status-publish","4":"has-post-thumbnail","6":"product_cat-headwear","7":"has-post-title","8":"has-post-date","9":"has-post-category","10":"has-post-tag","11":"has-post-comment","12":"has-post-author","13":"","15":"first","16":"instock","17":"taxable","18":"shipping-taxable","19":"purchasable","20":"product-type-simple"},"jetpack_sharing_enabled":true,"builder_content":"","_links":{"self":[{"href":"https:\/\/www.darwin4u.com\/de\/wp-json\/wp\/v2\/product\/3605","targetHints":{"allow":["GET"]}}],"collection":[{"href":"https:\/\/www.darwin4u.com\/de\/wp-json\/wp\/v2\/product"}],"about":[{"href":"https:\/\/www.darwin4u.com\/de\/wp-json\/wp\/v2\/types\/product"}],"replies":[{"embeddable":true,"href":"https:\/\/www.darwin4u.com\/de\/wp-json\/wp\/v2\/comments?post=3605"}],"wp:featuredmedia":[{"embeddable":true,"href":"https:\/\/www.darwin4u.com\/de\/wp-json\/wp\/v2\/media\/11879"}],"wp:attachment":[{"href":"https:\/\/www.darwin4u.com\/de\/wp-json\/wp\/v2\/media?parent=3605"}],"wp:term":[{"taxonomy":"product_brand","embeddable":true,"href":"https:\/\/www.darwin4u.com\/de\/wp-json\/wp\/v2\/product_brand?post=3605"},{"taxonomy":"product_cat","embeddable":true,"href":"https:\/\/www.darwin4u.com\/de\/wp-json\/wp\/v2\/product_cat?post=3605"},{"taxonomy":"product_tag","embeddable":true,"href":"https:\/\/www.darwin4u.com\/de\/wp-json\/wp\/v2\/product_tag?post=3605"}],"curies":[{"name":"wp","href":"https:\/\/api.w.org\/{rel}","templated":true}]}}