{"id":3608,"date":"2024-09-05T15:09:45","date_gmt":"2024-09-05T15:09:45","guid":{"rendered":"https:\/\/www.darwin4u.com\/produit\/silicone-swim-cap-copper\/"},"modified":"2024-09-09T08:38:06","modified_gmt":"2024-09-09T08:38:06","slug":"silicone-swim-cap-copper","status":"publish","type":"product","link":"https:\/\/www.darwin4u.com\/de\/produit\/silicone-swim-cap-copper\/","title":{"rendered":"Silikon-Schwimmkappe - Kupfer"},"content":{"rendered":"<p>Die HUUB Silikon-Badekappe ist in verschiedenen Farben erh\u00e4ltlich.<\/p>\n<p>Mit seiner hochelastischen, flach geformten Form sch\u00fctzt er Ihr Haar vor den Folgen von Chlorsch\u00e4den. Das weiche Silikon ist leicht und hypoallergen, l\u00e4sst den Kopf atmen und macht auch die h\u00e4rtesten Schwimmtrainingseinheiten leichter.<\/p>\n<ul>\n<li>Flach geformtes Silikon 100%<\/li>\n<li>Leichtgewicht<\/li>\n<li>Ausgezeichnete Haltbarkeit<\/li>\n<li>Faltenfreie Passform f\u00fcr geringes Widerstandsprofil<\/li>\n<li>Hohe Elastizit\u00e4t f\u00fcr eine bequeme Passform<\/li>\n<li>Weicher Stoff f\u00fcr schnelles Entfernen und kein Verheddern<\/li>\n<li>Gutes Preis-Leistungs-Verh\u00e4ltnis<\/li>\n<\/ul>\n<p><!----><\/p>","protected":false},"excerpt":{"rendered":"<p>The HUUB Silicone Swim Cap is available in several colours. Designed to help protect your hair from the rigours of chlorine damage with its high stretch flat moulded shape. Lightweight and hypo-allergenic, the soft silicone allows the head to breathe and will lighten up the most dedicated of swim training sessions. Flat moulded 100% silicone [&hellip;]<\/p>\n","protected":false},"featured_media":11881,"comment_status":"open","ping_status":"closed","template":"","meta":[],"product_brand":[],"product_cat":[522,651],"product_tag":[],"class_list":{"0":"post-3608","1":"product","2":"type-product","3":"status-publish","4":"has-post-thumbnail","6":"product_cat-swim","7":"product_cat-swim-cap","8":"has-post-title","9":"has-post-date","10":"has-post-category","11":"has-post-tag","12":"has-post-comment","13":"has-post-author","14":"","16":"first","17":"outofstock","18":"taxable","19":"shipping-taxable","20":"purchasable","21":"product-type-simple"},"jetpack_sharing_enabled":true,"builder_content":"","_links":{"self":[{"href":"https:\/\/www.darwin4u.com\/de\/wp-json\/wp\/v2\/product\/3608","targetHints":{"allow":["GET"]}}],"collection":[{"href":"https:\/\/www.darwin4u.com\/de\/wp-json\/wp\/v2\/product"}],"about":[{"href":"https:\/\/www.darwin4u.com\/de\/wp-json\/wp\/v2\/types\/product"}],"replies":[{"embeddable":true,"href":"https:\/\/www.darwin4u.com\/de\/wp-json\/wp\/v2\/comments?post=3608"}],"wp:featuredmedia":[{"embeddable":true,"href":"https:\/\/www.darwin4u.com\/de\/wp-json\/wp\/v2\/media\/11881"}],"wp:attachment":[{"href":"https:\/\/www.darwin4u.com\/de\/wp-json\/wp\/v2\/media?parent=3608"}],"wp:term":[{"taxonomy":"product_brand","embeddable":true,"href":"https:\/\/www.darwin4u.com\/de\/wp-json\/wp\/v2\/product_brand?post=3608"},{"taxonomy":"product_cat","embeddable":true,"href":"https:\/\/www.darwin4u.com\/de\/wp-json\/wp\/v2\/product_cat?post=3608"},{"taxonomy":"product_tag","embeddable":true,"href":"https:\/\/www.darwin4u.com\/de\/wp-json\/wp\/v2\/product_tag?post=3608"}],"curies":[{"name":"wp","href":"https:\/\/api.w.org\/{rel}","templated":true}]}}