{"id":3610,"date":"2024-09-05T15:09:45","date_gmt":"2024-09-05T15:09:45","guid":{"rendered":"https:\/\/www.darwin4u.com\/produit\/her-spirit-swim-cap-patchwork\/"},"modified":"2026-03-24T09:37:44","modified_gmt":"2026-03-24T09:37:44","slug":"her-spirit-swim-cap-patchwork","status":"publish","type":"product","link":"https:\/\/www.darwin4u.com\/de\/produit\/her-spirit-swim-cap-patchwork\/","title":{"rendered":"Her Spirit Badekappe - Patchwork"},"content":{"rendered":"<p>Her Spirit ist eine Gemeinschaft, die es sich zur Aufgabe gemacht hat, Frauen aller Art dabei zu unterst\u00fctzen, k\u00f6rperlich und geistig fitter, st\u00e4rker und ges\u00fcnder zu werden.<\/p>\n<p>Wir bei HUUB und Her Spirit k\u00f6nnten nicht stolzer auf unsere neuen Produkte sein, die in Zusammenarbeit mit den besten Herstellern und Designern entwickelt wurden, um sicherzustellen, dass Sie sich sowohl beim Training als auch bei Wettk\u00e4mpfen wohl und sicher f\u00fchlen.<\/p>\n<p>Mit seiner hochelastischen, flach geformten Form sch\u00fctzt er Ihr Haar vor den Folgen von Chlorsch\u00e4den. Das weiche Silikon ist leicht und hypoallergen, l\u00e4sst den Kopf atmen und macht auch die h\u00e4rtesten Schwimmtrainingseinheiten leichter.<\/p>\n<p>- Flach geformtes Silikon 100%<\/p>\n<p>- Leichtes Gewicht<\/p>\n<p>- Ausgezeichnete Haltbarkeit<\/p>\n<p>- Faltenfreie Passform f\u00fcr geringes Widerstandsprofil<\/p>\n<p>- Hohe Elastizit\u00e4t f\u00fcr eine bequeme Passform<\/p>\n<p>- Weicher Stoff f\u00fcr schnelles Entfernen und kein Verheddern<\/p>\n<p>- Gutes Preis-Leistungs-Verh\u00e4ltnis<\/p>\n<p><!----><\/p>","protected":false},"excerpt":{"rendered":"<p>As a community, Her Spirit are on a mission to support women of all abilities to get fitter, stronger and healthier in body and mind. At HUUB and Her Spirit, we couldn&#8217;t be prouder of our new additions to the range, developed with the best input, factories and designers to ensure you feel comfortable and [&hellip;]<\/p>\n","protected":false},"featured_media":11883,"comment_status":"open","ping_status":"closed","template":"","meta":[],"product_brand":[],"product_cat":[522,651],"product_tag":[],"class_list":{"0":"post-3610","1":"product","2":"type-product","3":"status-publish","4":"has-post-thumbnail","6":"product_cat-swim","7":"product_cat-swim-cap","8":"has-post-title","9":"has-post-date","10":"has-post-category","11":"has-post-tag","12":"has-post-comment","13":"has-post-author","14":"","16":"first","17":"instock","18":"taxable","19":"shipping-taxable","20":"product-type-simple"},"jetpack_sharing_enabled":true,"builder_content":"","_links":{"self":[{"href":"https:\/\/www.darwin4u.com\/de\/wp-json\/wp\/v2\/product\/3610","targetHints":{"allow":["GET"]}}],"collection":[{"href":"https:\/\/www.darwin4u.com\/de\/wp-json\/wp\/v2\/product"}],"about":[{"href":"https:\/\/www.darwin4u.com\/de\/wp-json\/wp\/v2\/types\/product"}],"replies":[{"embeddable":true,"href":"https:\/\/www.darwin4u.com\/de\/wp-json\/wp\/v2\/comments?post=3610"}],"wp:featuredmedia":[{"embeddable":true,"href":"https:\/\/www.darwin4u.com\/de\/wp-json\/wp\/v2\/media\/11883"}],"wp:attachment":[{"href":"https:\/\/www.darwin4u.com\/de\/wp-json\/wp\/v2\/media?parent=3610"}],"wp:term":[{"taxonomy":"product_brand","embeddable":true,"href":"https:\/\/www.darwin4u.com\/de\/wp-json\/wp\/v2\/product_brand?post=3610"},{"taxonomy":"product_cat","embeddable":true,"href":"https:\/\/www.darwin4u.com\/de\/wp-json\/wp\/v2\/product_cat?post=3610"},{"taxonomy":"product_tag","embeddable":true,"href":"https:\/\/www.darwin4u.com\/de\/wp-json\/wp\/v2\/product_tag?post=3610"}],"curies":[{"name":"wp","href":"https:\/\/api.w.org\/{rel}","templated":true}]}}