{"id":3611,"date":"2024-09-05T15:09:46","date_gmt":"2024-09-05T15:09:46","guid":{"rendered":"https:\/\/www.darwin4u.com\/produit\/silicone-strike-swim-cap\/"},"modified":"2024-09-09T08:38:06","modified_gmt":"2024-09-09T08:38:06","slug":"silicone-strike-swim-cap","status":"publish","type":"product","link":"https:\/\/www.darwin4u.com\/de\/produit\/silicone-strike-swim-cap\/","title":{"rendered":"Silikon-Schwimmkappe"},"content":{"rendered":"<p class=\"MsoNormal\" style=\"line-height: 115%;\">Die Strike Series HUUB Silikon-Schwimmkappe ist in drei Farbvarianten erh\u00e4ltlich. Farben, die von der Unterwasserwelt in den Tiefen unserer Ozeane inspiriert sind.<\/p>\n<ul style=\"margin-top: 0cm;\" type=\"disc\">\n<li class=\"MsoNormal\" style=\"line-height: 115%; mso-list: l0 level1 lfo1; tab-stops: list 36.0pt;\">Flach geformtes Silikon 100%<\/li>\n<li class=\"MsoNormal\" style=\"line-height: 115%; mso-list: l0 level1 lfo1; tab-stops: list 36.0pt;\">Leichtgewicht<\/li>\n<li class=\"MsoNormal\" style=\"line-height: 115%; mso-list: l0 level1 lfo1; tab-stops: list 36.0pt;\">Ausgezeichnete Haltbarkeit<\/li>\n<li class=\"MsoNormal\" style=\"line-height: 115%; mso-list: l0 level1 lfo1; tab-stops: list 36.0pt;\">Faltenfreie Passform f\u00fcr geringes Widerstandsprofil<\/li>\n<li class=\"MsoNormal\" style=\"line-height: 115%; mso-list: l0 level1 lfo1; tab-stops: list 36.0pt;\">Hohe Elastizit\u00e4t f\u00fcr eine bequeme Passform<\/li>\n<li class=\"MsoNormal\" style=\"line-height: 115%; mso-list: l0 level1 lfo1; tab-stops: list 36.0pt;\">Weicher Stoff f\u00fcr schnelles Entfernen und kein Verheddern<\/li>\n<li class=\"MsoNormal\" style=\"line-height: 115%; mso-list: l0 level1 lfo1; tab-stops: list 36.0pt;\">Gutes Preis-Leistungs-Verh\u00e4ltnis<\/li>\n<\/ul>\n<p class=\"MsoNormal\" style=\"line-height: 115%;\">Mit seiner hochelastischen, flach geformten Form sch\u00fctzt er Ihr Haar vor den Folgen von Chlorsch\u00e4den. Das weiche Silikon ist leicht und hypoallergen, l\u00e4sst den Kopf atmen und macht auch die h\u00e4rtesten Schwimmtrainingseinheiten leichter.<\/p>\n<p><!----><\/p>","protected":false},"excerpt":{"rendered":"<p>The Strike Series HUUB Silicone Swim Cap is available in three colourways. Colours inspired by marine life in the depths of our oceans. Flat moulded 100% silicone Lightweight Excellent durability No wrinkle fit for low drag profile High elasticity for a comfortable fit Soft fabric for quick removal and no snagging Great value for money [&hellip;]<\/p>\n","protected":false},"featured_media":11885,"comment_status":"open","ping_status":"closed","template":"","meta":[],"product_brand":[],"product_cat":[522,651],"product_tag":[],"class_list":{"0":"post-3611","1":"product","2":"type-product","3":"status-publish","4":"has-post-thumbnail","6":"product_cat-swim","7":"product_cat-swim-cap","8":"has-post-title","9":"has-post-date","10":"has-post-category","11":"has-post-tag","12":"has-post-comment","13":"has-post-author","14":"","16":"first","17":"instock","18":"taxable","19":"shipping-taxable","20":"purchasable","21":"product-type-variable"},"jetpack_sharing_enabled":true,"builder_content":"","_links":{"self":[{"href":"https:\/\/www.darwin4u.com\/de\/wp-json\/wp\/v2\/product\/3611","targetHints":{"allow":["GET"]}}],"collection":[{"href":"https:\/\/www.darwin4u.com\/de\/wp-json\/wp\/v2\/product"}],"about":[{"href":"https:\/\/www.darwin4u.com\/de\/wp-json\/wp\/v2\/types\/product"}],"replies":[{"embeddable":true,"href":"https:\/\/www.darwin4u.com\/de\/wp-json\/wp\/v2\/comments?post=3611"}],"wp:featuredmedia":[{"embeddable":true,"href":"https:\/\/www.darwin4u.com\/de\/wp-json\/wp\/v2\/media\/11885"}],"wp:attachment":[{"href":"https:\/\/www.darwin4u.com\/de\/wp-json\/wp\/v2\/media?parent=3611"}],"wp:term":[{"taxonomy":"product_brand","embeddable":true,"href":"https:\/\/www.darwin4u.com\/de\/wp-json\/wp\/v2\/product_brand?post=3611"},{"taxonomy":"product_cat","embeddable":true,"href":"https:\/\/www.darwin4u.com\/de\/wp-json\/wp\/v2\/product_cat?post=3611"},{"taxonomy":"product_tag","embeddable":true,"href":"https:\/\/www.darwin4u.com\/de\/wp-json\/wp\/v2\/product_tag?post=3611"}],"curies":[{"name":"wp","href":"https:\/\/api.w.org\/{rel}","templated":true}]}}