{"id":3617,"date":"2024-09-05T15:09:47","date_gmt":"2024-09-05T15:09:47","guid":{"rendered":"https:\/\/www.darwin4u.com\/produit\/pinnacle-wetsuit-nb-womens\/"},"modified":"2026-01-18T20:11:03","modified_gmt":"2026-01-18T20:11:03","slug":"pinnacle-wetsuit-nb-womens","status":"publish","type":"product","link":"https:\/\/www.darwin4u.com\/de\/produit\/pinnacle-wetsuit-nb-womens\/","title":{"rendered":"Pinnacle Neoprenanzug NB - Women's"},"content":{"rendered":"<p><strong data-mce-fragment=\"1\">Mit abbrechbarem Rei\u00dfverschlu\u00df<\/strong><\/p>\n<p>Pinnacle ist ein starkes Wort, das das Ultimative, das Beste und ein Niveau bezeichnet, das nicht \u00fcbertroffen werden kann. Dies an einem Neoprenanzug festzumachen, ist gewagt, aber dieser Anzug stellt ein Gleichgewicht der Bed\u00fcrfnisse vieler Athleten dar und bietet eine Allround-L\u00f6sung f\u00fcr die Herausforderungen des modernen Triathleten beim \u2018schneller schwimmen\u2019.<\/p>\n<p>Wir haben hier bei HUUB ein Sprichwort: \u201cWenn du immer tust, was du getan hast, dann wirst du immer bekommen, was du bekommen hast!\u201d<\/p>\n<p>Das Sprichwort fordert uns heraus, nach Verbesserungen zu suchen und von denen zu profitieren, die mit Triathlon und Freiwasserschwimmen zu tun haben: den Wissenschaftlern, den Elitesportlern, den Altersklassenschwimmern und den Enthusiasten. Wir werden nie behaupten, dass wir alles wissen, aber wir k\u00f6nnen sagen, dass wir st\u00e4ndig danach streben, mehr zu lernen und unsere Ausr\u00fcstung und unseren Sport weiterzuentwickeln. Aus diesem Grund haben wir uns mit einem der ganz Gro\u00dfen des Sports, Andy Potts, beraten, der f\u00fcr seine Schwimmk\u00fcnste bekannt ist. Nur weil Andy einer der gr\u00f6\u00dften Schwimmer des Sports ist, war es keine Garantie daf\u00fcr, dass er in der Lage sein w\u00fcrde, die Entwicklung unserer Produkte zu beeinflussen. Aber in diesem Fall hat er es gl\u00fccklicherweise getan! Die Leidenschaft und das Wissen unseres Gr\u00fcnders und Eigent\u00fcmers, kombiniert mit Andys Erbe und seiner Liebe zum Detail, haben zu einem Neoprenanzug gef\u00fchrt, der viele Geheimnisse birgt und Ihnen das Schwimmen erm\u00f6glicht, nach dem Sie schon immer gesucht haben!<\/p>\n<p>Andy ist sowohl ein Trainer als auch ein gro\u00dfartiger Athlet. Seine F\u00e4higkeit, seine Athleten zu beobachten, zu beobachten und vor allem zuzuh\u00f6ren, hat dazu beigetragen, diesen unglaublichen neuen Neoprenanzug zu entwickeln. Dieser Anzug wurde mit dem Ziel entwickelt, die Schwimmeffizienz in den Mittelpunkt zu stellen und gleichzeitig zus\u00e4tzliche Kontrolle im Kernbereich zu bieten (ein Bereich, der von Triathleten beim Schwimmen normalerweise vernachl\u00e4ssigt wird). Dieser Anzug ist ein Paket von bedeutenden Verbesserungen, die zu dem f\u00fchren, was wirklich z\u00e4hlt.... SPEED!<\/p>\n<p>Der Pinnacle-Anzug ist ein Anzug, der den meisten Schwimmern Vorteile bietet. Und damit meinen wir Schwimmer, die unter eingesunkenen Beinen, Schlangenlinien und \u00dcberstreckungsproblemen leiden, sowie Schwimmer, deren Rumpfkraft nicht die beste ist. Es ist ein Anzug, der mehr Fehler korrigiert als jeder andere - sagen Sie es vielleicht nur nicht Ihrem Schwimmtrainer!<\/p>\n<h4>\n<strong>Flexibilit\u00e4t:<\/strong><\/h4>\n<p>Flexibilit\u00e4t ist entscheidend f\u00fcr einen gro\u00dfartigen Anzug. Das Rotational Freedom\u2122- und No Suit\u2122-Gef\u00fchl hebt uns von der traditionellen Neoprenanzug-Konstruktion ab. Wir konzentrieren uns auch auf die Futtermaterialien, ihre Kette und ihr Schuss, die Ausrichtung und die F\u00e4higkeit, schnell zu trocknen und die Feuchtigkeitsaufnahme auf ein Minimum zu beschr\u00e4nken.<\/p>\n<p>Wir recherchieren und analysieren jede Art von Neopren von den besten Anbietern der Welt, um die perfekte Kombination aus Stoff, Verbundstoff und Neopren zu gew\u00e4hrleisten. Diese Kombination bietet Flexibilit\u00e4t, wo es darauf ankommt, und Sicherheit in der Passform, um das Eindringen und die \u2018Neoprenbl\u00e4hung\u2019 zu reduzieren.<\/p>\n<p>Nach jahrelangen Experimenten ist der Pinnacle Neoprenanzug die ultimative Kombination aus Yamamoto Typ 39 und 40, die sich in den Schl\u00fcsselbereichen befinden, um die Schlagweite und die Effektivit\u00e4t zu maximieren, erg\u00e4nzt durch die Kombination unserer zum Patent angemeldeten Arms Neutral\u2122 Technologie zur Reduzierung der Schlagerm\u00fcdung.<\/p>\n<h4>\n<strong>Core Control\u2122 &amp; Stabilit\u00e4t:<\/strong><\/h4>\n<p>Stabilit\u00e4t ist eine der wichtigsten Voraussetzungen f\u00fcr eine gute Schwimmlage. Der Pinnacle-Neoprenanzug sorgt f\u00fcr Stabilit\u00e4t und tr\u00e4gt so dazu bei, Erm\u00fcdungserscheinungen aufgrund von Vibrationen zu verringern. Unsere Technologie und unser Design machen sich jeden Schwimmzug zunutze, um Ihnen zu helfen, sich vorw\u00e4rts zu bewegen und Energie von der Kernstabilisierung auf die Vorw\u00e4rtsbewegung zu \u00fcbertragen. All dies tr\u00e4gt zu einem effektiveren Fang bei, h\u00e4lt Sie in einer geraden und engen Schwimmlage und macht Sie letztendlich schneller, w\u00e4hrend Sie weniger Energie verbrauchen.<\/p>\n<h4>\n<strong>+43 Foam\u2122:<\/strong><\/h4>\n<p>Als wir vor vielen Jahren unser erstes Verbundmaterial, NBR, einf\u00fchrten, verlie\u00dfen wir Neopren f\u00fcr die wichtigsten Auftriebselemente. Acht Jahre sp\u00e4ter verwendet der Pinnacle Neoprenanzug ein Verbundmaterial, das um 43% schwimmf\u00e4higer ist als herk\u00f6mmliches Neopren, wodurch die Auftriebswerte eine neue Dimension erreichen (es bietet tats\u00e4chlich ein virtuelles Auftriebsprofil von 2:8). +43 Foam\u2122 ist exklusiv f\u00fcr HUUB und sorgt f\u00fcr h\u00f6here H\u00fcften und Oberschenkel f\u00fcr ein effizienteres und schnelleres Schwimmen.<\/p>\n<h4>\n<strong>Die h\u00f6chste Stufe:<\/strong><\/h4>\n<p>Wir arbeiten bei allen unseren Anz\u00fcgen zusammen, sei es mit Paul Newsome, Andy Potts, weiblichen Fokusgruppen, Behinderten und Para-Sportlern. So stellen wir sicher, dass unsere Neoprenanz\u00fcge f\u00fcr den Menschen und den Zweck konzipiert sind.<\/p>\n<h4>\n<strong>Wesentliche Merkmale:<\/strong><\/h4>\n<ul>\n<li>Ein exklusiver Entwurf in Zusammenarbeit mit Andy Potts<\/li>\n<li>Core Control\u2122-System<\/li>\n<li>+43 Foam\u2122 - HUUBs exklusiver Verbundwerkstoff f\u00fcr den Auftrieb<\/li>\n<li>HUUBs exklusives, klassenbestes Auftriebsprofil<\/li>\n<li>Arms Neutral\u2122 un\u00fcbertroffener Komfort und Flexibilit\u00e4t<\/li>\n<li>Breakaway Zipper\u2122 f\u00fcr den schnellsten Schwimmausstieg<\/li>\n<li>Hochwertiges Neopren<\/li>\n<\/ul>\n<h4><\/h4>\n<p>80% Neopren, 15% Polyamid, 3% metallisierte Fasern, 2% Baumwolle<\/p>\n<p><strong>TRIATHLETE MAGAZIN PRODUKTBERICHT<\/strong><\/p>\n<p><em>Der HUUB Pinnacle ist einer der interessantesten Anz\u00fcge, die unsere Tester je benutzt haben. Mit m\u00e4\u00dfiger Flexibilit\u00e4t und Auftrieb liegt die wahre St\u00e4rke dieses Premium-Anzugs im v\u00f6llig neuartigen Core-Retention-System, das horizontale Streifen im Bauchbereich und gro\u00dfe, unflexible Neoprenstreifen verwendet, die von oberhalb der H\u00fcfte bis unterhalb des Knies verlaufen. Das Ergebnis ist einer der am besten strukturierten Anz\u00fcge, die wir je getestet haben - speziell f\u00fcr diejenigen, die dazu neigen, ihren Oberk\u00f6rper und ihre Beine beim Schwimmen zu winden. Schon wenige Minuten nach dem Anlegen des Pinnacle stellten die Tester fest, dass sich ihre K\u00f6rperhaltung deutlich verbessert hatte und sie ohne zus\u00e4tzliche \u00dcbungen schneller schwimmen konnten. Wer keine Probleme mit seiner K\u00f6rperposition hat, ist mit einem flexibleren oder schwimmf\u00e4higeren Anzug zu diesem Preis vielleicht besser bedient, aber wenn Sie Probleme damit haben, Ihre Mittellinie straff zu halten, gibt es nichts Besseres, und selbst der $850 ist gut angelegtes Geld.<\/em><\/p>\n<h3><em>Der beste Neoprenanzug f\u00fcr Triathlon:<\/em><\/h3>\n<p><em>Schwimmer, die sich im Wasser von Seite zu Seite schl\u00e4ngeln.<\/em><\/p>\n<p>Wie sollte ein gut passender Neoprenanzug aussehen?<\/p>\n<p>W\u00e4hlen Sie unten eine Gr\u00f6\u00dfe aus, um zu sehen, wie sie aussehen sollte:<\/p>\n<div>Herren Gr\u00f6\u00dfe:\u00a0 \u00a0\u00a0<strong><a href=\"https:\/\/cdn.shopify.com\/s\/files\/1\/0233\/5881\/files\/MENS_S.mp4?16185\" target=\"_blank\" rel=\"noopener\">S<\/a>\u00a0<\/strong>\u00a0-\u00a0\u00a0\u00a0<a href=\"https:\/\/cdn.shopify.com\/s\/files\/1\/0233\/5881\/files\/MENS_SMT.mp4?16185\" target=\"_blank\" rel=\"noopener\"><strong>SMT<\/strong><\/a>\u00a0 -\u00a0\u00a0<a href=\"https:\/\/cdn.shopify.com\/s\/files\/1\/0233\/5881\/files\/MENS_M.mp4?16189\" target=\"_blank\" rel=\"noopener\"><strong>M<\/strong><\/a>\u00a0 -\u00a0\u00a0<a href=\"https:\/\/cdn.shopify.com\/s\/files\/1\/0233\/5881\/files\/MENS_MT.mp4?16189\" target=\"_blank\" rel=\"noopener\"><strong>MT<\/strong><\/a>\u00a0 -\u00a0\u00a0<a href=\"https:\/\/cdn.shopify.com\/s\/files\/1\/0233\/5881\/files\/MENS_ML.mp4?16189\" target=\"_blank\" rel=\"noopener\"><strong>ML<\/strong><\/a>\u00a0 -\u00a0\u00a0<a href=\"https:\/\/cdn.shopify.com\/s\/files\/1\/0233\/5881\/files\/MENS_XL.mp4?16189\" target=\"_blank\" rel=\"noopener\"><strong>XL<\/strong><\/a>\u00a0 -\u00a0<strong>\u00a0\u00a0<a href=\"https:\/\/cdn.shopify.com\/s\/files\/1\/0233\/5881\/files\/MENS_SS.mp4?16190\" target=\"_blank\" rel=\"noopener\">SS<\/a><\/strong><\/div>\n<div><\/div>\n<div>Gr\u00f6\u00dfe der Frauen:\u00a0 \u00a0<a href=\"https:\/\/cdn.shopify.com\/s\/files\/1\/0233\/5881\/files\/WOMENS_S_2.0.mp4?16189\" target=\"_blank\" rel=\"noopener\"><strong>S<\/strong><\/a>\u00a0 -\u00a0\u00a0<a href=\"https:\/\/cdn.shopify.com\/s\/files\/1\/0233\/5881\/files\/WOMENS_M.mp4?16189\" target=\"_blank\" rel=\"noopener\"><strong>M<\/strong><\/a>\u00a0 -\u00a0\u00a0<a href=\"https:\/\/cdn.shopify.com\/s\/files\/1\/0233\/5881\/files\/WOMENS_ML.mp4?16189\" target=\"_blank\" rel=\"noopener\"><strong>ML<\/strong><\/a>\u00a0\u00a0-\u00a0\u00a0<strong><a href=\"https:\/\/cdn.shopify.com\/s\/files\/1\/0233\/5881\/files\/WOMENS_SS_1.mp4?16190\" target=\"_blank\" rel=\"noopener\">SS<\/a><\/strong><\/div>\n<div><\/div>\n<div><\/div>\n<p><a href=\"https:\/\/huubdesign.com\/pages\/refund-policy\">Informationen zur Garantie<\/a><\/p>\n<div>\n<h4><\/h4>\n<p>&nbsp;<\/p>\n<\/div>","protected":false},"excerpt":{"rendered":"<p>With Breakaway Zipper Pinnacle is a strong word, denoting the ultimate, the best, and a level that cannot be bettered. Attaching this to a wetsuit is bold, but this suit represents a balance of the needs of many athletes and presents an all-round solution to the modern triathlete&#8217;s challenges in &#8216;swimming faster&#8217;. We have a [&hellip;]<\/p>\n","protected":false},"featured_media":11890,"comment_status":"open","ping_status":"closed","template":"","meta":[],"product_brand":[],"product_cat":[678],"product_tag":[87,164,91,92,83,93,145],"class_list":{"0":"post-3617","1":"product","2":"type-product","3":"status-publish","4":"has-post-thumbnail","6":"product_cat-wetsuits","7":"product_tag-genderwomens","8":"product_tag-newtosale","9":"product_tag-swim-all","10":"product_tag-triathlon-all","11":"product_tag-triathlon-womens","12":"product_tag-womens-swim","13":"product_tag-womens-wetsuit","14":"has-post-title","15":"has-post-date","16":"has-post-category","17":"has-post-tag","18":"has-post-comment","19":"has-post-author","20":"","22":"first","23":"instock","24":"taxable","25":"shipping-taxable","26":"purchasable","27":"product-type-variable"},"jetpack_sharing_enabled":true,"builder_content":"","_links":{"self":[{"href":"https:\/\/www.darwin4u.com\/de\/wp-json\/wp\/v2\/product\/3617","targetHints":{"allow":["GET"]}}],"collection":[{"href":"https:\/\/www.darwin4u.com\/de\/wp-json\/wp\/v2\/product"}],"about":[{"href":"https:\/\/www.darwin4u.com\/de\/wp-json\/wp\/v2\/types\/product"}],"replies":[{"embeddable":true,"href":"https:\/\/www.darwin4u.com\/de\/wp-json\/wp\/v2\/comments?post=3617"}],"wp:featuredmedia":[{"embeddable":true,"href":"https:\/\/www.darwin4u.com\/de\/wp-json\/wp\/v2\/media\/11890"}],"wp:attachment":[{"href":"https:\/\/www.darwin4u.com\/de\/wp-json\/wp\/v2\/media?parent=3617"}],"wp:term":[{"taxonomy":"product_brand","embeddable":true,"href":"https:\/\/www.darwin4u.com\/de\/wp-json\/wp\/v2\/product_brand?post=3617"},{"taxonomy":"product_cat","embeddable":true,"href":"https:\/\/www.darwin4u.com\/de\/wp-json\/wp\/v2\/product_cat?post=3617"},{"taxonomy":"product_tag","embeddable":true,"href":"https:\/\/www.darwin4u.com\/de\/wp-json\/wp\/v2\/product_tag?post=3617"}],"curies":[{"name":"wp","href":"https:\/\/api.w.org\/{rel}","templated":true}]}}