{"id":3630,"date":"2024-09-05T15:09:48","date_gmt":"2024-09-05T15:09:48","guid":{"rendered":"https:\/\/www.darwin4u.com\/produit\/tc-swimskin-mens\/"},"modified":"2024-09-09T08:38:15","modified_gmt":"2024-09-09T08:38:15","slug":"tc-swimskin-mens","status":"publish","type":"product","link":"https:\/\/www.darwin4u.com\/de\/produit\/tc-swimskin-mens\/","title":{"rendered":"TC Swimskin - Herren"},"content":{"rendered":"<p class=\"MsoNormal\">Der TC-Schwimmanzug basiert auf zwei Schl\u00fcsselprinzipien, die bereits in unserem Original-Schwimmanzug zu finden waren: hohe Kompression an den richtigen Stellen und speziell ausgew\u00e4hlte hydrophobe Stoffe. Unz\u00e4hlige erste Male im Wasser und von Weltmeistern in Elite- und Altersklassen sowie von Menschen, die einfach nur schneller schwimmen wollen, verwendet! Die Kompression des Anzugs verschiebt sich<span style=\"font-size: 10.5pt; line-height: 115%; font-family: 'Segoe UI',sans-serif; color: black; letter-spacing: .3pt; background: white;\"> <\/span>den Auftriebsmittelpunkt. Wenn du das tust, den Oberfl\u00e4chenwiderstand verringerst und den Querschnitt deines K\u00f6rpers verringerst, schwimmst du schneller. Der Anzug verf\u00fcgt au\u00dferdem \u00fcber einen Camlock-Rei\u00dfverschluss f\u00fcr schnelles Ausziehen.<\/p>\n<ul style=\"margin-top: 0cm;\" type=\"disc\">\n<li class=\"MsoNormal\" style=\"line-height: normal; mso-list: l0 level1 lfo1; tab-stops: list 36.0pt;\">Hohe Kompression zur Reduzierung der Stirnfl\u00e4che.<\/li>\n<li class=\"MsoNormal\" style=\"line-height: normal; mso-list: l0 level1 lfo1; tab-stops: list 36.0pt;\">Hydrophobe Gewebe mit geringem Oberfl\u00e4chenwiderstand.<\/li>\n<li class=\"MsoNormal\" style=\"line-height: normal; mso-list: l0 level1 lfo1; tab-stops: list 36.0pt;\">Leicht zu \u00f6ffnender Camlock-Rei\u00dfverschluss hinten.<\/li>\n<li class=\"MsoNormal\" style=\"line-height: normal; mso-list: l0 level1 lfo1; tab-stops: list 36.0pt;\">Geschwindigkeit zu einem guten Preis.<\/li>\n<\/ul>\n<p><!----><\/p>","protected":false},"excerpt":{"rendered":"<p>The TC swim skin inherits two key principles first seen in our original swim skin, high compression in the right areas and specifically chosen hydrophobic fabrics. Countless first out the waters and used by World champions across elites and age groups alongside those just wanting to swim, faster! Compression of the suit shifts the centre [&hellip;]<\/p>\n","protected":false},"featured_media":11903,"comment_status":"open","ping_status":"closed","template":"","meta":[],"product_brand":[],"product_cat":[678],"product_tag":[155],"class_list":{"0":"post-3630","1":"product","2":"type-product","3":"status-publish","4":"has-post-thumbnail","6":"product_cat-wetsuits","7":"product_tag-swimskin-mens","8":"has-post-title","9":"has-post-date","10":"has-post-category","11":"has-post-tag","12":"has-post-comment","13":"has-post-author","14":"","16":"first","17":"instock","18":"taxable","19":"shipping-taxable","20":"purchasable","21":"product-type-variable"},"jetpack_sharing_enabled":true,"builder_content":"","_links":{"self":[{"href":"https:\/\/www.darwin4u.com\/de\/wp-json\/wp\/v2\/product\/3630","targetHints":{"allow":["GET"]}}],"collection":[{"href":"https:\/\/www.darwin4u.com\/de\/wp-json\/wp\/v2\/product"}],"about":[{"href":"https:\/\/www.darwin4u.com\/de\/wp-json\/wp\/v2\/types\/product"}],"replies":[{"embeddable":true,"href":"https:\/\/www.darwin4u.com\/de\/wp-json\/wp\/v2\/comments?post=3630"}],"wp:featuredmedia":[{"embeddable":true,"href":"https:\/\/www.darwin4u.com\/de\/wp-json\/wp\/v2\/media\/11903"}],"wp:attachment":[{"href":"https:\/\/www.darwin4u.com\/de\/wp-json\/wp\/v2\/media?parent=3630"}],"wp:term":[{"taxonomy":"product_brand","embeddable":true,"href":"https:\/\/www.darwin4u.com\/de\/wp-json\/wp\/v2\/product_brand?post=3630"},{"taxonomy":"product_cat","embeddable":true,"href":"https:\/\/www.darwin4u.com\/de\/wp-json\/wp\/v2\/product_cat?post=3630"},{"taxonomy":"product_tag","embeddable":true,"href":"https:\/\/www.darwin4u.com\/de\/wp-json\/wp\/v2\/product_tag?post=3630"}],"curies":[{"name":"wp","href":"https:\/\/api.w.org\/{rel}","templated":true}]}}