{"id":3643,"date":"2024-09-05T15:09:50","date_gmt":"2024-09-05T15:09:50","guid":{"rendered":"https:\/\/www.darwin4u.com\/produit\/surface-wetsuit-fluo-pink-womens\/"},"modified":"2026-03-24T20:44:44","modified_gmt":"2026-03-24T20:44:44","slug":"surface-wetsuit-fluo-pink-womens","status":"publish","type":"product","link":"https:\/\/www.darwin4u.com\/de\/produit\/surface-wetsuit-fluo-pink-womens\/","title":{"rendered":"Oberfl\u00e4che Neoprenanzug Fluo Pink - Damen"},"content":{"rendered":"<p class=\"MsoNormal\">Der Surface Neoprenanzug wurde entwickelt, um eine fantastische Flexibilit\u00e4t zu bieten und gleichzeitig den n\u00f6tigen Auftrieb zu haben, um die bequemste Schwimmlage zu erm\u00f6glichen. Der Anzug verf\u00fcgt \u00fcber hochfluoreszierende Neoprenarme und -b\u00fcndchen, die f\u00fcr einen sicheren, bequemen Sitz sorgen, aber auch aus der Ferne sichtbar sind, so dass der Tr\u00e4ger sicher sein kann, dass er beim Schwimmen in tr\u00fcben oder schlechten Lichtverh\u00e4ltnissen gesehen wird.<\/p>\n<ul style=\"margin-top: 0cm\" type=\"disc\">\n<li class=\"MsoNormal\">3:3-Auftriebskombination - f\u00fcr ausgewogenen Auftrieb.<\/li>\n<li class=\"MsoNormal\">Wissenschaftlich erforschte Kombination von Neoprendicken.<\/li>\n<li class=\"MsoNormal\">1,5 mm Unterarmst\u00e4rke - f\u00fcr maximale Flexibilit\u00e4t.<\/li>\n<li class=\"MsoNormal\">Glide Skin Neopreneins\u00e4tze - f\u00fcr geringeren Oberfl\u00e4chenwiderstand.<\/li>\n<li class=\"MsoNormal\">Spezifische Platzierung der Platten - f\u00fcr Flexibilit\u00e4t und Effizienz.<\/li>\n<li class=\"MsoNormal\">Flatlock-Konstruktion.<\/li>\n<li class=\"MsoNormal\">Fluo-Nylon-B\u00fcndchen f\u00fcr Sichtbarkeit und sicheren Sitz<\/li>\n<\/ul>\n<p>&nbsp;<\/p>","protected":false},"excerpt":{"rendered":"<p>The Surface wetsuit has been designed to offer fantastic flexibility while having the buoyancy required to give the most comfortable swimming position. The suit features highly fluo nylon-facing neoprene arms and cuffs, which provide a secure comfortable fit, but provides visibility from afar, allowing the wearer to be full of confidence that they will be [&hellip;]<\/p>\n","protected":false},"featured_media":11907,"comment_status":"open","ping_status":"closed","template":"","meta":[],"product_brand":[],"product_cat":[678],"product_tag":[145],"class_list":{"0":"post-3643","1":"product","2":"type-product","3":"status-publish","4":"has-post-thumbnail","6":"product_cat-wetsuits","7":"product_tag-womens-wetsuit","8":"has-post-title","9":"has-post-date","10":"has-post-category","11":"has-post-tag","12":"has-post-comment","13":"has-post-author","14":"","16":"first","17":"instock","18":"taxable","19":"shipping-taxable","20":"purchasable","21":"product-type-variable"},"jetpack_sharing_enabled":true,"builder_content":"","_links":{"self":[{"href":"https:\/\/www.darwin4u.com\/de\/wp-json\/wp\/v2\/product\/3643","targetHints":{"allow":["GET"]}}],"collection":[{"href":"https:\/\/www.darwin4u.com\/de\/wp-json\/wp\/v2\/product"}],"about":[{"href":"https:\/\/www.darwin4u.com\/de\/wp-json\/wp\/v2\/types\/product"}],"replies":[{"embeddable":true,"href":"https:\/\/www.darwin4u.com\/de\/wp-json\/wp\/v2\/comments?post=3643"}],"wp:featuredmedia":[{"embeddable":true,"href":"https:\/\/www.darwin4u.com\/de\/wp-json\/wp\/v2\/media\/11907"}],"wp:attachment":[{"href":"https:\/\/www.darwin4u.com\/de\/wp-json\/wp\/v2\/media?parent=3643"}],"wp:term":[{"taxonomy":"product_brand","embeddable":true,"href":"https:\/\/www.darwin4u.com\/de\/wp-json\/wp\/v2\/product_brand?post=3643"},{"taxonomy":"product_cat","embeddable":true,"href":"https:\/\/www.darwin4u.com\/de\/wp-json\/wp\/v2\/product_cat?post=3643"},{"taxonomy":"product_tag","embeddable":true,"href":"https:\/\/www.darwin4u.com\/de\/wp-json\/wp\/v2\/product_tag?post=3643"}],"curies":[{"name":"wp","href":"https:\/\/api.w.org\/{rel}","templated":true}]}}