{"id":3682,"date":"2024-09-05T15:09:55","date_gmt":"2024-09-05T15:09:55","guid":{"rendered":"https:\/\/www.darwin4u.com\/produit\/huub-catch-up-pole\/"},"modified":"2026-03-24T09:30:36","modified_gmt":"2026-03-24T09:30:36","slug":"huub-catch-up-pole","status":"publish","type":"product","link":"https:\/\/www.darwin4u.com\/de\/produit\/huub-catch-up-pole\/","title":{"rendered":"HUUB Aufholjagd-Stange"},"content":{"rendered":"<div>\n<p class=\"MsoNormal\">Schwimmer und Triathleten sind wahrscheinlich alle mit der \u2018Aufhol\u00fcbung\u2019 vertraut.\u00a0<\/p>\n<\/div>\n<div>\n<p class=\"MsoNormal\">...., aber wissen Sie, warum Ihr Trainer Sie auffordert, eine Aufholjagd zu starten?<\/p>\n<\/div>\n<div>\n<p class=\"MsoNormal\">Was ist ihr Zweck?<\/p>\n<\/div>\n<div>\n<p class=\"MsoNormal\">Machen Sie es richtig?<\/p>\n<div>\n<p class=\"MsoNormal\">HUUB hat sich mit Dave Tonge zusammengetan, um ein brandneues, innovatives Schwimmger\u00e4t namens \u2018Catch Up Pole\u2019 zu entwickeln.\u00a0<\/p>\n<\/div>\n<div><\/div>\n<div>\n<p class=\"MsoNormal\">Der Catch Up Pole erm\u00f6glicht es dem Schwimmer, in einer Linie mit seinen Schultern ins Wasser zu gehen. Dadurch wird verhindert, dass er die Mittellinie \u00fcberquert und sich durch das Wasser schl\u00e4ngelt.\u00a0<\/p>\n<\/div>\n<div>\n<p class=\"MsoNormal\">Er verf\u00fcgt \u00fcber verstellbare Auftriebsscheiben, die auf die Schulterbreite des Schwimmers eingestellt werden k\u00f6nnen und dazu beitragen, dass der Schwimmer bei der Durchf\u00fchrung der \u00dcbung auf dem Wasser bleibt.\u00a0<\/p>\n<\/div>\n<div>\n<p class=\"MsoNormal\">Die Stange eignet sich hervorragend, um die Schlagdistanz zu erh\u00f6hen und verhindert, dass sich die Schwimmer durch das Wasser \u2018schl\u00e4ngeln\u2019. Er verringert die Schlagzahl pro 25 m und verlangsamt die Schlagfrequenz, um einen entspannten, kontrollierten Schlag zu erm\u00f6glichen. Er hilft den H\u00fcften und Schultern, sich gemeinsam zu drehen und einen perfekt getimten Freistil zu schaffen.<\/p>\n<\/div>\n<p class=\"MsoNormal\">\u00a0<\/p>\n<\/div>\n<p>\u00a0<\/p>\n<ul data-mce-fragment=\"1\"><\/ul>","protected":false},"excerpt":{"rendered":"<p>Swimmers &#038; Triathletes are probably all familiar with the \u2018catch up\u2019 drill.\u00a0 \u2026.but do you know why your coach is asking you to perform catch up? What is it purpose? Are you doing it correctly? HUUB have teamed up with Dave Tonge to create a brand new innovative swimming tool called The \u2018Catch Up Pole\u2019.\u00a0 [&hellip;]<\/p>\n","protected":false},"featured_media":11921,"comment_status":"open","ping_status":"closed","template":"","meta":[],"product_brand":[],"product_cat":[672,683,711],"product_tag":[89,91,93],"class_list":{"0":"post-3682","1":"product","2":"type-product","3":"status-publish","4":"has-post-thumbnail","6":"product_cat-accessories","7":"product_cat-accessories-swim","8":"product_cat-buoyancy-aids","9":"product_tag-mens-swim","10":"product_tag-swim-all","11":"product_tag-womens-swim","12":"has-post-title","13":"has-post-date","14":"has-post-category","15":"has-post-tag","16":"has-post-comment","17":"has-post-author","18":"","20":"first","21":"instock","22":"taxable","23":"shipping-taxable","24":"purchasable","25":"product-type-simple"},"jetpack_sharing_enabled":true,"builder_content":"","_links":{"self":[{"href":"https:\/\/www.darwin4u.com\/de\/wp-json\/wp\/v2\/product\/3682","targetHints":{"allow":["GET"]}}],"collection":[{"href":"https:\/\/www.darwin4u.com\/de\/wp-json\/wp\/v2\/product"}],"about":[{"href":"https:\/\/www.darwin4u.com\/de\/wp-json\/wp\/v2\/types\/product"}],"replies":[{"embeddable":true,"href":"https:\/\/www.darwin4u.com\/de\/wp-json\/wp\/v2\/comments?post=3682"}],"wp:featuredmedia":[{"embeddable":true,"href":"https:\/\/www.darwin4u.com\/de\/wp-json\/wp\/v2\/media\/11921"}],"wp:attachment":[{"href":"https:\/\/www.darwin4u.com\/de\/wp-json\/wp\/v2\/media?parent=3682"}],"wp:term":[{"taxonomy":"product_brand","embeddable":true,"href":"https:\/\/www.darwin4u.com\/de\/wp-json\/wp\/v2\/product_brand?post=3682"},{"taxonomy":"product_cat","embeddable":true,"href":"https:\/\/www.darwin4u.com\/de\/wp-json\/wp\/v2\/product_cat?post=3682"},{"taxonomy":"product_tag","embeddable":true,"href":"https:\/\/www.darwin4u.com\/de\/wp-json\/wp\/v2\/product_tag?post=3682"}],"curies":[{"name":"wp","href":"https:\/\/api.w.org\/{rel}","templated":true}]}}