{"id":3727,"date":"2024-09-05T16:10:01","date_gmt":"2024-09-05T15:10:01","guid":{"rendered":"https:\/\/www.darwin4u.com\/produit\/saddle-bag\/"},"modified":"2026-03-25T14:04:59","modified_gmt":"2026-03-25T14:04:59","slug":"saddle-bag","status":"publish","type":"product","link":"https:\/\/www.darwin4u.com\/de\/produit\/saddle-bag\/","title":{"rendered":"Satteltasche"},"content":{"rendered":"<p>\u00a0<\/p>\n<p>Erleben Sie den ultimativen Komfort beim Radfahren mit unserem <strong>Leichte, wasserdichte Satteltasche<\/strong>. Diese Satteltasche wurde f\u00fcr den anspruchsvollen Radfahrer entwickelt und vereint Haltbarkeit, Funktionalit\u00e4t und Benutzerfreundlichkeit in einem schlanken, kompakten Design.<\/p>\n<h4>Wesentliche Merkmale:<\/h4>\n<ul>\n<li>\n<strong>Leicht und langlebig:<\/strong> Diese aus hochwertigem Ripstop-Nylon gefertigte Satteltasche ist sowohl leicht als auch au\u00dfergew\u00f6hnlich strapazierf\u00e4hig und h\u00e4lt somit den Strapazen jeder Fahrt stand.<\/li>\n<li>\n<strong>Wasserdichter Schutz:<\/strong> Halten Sie Ihre wichtigsten Utensilien bei jedem Wetter trocken. Das wasserdichte Gewebe und die versiegelten N\u00e4hte bieten zuverl\u00e4ssigen Schutz vor Regen und Feuchtigkeit.<\/li>\n<li>\n<strong>Einfache Anbringung:<\/strong> Mit den hochwertigen Klettverschl\u00fcssen l\u00e4sst sich unsere Satteltasche sicher unter Ihrem Sattel oder an Ihrer Sattelst\u00fctze befestigen. Das m\u00fchelose Befestigungssystem sorgt f\u00fcr eine schnelle und einfache Montage und Demontage.<\/li>\n<li>\n<strong>Zugang \u00fcber den unteren Rei\u00dfverschluss:<\/strong> Mit dem praktischen Bodenrei\u00dfverschluss haben Sie m\u00fchelos Zugriff auf Ihre Ausr\u00fcstung. Dank dieses Designs k\u00f6nnen Sie Ihre Gegenst\u00e4nde schnell erreichen, ohne die Tasche abnehmen zu m\u00fcssen.<\/li>\n<li>\n<strong>Perfekte Abmessungen:<\/strong> Mit den Ma\u00dfen 60 mm x 90 mm x 150 mm an der breitesten Stelle bietet diese Satteltasche ausreichend Stauraum f\u00fcr Ihre wichtigsten Utensilien, ohne Ihr Fahrrad zu \u00fcberladen.<\/li>\n<\/ul>\n<p>Egal, ob Sie eine Langstreckenfahrt oder einen kurzen Arbeitsweg vor sich haben, unsere <strong>Leichte, wasserdichte Satteltasche<\/strong> ist der perfekte Begleiter, um Ihre Ausr\u00fcstung sicher und zug\u00e4nglich zu halten. Verbessern Sie Ihr Raderlebnis mit diesem unverzichtbaren Accessoire noch heute!<\/p>","protected":false},"excerpt":{"rendered":"<p>\u00a0 Experience the ultimate in cycling convenience with our Lightweight Waterproof Saddlebag. Designed for the discerning cyclist, this saddlebag combines durability, functionality, and ease of use in a sleek, compact design. Key Features: Lightweight and Durable: Crafted from premium ripstop nylon, this saddlebag is both lightweight and exceptionally durable, ensuring it can withstand the rigors [&hellip;]<\/p>\n","protected":false},"featured_media":11953,"comment_status":"open","ping_status":"closed","template":"","meta":[],"product_brand":[],"product_cat":[682,654],"product_tag":[147,85,92],"class_list":{"0":"post-3727","1":"product","2":"type-product","3":"status-publish","4":"has-post-thumbnail","6":"product_cat-accessories-cycle","7":"product_cat-bags","8":"product_tag-aeroaccessories","9":"product_tag-bags","10":"product_tag-triathlon-all","11":"has-post-title","12":"has-post-date","13":"has-post-category","14":"has-post-tag","15":"has-post-comment","16":"has-post-author","17":"","19":"first","20":"instock","21":"taxable","22":"shipping-taxable","23":"purchasable","24":"product-type-simple"},"jetpack_sharing_enabled":true,"builder_content":"","_links":{"self":[{"href":"https:\/\/www.darwin4u.com\/de\/wp-json\/wp\/v2\/product\/3727","targetHints":{"allow":["GET"]}}],"collection":[{"href":"https:\/\/www.darwin4u.com\/de\/wp-json\/wp\/v2\/product"}],"about":[{"href":"https:\/\/www.darwin4u.com\/de\/wp-json\/wp\/v2\/types\/product"}],"replies":[{"embeddable":true,"href":"https:\/\/www.darwin4u.com\/de\/wp-json\/wp\/v2\/comments?post=3727"}],"wp:featuredmedia":[{"embeddable":true,"href":"https:\/\/www.darwin4u.com\/de\/wp-json\/wp\/v2\/media\/11953"}],"wp:attachment":[{"href":"https:\/\/www.darwin4u.com\/de\/wp-json\/wp\/v2\/media?parent=3727"}],"wp:term":[{"taxonomy":"product_brand","embeddable":true,"href":"https:\/\/www.darwin4u.com\/de\/wp-json\/wp\/v2\/product_brand?post=3727"},{"taxonomy":"product_cat","embeddable":true,"href":"https:\/\/www.darwin4u.com\/de\/wp-json\/wp\/v2\/product_cat?post=3727"},{"taxonomy":"product_tag","embeddable":true,"href":"https:\/\/www.darwin4u.com\/de\/wp-json\/wp\/v2\/product_tag?post=3727"}],"curies":[{"name":"wp","href":"https:\/\/api.w.org\/{rel}","templated":true}]}}