{"id":3966,"date":"2024-09-05T15:10:32","date_gmt":"2024-09-05T15:10:32","guid":{"rendered":"https:\/\/www.darwin4u.com\/produit\/tc-performance-35-wetsuit-womens\/"},"modified":"2026-04-01T20:54:32","modified_gmt":"2026-04-01T18:54:32","slug":"tc-performance-35-wetsuit-womens","status":"publish","type":"product","link":"https:\/\/www.darwin4u.com\/de\/produit\/tc-performance-35-wetsuit-womens\/","title":{"rendered":"TC Performance 3:5 Neoprenanzug - Damen"},"content":{"rendered":"<h4>T.C. LEISTUNG 3:5<\/h4>\n<p>Das Triathlon-Kollektiv, wo gro\u00dfartige Produkte entstehen und ein hoher Standard geboten wird<br \/>erf\u00fcllt werden, w\u00e4hrend gleichzeitig eine erschwingliche Preisgestaltung f\u00fcr die Sportler gew\u00e4hrleistet wird.<\/p>\n<p>Unser TC Performance Neoprenanzug wurde entwickelt, um sicherzustellen, dass hoch dehnbare Paneele aus laminiertem Chloropren und hoch dehnbare Stoffe verwendet werden, um das von HUUB anerkannte \u2018No Suit\"-Gef\u00fchl zu vermitteln.<span data-mce-fragment=\"1\">\u2122<\/span>\u2018.<br \/>Unser umfassendes Wissen \u00fcber den hydrodynamischen Widerstand hat es uns erm\u00f6glicht, die einzigen Neoprenanz\u00fcge zu entwickeln, die dazu beitragen, die Beine anzuheben und die Stirnfl\u00e4che zu reduzieren, damit Sie schneller werden.<\/p>\n<p>Der TC-Performance-Anzug ist der erste mit unserem seitlichen \u201cFit-Panel\u201d, das f\u00fcr einen korrekten Sitz sorgt, indem es einen starken Halt auf der Oberfl\u00e4che erm\u00f6glicht, ohne die Chloropren-Schaumstoffe zu besch\u00e4digen. Verl\u00e4ngert die Lebensdauer Ihres Anzugs.<\/p>\n<ul>\n<li>\n<span style=\"font-size: 0.875rem;\">HUUB exklusive 3:5 Auftrieb<\/span>\n<\/li>\n<li>\n<span style=\"font-size: 0.875rem;\">Arme Neutral<span data-mce-fragment=\"1\">\u2122<\/span> Schulter- und Armpositionierung<\/span>\n<\/li>\n<li>\n<span style=\"font-size: 0.875rem;\">Niederdruck-Presshals<\/span>\n<\/li>\n<li>\n<span style=\"font-size: 0.875rem;\">Hochwertiges Chloropren (Neopren ohne Erd\u00f6lbasis)<\/span>\n<\/li>\n<li><span style=\"font-size: 0.875rem;\">Strapazierf\u00e4hige \u201cFit Panel\u201d-Seitenteile<\/span><\/li>\n<\/ul>\n<p>\u00a0<\/p>\n<p><span style=\"font-size: 0.875rem;\">W\u00e4hlen Sie unten eine Gr\u00f6\u00dfe aus, um zu sehen, wie sie aussehen sollte:<\/span><\/p>\n<div>Herren Gr\u00f6\u00dfe:\u00a0 \u00a0<span>\u00a0<strong><a href=\"https:\/\/cdn.shopify.com\/s\/files\/1\/0233\/5881\/files\/MENS_S.mp4?16185\" target=\"_blank\" data-mce-href=\"https:\/\/cdn.shopify.com\/s\/files\/1\/0233\/5881\/files\/MENS_S.mp4?16185\" rel=\"noopener\">S<\/a>\u00a0<\/strong>\u00a0-\u00a0\u00a0\u00a0<a href=\"https:\/\/cdn.shopify.com\/s\/files\/1\/0233\/5881\/files\/MENS_SMT.mp4?16185\" target=\"_blank\" data-mce-href=\"https:\/\/cdn.shopify.com\/s\/files\/1\/0233\/5881\/files\/MENS_SMT.mp4?16185\" rel=\"noopener\"><strong>SMT<\/strong><\/a>\u00a0 -\u00a0\u00a0<a href=\"https:\/\/cdn.shopify.com\/s\/files\/1\/0233\/5881\/files\/MENS_M.mp4?16189\" target=\"_blank\" data-mce-href=\"https:\/\/cdn.shopify.com\/s\/files\/1\/0233\/5881\/files\/MENS_M.mp4?16189\" rel=\"noopener\"><strong>M<\/strong><\/a>\u00a0 -\u00a0\u00a0<a href=\"https:\/\/cdn.shopify.com\/s\/files\/1\/0233\/5881\/files\/MENS_MT.mp4?16189\" target=\"_blank\" data-mce-href=\"https:\/\/cdn.shopify.com\/s\/files\/1\/0233\/5881\/files\/MENS_MT.mp4?16189\" rel=\"noopener\"><strong>MT<\/strong><\/a>\u00a0 -\u00a0\u00a0<a href=\"https:\/\/cdn.shopify.com\/s\/files\/1\/0233\/5881\/files\/MENS_ML.mp4?16189\" target=\"_blank\" data-mce-href=\"https:\/\/cdn.shopify.com\/s\/files\/1\/0233\/5881\/files\/MENS_ML.mp4?16189\" rel=\"noopener\"><strong>ML<\/strong><\/a>\u00a0 -\u00a0\u00a0<a href=\"https:\/\/cdn.shopify.com\/s\/files\/1\/0233\/5881\/files\/MENS_XL.mp4?16189\" target=\"_blank\" data-mce-href=\"https:\/\/cdn.shopify.com\/s\/files\/1\/0233\/5881\/files\/MENS_XL.mp4?16189\" rel=\"noopener\"><strong>XL<\/strong><\/a>\u00a0 -\u00a0<strong>\u00a0\u00a0<a href=\"https:\/\/cdn.shopify.com\/s\/files\/1\/0233\/5881\/files\/MENS_SS.mp4?16190\" target=\"_blank\" data-mce-href=\"https:\/\/cdn.shopify.com\/s\/files\/1\/0233\/5881\/files\/MENS_SS.mp4?16190\" rel=\"noopener\">SS<\/a><\/strong><\/span>\n<\/div>\n<div>\n<br \/><span><\/span>\n<\/div>\n<div>\n<span>Gr\u00f6\u00dfe der Frauen:\u00a0 \u00a0<\/span><span><a href=\"https:\/\/cdn.shopify.com\/s\/files\/1\/0233\/5881\/files\/WOMENS_S_2.0.mp4?16189\" target=\"_blank\" data-mce-href=\"https:\/\/cdn.shopify.com\/s\/files\/1\/0233\/5881\/files\/WOMENS_S_2.0.mp4?16189\" rel=\"noopener\"><strong>S<\/strong><\/a>\u00a0 -\u00a0\u00a0<a href=\"https:\/\/cdn.shopify.com\/s\/files\/1\/0233\/5881\/files\/WOMENS_M.mp4?16189\" target=\"_blank\" data-mce-href=\"https:\/\/cdn.shopify.com\/s\/files\/1\/0233\/5881\/files\/WOMENS_M.mp4?16189\" rel=\"noopener\"><strong>M<\/strong><\/a>\u00a0 -\u00a0\u00a0<a href=\"https:\/\/cdn.shopify.com\/s\/files\/1\/0233\/5881\/files\/WOMENS_ML.mp4?16189\" target=\"_blank\" data-mce-href=\"https:\/\/cdn.shopify.com\/s\/files\/1\/0233\/5881\/files\/WOMENS_ML.mp4?16189\" rel=\"noopener\"><strong>ML<\/strong><\/a>\u00a0\u00a0-\u00a0\u00a0<strong><a href=\"https:\/\/cdn.shopify.com\/s\/files\/1\/0233\/5881\/files\/WOMENS_SS_1.mp4?16190\" target=\"_blank\" data-mce-href=\"https:\/\/cdn.shopify.com\/s\/files\/1\/0233\/5881\/files\/WOMENS_SS_1.mp4?16190\" rel=\"noopener\">SS<\/a><\/strong><\/span>\n<\/div>\n<div>\n<span><strong><\/strong><\/span>\n<\/div>\n<div>\n<p>\u00a0\u00a0<\/p>\n<\/div>\n<p><meta charset=\"utf-8\"><span><\/span><a href=\"https:\/\/huubdesign.com\/pages\/refund-policy\">Informationen zur Garantie<\/a><\/p>\n<div>\n<h4><\/h4>\n<p>\n<\/div>","protected":false},"excerpt":{"rendered":"<p>T.C. PERFORMANCE 3:5 The Triathlon Collective, where great products are born and a high end standardmet, whilst ensuring attainable pricing for athletes. Our TC Performance wetsuit\u00a0has been designed to ensure high stretch panels of laminated chloroprene and\u00a0high stretch fabrics are used to give the HUUB recognised &#8216;No Suit feel\u2122&#8216;.Our extensive understanding of hydrodynamic drag has [&hellip;]<\/p>\n","protected":false},"featured_media":12014,"comment_status":"open","ping_status":"closed","template":"","meta":[],"product_brand":[],"product_cat":[678],"product_tag":[87,164,91,92,83,93,145],"class_list":{"0":"post-3966","1":"product","2":"type-product","3":"status-publish","4":"has-post-thumbnail","6":"product_cat-wetsuits","7":"product_tag-genderwomens","8":"product_tag-newtosale","9":"product_tag-swim-all","10":"product_tag-triathlon-all","11":"product_tag-triathlon-womens","12":"product_tag-womens-swim","13":"product_tag-womens-wetsuit","14":"has-post-title","15":"has-post-date","16":"has-post-category","17":"has-post-tag","18":"has-post-comment","19":"has-post-author","20":"","22":"first","23":"instock","24":"taxable","25":"shipping-taxable","26":"purchasable","27":"product-type-variable"},"jetpack_sharing_enabled":true,"builder_content":"","_links":{"self":[{"href":"https:\/\/www.darwin4u.com\/de\/wp-json\/wp\/v2\/product\/3966","targetHints":{"allow":["GET"]}}],"collection":[{"href":"https:\/\/www.darwin4u.com\/de\/wp-json\/wp\/v2\/product"}],"about":[{"href":"https:\/\/www.darwin4u.com\/de\/wp-json\/wp\/v2\/types\/product"}],"replies":[{"embeddable":true,"href":"https:\/\/www.darwin4u.com\/de\/wp-json\/wp\/v2\/comments?post=3966"}],"wp:featuredmedia":[{"embeddable":true,"href":"https:\/\/www.darwin4u.com\/de\/wp-json\/wp\/v2\/media\/12014"}],"wp:attachment":[{"href":"https:\/\/www.darwin4u.com\/de\/wp-json\/wp\/v2\/media?parent=3966"}],"wp:term":[{"taxonomy":"product_brand","embeddable":true,"href":"https:\/\/www.darwin4u.com\/de\/wp-json\/wp\/v2\/product_brand?post=3966"},{"taxonomy":"product_cat","embeddable":true,"href":"https:\/\/www.darwin4u.com\/de\/wp-json\/wp\/v2\/product_cat?post=3966"},{"taxonomy":"product_tag","embeddable":true,"href":"https:\/\/www.darwin4u.com\/de\/wp-json\/wp\/v2\/product_tag?post=3966"}],"curies":[{"name":"wp","href":"https:\/\/api.w.org\/{rel}","templated":true}]}}