{"id":3981,"date":"2024-09-05T15:10:33","date_gmt":"2024-09-05T15:10:33","guid":{"rendered":"https:\/\/www.darwin4u.com\/produit\/tc-performance-35-wetsuit-mens\/"},"modified":"2024-09-09T08:38:24","modified_gmt":"2024-09-09T08:38:24","slug":"tc-performance-35-wetsuit-mens","status":"publish","type":"product","link":"https:\/\/www.darwin4u.com\/de\/produit\/tc-performance-35-wetsuit-mens\/","title":{"rendered":"TC Performance 3:5 Neoprenanzug - Herren"},"content":{"rendered":"<h4>T.C. LEISTUNG 3:5<\/h4>\n<p>Das Triathlon Collective ist der Ort, an dem gro\u00dfartige Produkte geboren werden und ein High-End-Standard erf\u00fcllt wird, w\u00e4hrend gleichzeitig erschwingliche Preise f\u00fcr Athleten gew\u00e4hrleistet werden. Unser TC Performance Neoprenanzug wurde aus hochelastischen Platten aus laminiertem Chloropren und Stoffen entwickelt, um das von HUUB anerkannte \u2018No Suit feel\u2122\u2019 zu erreichen.<\/p>\n<p>Unser umfassendes Wissen \u00fcber den hydrodynamischen Widerstand hat es uns erm\u00f6glicht, Neoprenanz\u00fcge zu entwickeln, die speziell darauf ausgelegt sind, die Beine anzuheben und die Stirnfl\u00e4che zu reduzieren, damit Sie schneller werden.<\/p>\n<p>Der TC Performance Anzug ist der erste mit unserem seitlichen \u2018Fit Panel\u2019, das f\u00fcr eine korrekte Passform sorgt, indem es einen starken Halt auf der Oberfl\u00e4che erm\u00f6glicht, ohne die Chloropren-Schaumstoffe zu besch\u00e4digen, was die Lebensdauer Ihres Anzugs verl\u00e4ngert.<\/p>\n<ul>\n<li><span style=\"font-size: 0.875rem;\">HUUB exklusiver 3:5-Auftrieb.<\/span><\/li>\n<li><span style=\"font-size: 0.875rem;\">Arme Neutral<span data-mce-fragment=\"1\">\u2122<\/span> Schulter- und Armhaltung.<\/span><\/li>\n<li><span style=\"font-size: 0.875rem;\">Gepresster Hals zur Druckentlastung.<\/span><\/li>\n<li><span style=\"font-size: 0.875rem;\">Hochwertiges Chloropren (Neopren ohne Erd\u00f6lbasis).<\/span><\/li>\n<li><span style=\"font-size: 0.875rem;\">Strapazierf\u00e4hige \u201cFit Panel\u201d-Seitenteile.<\/span><\/li>\n<\/ul>\n<h4>Wie sollte ein gut passender Neoprenanzug aussehen?<\/h4>\n<p>W\u00e4hlen Sie unten eine Gr\u00f6\u00dfe aus, um zu sehen, wie sie aussehen sollte:<\/p>\n<div>Herren Gr\u00f6\u00dfe:\u00a0 \u00a0\u00a0<strong><a href=\"https:\/\/cdn.shopify.com\/s\/files\/1\/0233\/5881\/files\/MENS_S.mp4?16185\" target=\"_blank\" rel=\"noopener\">S<\/a>\u00a0<\/strong> -\u00a0\u00a0\u00a0<a href=\"https:\/\/cdn.shopify.com\/s\/files\/1\/0233\/5881\/files\/MENS_SMT.mp4?16185\" target=\"_blank\" rel=\"noopener\"><strong>SMT<\/strong><\/a>\u00a0 -\u00a0 <a href=\"https:\/\/cdn.shopify.com\/s\/files\/1\/0233\/5881\/files\/MENS_M.mp4?16189\" target=\"_blank\" rel=\"noopener\"><strong>M<\/strong><\/a>\u00a0 -\u00a0 <a href=\"https:\/\/cdn.shopify.com\/s\/files\/1\/0233\/5881\/files\/MENS_MT.mp4?16189\" target=\"_blank\" rel=\"noopener\"><strong>MT<\/strong><\/a>\u00a0 -\u00a0 <a href=\"https:\/\/cdn.shopify.com\/s\/files\/1\/0233\/5881\/files\/MENS_ML.mp4?16189\" target=\"_blank\" rel=\"noopener\"><strong>ML<\/strong><\/a>\u00a0 -\u00a0 <a href=\"https:\/\/cdn.shopify.com\/s\/files\/1\/0233\/5881\/files\/MENS_XL.mp4?16189\" target=\"_blank\" rel=\"noopener\"><strong>XL<\/strong><\/a>\u00a0 -\u00a0<strong>\u00a0\u00a0<a href=\"https:\/\/cdn.shopify.com\/s\/files\/1\/0233\/5881\/files\/MENS_SS.mp4?16190\" target=\"_blank\" rel=\"noopener\">SS<\/a><\/strong><\/div>\n<div><\/div>\n<div>Gr\u00f6\u00dfe der Frauen:\u00a0 \u00a0<a href=\"https:\/\/cdn.shopify.com\/s\/files\/1\/0233\/5881\/files\/WOMENS_S_2.0.mp4?16189\" target=\"_blank\" rel=\"noopener\"><strong>S<\/strong><\/a>\u00a0 -\u00a0 <a href=\"https:\/\/cdn.shopify.com\/s\/files\/1\/0233\/5881\/files\/WOMENS_M.mp4?16189\" target=\"_blank\" rel=\"noopener\"><strong>M<\/strong><\/a>\u00a0 -\u00a0 <a href=\"https:\/\/cdn.shopify.com\/s\/files\/1\/0233\/5881\/files\/WOMENS_ML.mp4?16189\" target=\"_blank\" rel=\"noopener\"><strong>ML<\/strong><\/a>\u00a0\u00a0-\u00a0\u00a0<a href=\"https:\/\/cdn.shopify.com\/s\/files\/1\/0233\/5881\/files\/WOMENS_SS_1.mp4?16190\" target=\"_blank\" rel=\"noopener\"><strong>SS<\/strong><\/a><\/div>\n<div><\/div>\n<div><\/div>\n<div><\/div>\n<div>\n<p><a href=\"https:\/\/huubdesign.com\/pages\/refund-policy\">Informationen zur Garantie<\/a><\/p>\n<\/div>","protected":false},"excerpt":{"rendered":"<p>T.C. PERFORMANCE 3:5 The Triathlon Collective is where great products are born, and a high-end standard is met while ensuring attainable pricing for athletes. Our TC Performance wetsuit has been designed using high-stretch panels of laminated chloroprene and fabrics to give the HUUB-recognised &#8216;No Suit feel\u2122&#8217;. Our extensive understanding of hydrodynamic drag has allowed us [&hellip;]<\/p>\n","protected":false},"featured_media":12024,"comment_status":"open","ping_status":"closed","template":"","meta":[],"product_brand":[],"product_cat":[678],"product_tag":[78,164,91,92,144],"class_list":{"0":"post-3981","1":"product","2":"type-product","3":"status-publish","4":"has-post-thumbnail","6":"product_cat-wetsuits","7":"product_tag-gendermens","8":"product_tag-newtosale","9":"product_tag-swim-all","10":"product_tag-triathlon-all","11":"product_tag-wetsuit-mens","12":"has-post-title","13":"has-post-date","14":"has-post-category","15":"has-post-tag","16":"has-post-comment","17":"has-post-author","18":"","20":"first","21":"instock","22":"taxable","23":"shipping-taxable","24":"purchasable","25":"product-type-variable"},"jetpack_sharing_enabled":true,"builder_content":"","_links":{"self":[{"href":"https:\/\/www.darwin4u.com\/de\/wp-json\/wp\/v2\/product\/3981","targetHints":{"allow":["GET"]}}],"collection":[{"href":"https:\/\/www.darwin4u.com\/de\/wp-json\/wp\/v2\/product"}],"about":[{"href":"https:\/\/www.darwin4u.com\/de\/wp-json\/wp\/v2\/types\/product"}],"replies":[{"embeddable":true,"href":"https:\/\/www.darwin4u.com\/de\/wp-json\/wp\/v2\/comments?post=3981"}],"wp:featuredmedia":[{"embeddable":true,"href":"https:\/\/www.darwin4u.com\/de\/wp-json\/wp\/v2\/media\/12024"}],"wp:attachment":[{"href":"https:\/\/www.darwin4u.com\/de\/wp-json\/wp\/v2\/media?parent=3981"}],"wp:term":[{"taxonomy":"product_brand","embeddable":true,"href":"https:\/\/www.darwin4u.com\/de\/wp-json\/wp\/v2\/product_brand?post=3981"},{"taxonomy":"product_cat","embeddable":true,"href":"https:\/\/www.darwin4u.com\/de\/wp-json\/wp\/v2\/product_cat?post=3981"},{"taxonomy":"product_tag","embeddable":true,"href":"https:\/\/www.darwin4u.com\/de\/wp-json\/wp\/v2\/product_tag?post=3981"}],"curies":[{"name":"wp","href":"https:\/\/api.w.org\/{rel}","templated":true}]}}