{"id":3998,"date":"2024-09-05T15:10:36","date_gmt":"2024-09-05T15:10:36","guid":{"rendered":"https:\/\/www.darwin4u.com\/produit\/tc-performance-tri-suit-black-rose-womens\/"},"modified":"2026-03-24T21:29:26","modified_gmt":"2026-03-24T21:29:26","slug":"tc-performance-tri-suit-black-rose-womens","status":"publish","type":"product","link":"https:\/\/www.darwin4u.com\/de\/produit\/tc-performance-tri-suit-black-rose-womens\/","title":{"rendered":"TC Performance Tri Suit Schwarz\/Rose - Damen"},"content":{"rendered":"<p data-mce-fragment=\"1\">Der Triathlon Collective Performance Tri Suit bietet den ganzen Tag lang Komfort. Die Balance aus weichen, schnell trocknenden, schwei\u00dfableitenden Materialien, einer \u00fcber die Schulter reichenden, konturierten Paneelkonstruktion und einem triathlonspezifischen 3D-Sitzpolster machen diesen Anzug zum bequemsten, den Sie je besitzen werden.<\/p>\n<p data-mce-fragment=\"1\">Der Anzug verf\u00fcgt \u00fcber zwei gro\u00dfe Aero-R\u00fcckentaschen, die gro\u00df genug sind, um die Nahrung und andere wichtige Dinge f\u00fcr den Renntag zu verstauen. Ideal f\u00fcr kurze bis mittlere Distanzen zu einem konkurrenzlosen Preispunkt. Ein qualitativ hochwertiger Anzug, perfekt f\u00fcr den Einsteiger-Triathleten.<br data-mce-fragment=\"1\" \/><br data-mce-fragment=\"1\" \/><\/p>\n<ul data-mce-fragment=\"1\">\n<li data-mce-fragment=\"1\"><span style=\"font-size: 0.875rem\" data-mce-fragment=\"1\">UV-Schutz f\u00fcr Schultern und Oberarme.<\/span><\/li>\n<li data-mce-fragment=\"1\"><span style=\"font-size: 0.875rem\" data-mce-fragment=\"1\">Lange \u00c4rmel f\u00fcr Aero-Performance und Komfort am Renntag.<\/span><\/li>\n<li data-mce-fragment=\"1\"><span style=\"font-size: 0.875rem\" data-mce-fragment=\"1\">Leichte, schnell trocknende Stoffe.<\/span><\/li>\n<li data-mce-fragment=\"1\"><span style=\"font-size: 0.875rem\" data-mce-fragment=\"1\">3-D-spezifisches Pad.<\/span><\/li>\n<li data-mce-fragment=\"1\"><span style=\"font-size: 0.875rem\" data-mce-fragment=\"1\">Einteilige Mesh-Eins\u00e4tze unter den Armen und an den Seiten<\/span><\/li>\n<li data-mce-fragment=\"1\"><span style=\"font-size: 0.875rem\" data-mce-fragment=\"1\">Gro\u00dfe Aero-Hintertaschen.<\/span><\/li>\n<li data-mce-fragment=\"1\"><span style=\"font-size: 0.875rem\" data-mce-fragment=\"1\">Bedruckte Silikon-Beinklemmen.<\/span><\/li>\n<\/ul>","protected":false},"excerpt":{"rendered":"<p>The Triathlon Collective Performance Tri Suit offers all-round, day-long comfort. The balance of soft, quick-drying, sweat-wicking fabrics, over shoulder contoured panel construction and a 3D triathlon specific chamois will make this the most comfortable suit you will ever own. The suit offers two large aero rear pockets, large enough to store all your race day [&hellip;]<\/p>\n","protected":false},"featured_media":12033,"comment_status":"open","ping_status":"closed","template":"","meta":[],"product_brand":[],"product_cat":[665,659],"product_tag":[174,87,164,92,83,175],"class_list":{"0":"post-3998","1":"product","2":"type-product","3":"status-publish","4":"has-post-thumbnail","6":"product_cat-racewear","7":"product_cat-womens","8":"product_tag-collectionanemoi","9":"product_tag-genderwomens","10":"product_tag-newtosale","11":"product_tag-triathlon-all","12":"product_tag-triathlon-womens","13":"product_tag-womens-tri-suits","14":"has-post-title","15":"has-post-date","16":"has-post-category","17":"has-post-tag","18":"has-post-comment","19":"has-post-author","20":"","22":"first","23":"instock","24":"taxable","25":"shipping-taxable","26":"purchasable","27":"product-type-variable"},"jetpack_sharing_enabled":true,"builder_content":"","_links":{"self":[{"href":"https:\/\/www.darwin4u.com\/de\/wp-json\/wp\/v2\/product\/3998","targetHints":{"allow":["GET"]}}],"collection":[{"href":"https:\/\/www.darwin4u.com\/de\/wp-json\/wp\/v2\/product"}],"about":[{"href":"https:\/\/www.darwin4u.com\/de\/wp-json\/wp\/v2\/types\/product"}],"replies":[{"embeddable":true,"href":"https:\/\/www.darwin4u.com\/de\/wp-json\/wp\/v2\/comments?post=3998"}],"wp:featuredmedia":[{"embeddable":true,"href":"https:\/\/www.darwin4u.com\/de\/wp-json\/wp\/v2\/media\/12033"}],"wp:attachment":[{"href":"https:\/\/www.darwin4u.com\/de\/wp-json\/wp\/v2\/media?parent=3998"}],"wp:term":[{"taxonomy":"product_brand","embeddable":true,"href":"https:\/\/www.darwin4u.com\/de\/wp-json\/wp\/v2\/product_brand?post=3998"},{"taxonomy":"product_cat","embeddable":true,"href":"https:\/\/www.darwin4u.com\/de\/wp-json\/wp\/v2\/product_cat?post=3998"},{"taxonomy":"product_tag","embeddable":true,"href":"https:\/\/www.darwin4u.com\/de\/wp-json\/wp\/v2\/product_tag?post=3998"}],"curies":[{"name":"wp","href":"https:\/\/api.w.org\/{rel}","templated":true}]}}