{"id":437,"date":"2024-09-05T16:38:05","date_gmt":"2024-09-05T14:38:05","guid":{"rendered":"https:\/\/www.darwin4u.com\/produit\/4882-thermal-bib-tights-mens\/"},"modified":"2026-04-05T11:26:44","modified_gmt":"2026-04-05T09:26:44","slug":"4882-thermal-bib-tights-mens","status":"publish","type":"product","link":"https:\/\/www.darwin4u.com\/de\/produit\/4882-thermal-bib-tights-mens\/","title":{"rendered":"4882 Thermal Bib Tights - Herren"},"content":{"rendered":"<p><strong>Zahlen. <\/strong><\/p>\n<p>Die Zahlen zeigen Verbesserungen, Reduzierungen und nat\u00fcrlich auch die Geschwindigkeit.<\/p>\n<p>Ob marginal, signifikant oder statisch, sie erz\u00e4hlen uns von der Reise des Widerstands, der Geschwindigkeit, der Reibung und der Reduktion.<\/p>\n<p>Unsere neue Kollektion 4882 bringt die Zahlen in eine einfache Form zur\u00fcck. Zum ersten Mal gesehen w\u00e4hrend der unglaublichen Sub7 Sub8 Herausforderung, aber die gro\u00dfe Frage war, was sie bedeuten?<\/p>\n<p>F\u00fcr diejenigen, die es noch nicht wissen: 4882 ist die Kombination, die man auf der W\u00e4hltastatur eines Telefons dr\u00fccken muss, um HUUB zu buchstabieren. Wie immer ist die Antwort ziemlich einfach.\u00a0<\/p>\n<p>Diese neue 4882-Kollektion vereint alles, wof\u00fcr wir bei unserer Radbekleidung bekannt sind: Komfort, Passform und Atmungsaktivit\u00e4t.<\/p>\n<p>Genie\u00dfen Sie unsere neue Kollektion, wissend - Sie wissen schon.<\/p>\n<p>Mit den hochwertigsten schwei\u00dfableitenden, aerodynamischen Stoffen und einem Design, das den Anforderungen von Training und Rennen gerecht wird. 4882 ist eine Leistungsserie f\u00fcr alle Radsportler, die Komfort bietet, ohne Kompromisse bei Geschwindigkeit, Funktion oder Design einzugehen.<\/p>\n<p><strong>Thermische Latzhosen<\/strong><\/p>\n<p><span>Unsere Thermolatzhosen bestehen aus feinsten Thermostoffen, die f\u00fcr eine erh\u00f6hte Dehnbarkeit und ein k\u00f6rpernahes, ma\u00dfgeschneidertes Tragegef\u00fchl sorgen und gleichzeitig K\u00e4lte und Wind abhalten.<\/span><\/p>\n<ul>\n<li><span>Mesh-Eins\u00e4tze f\u00fcr Atmungsaktivit\u00e4t und Komfort<\/span><\/li>\n<li><span>HUUBs exklusives 3D-Feuchtigkeitsmanagement-Sitzpolster mit glatten Linien und hochdichtem Schaumstoff<\/span><\/li>\n<li><span>Leichte, atmungsaktive Zwei-Wege-Stretch-Schulterrippe<\/span><\/li>\n<li><span>Breiter elastischer Saum und Greifer<\/span><\/li>\n<li><span>HUUBs anatomischer 6-Panel-Schnitt<\/span><\/li>\n<li><span>Reflektierende Kn\u00f6chelstreifen<\/span><\/li>\n<\/ul>\n<p><strong>HUUB's 6 Panel Anatomischer Schnitt:<\/strong><\/p>\n<p><span>Der anatomische 6-Panel-Schnitt von HUUB bietet eine bessere Passform, weniger Druck und mehr Komfort. Die kleinen Stoffst\u00fccke erleichtern eine pr\u00e4zise Passform.<\/span><\/p>\n<ul><\/ul>\n<p><a href=\"https:\/\/huubdesign.com\/pages\/refund-policy\">Informationen zur Garantie<\/a><\/p>","protected":false},"excerpt":{"rendered":"<p>Numbers. Numbers show improvement, show reductions, and of course, show speed. Marginal, significant, or static, they tell us stories of the journey of drag, velocity, friction, and reduction. Our new 4882 collection takes the numbers back to a simple form. First seen during the incredible Sub7 Sub8 challenge, but the big question was, what do [&hellip;]<\/p>\n","protected":false},"featured_media":2417,"comment_status":"open","ping_status":"closed","template":"","meta":[],"product_brand":[],"product_cat":[15],"product_tag":[135,74,75,78,121],"class_list":{"0":"post-437","1":"product","2":"type-product","3":"status-publish","4":"has-post-thumbnail","6":"product_cat-non-classe","7":"product_tag-categorythermal-tights","8":"product_tag-cycle-all","9":"product_tag-cycle-mens","10":"product_tag-gendermens","11":"product_tag-mens-cycle-clothing","12":"has-post-title","13":"has-post-date","14":"has-post-category","15":"has-post-tag","16":"has-post-comment","17":"has-post-author","18":"","20":"first","21":"instock","22":"taxable","23":"shipping-taxable","24":"purchasable","25":"product-type-variable"},"jetpack_sharing_enabled":true,"builder_content":"","_links":{"self":[{"href":"https:\/\/www.darwin4u.com\/de\/wp-json\/wp\/v2\/product\/437","targetHints":{"allow":["GET"]}}],"collection":[{"href":"https:\/\/www.darwin4u.com\/de\/wp-json\/wp\/v2\/product"}],"about":[{"href":"https:\/\/www.darwin4u.com\/de\/wp-json\/wp\/v2\/types\/product"}],"replies":[{"embeddable":true,"href":"https:\/\/www.darwin4u.com\/de\/wp-json\/wp\/v2\/comments?post=437"}],"wp:featuredmedia":[{"embeddable":true,"href":"https:\/\/www.darwin4u.com\/de\/wp-json\/wp\/v2\/media\/2417"}],"wp:attachment":[{"href":"https:\/\/www.darwin4u.com\/de\/wp-json\/wp\/v2\/media?parent=437"}],"wp:term":[{"taxonomy":"product_brand","embeddable":true,"href":"https:\/\/www.darwin4u.com\/de\/wp-json\/wp\/v2\/product_brand?post=437"},{"taxonomy":"product_cat","embeddable":true,"href":"https:\/\/www.darwin4u.com\/de\/wp-json\/wp\/v2\/product_cat?post=437"},{"taxonomy":"product_tag","embeddable":true,"href":"https:\/\/www.darwin4u.com\/de\/wp-json\/wp\/v2\/product_tag?post=437"}],"curies":[{"name":"wp","href":"https:\/\/api.w.org\/{rel}","templated":true}]}}