{"id":4443,"date":"2024-09-05T15:11:29","date_gmt":"2024-09-05T15:11:29","guid":{"rendered":"https:\/\/www.darwin4u.com\/produit\/her-spirit-long-course-tri-suit-patchwork-womens\/"},"modified":"2026-01-18T16:22:18","modified_gmt":"2026-01-18T16:22:18","slug":"her-spirit-long-course-tri-suit-patchwork-womens","status":"publish","type":"product","link":"https:\/\/www.darwin4u.com\/de\/produit\/her-spirit-long-course-tri-suit-patchwork-womens\/","title":{"rendered":"Her Spirit Langer Kurs Tri Anzug Patchwork- Frauen"},"content":{"rendered":"<p>Her Spirit ist eine Gemeinschaft, die es sich zur Aufgabe gemacht hat, Frauen aller Art dabei zu unterst\u00fctzen, k\u00f6rperlich und geistig fitter, st\u00e4rker und ges\u00fcnder zu werden.<\/p>\n<p>Wir bei HUUB und Her Spirit k\u00f6nnten nicht stolzer auf unser neues Sortiment sein, das mit den besten Mitarbeitern, Herstellern und Designern entwickelt wurde, um sicherzustellen, dass Sie sich sowohl beim Training als auch bei Wettk\u00e4mpfen wohl und sicher f\u00fchlen.<\/p>\n<p>Der Her Spirit Triathlonanzug bietet ein gutes Preis-Leistungs-Verh\u00e4ltnis und erf\u00fcllt die Bed\u00fcrfnisse von Triathlonanf\u00e4ngern.<\/p>\n<ul>\n<li>UV-Schutz f\u00fcr Schultern und Oberarme.<\/li>\n<li>Lange \u00c4rmel f\u00fcr Aero-Performance und Komfort am Renntag.<\/li>\n<li>Leichte, schnell trocknende Stoffe.<\/li>\n<li>3-D-spezifisches Pad.<\/li>\n<li>R\u00fcckenteil aus Mesh.<\/li>\n<li>Hintere Taschen.<\/li>\n<li>Weiche Beinklemmen mit geringer Spannung.<\/li>\n<\/ul>\n<p>&nbsp;<\/p>\n<p><a href=\"https:\/\/huubdesign.com\/pages\/refund-policy\">Informationen zur Garantie<\/a><\/p>\n<h4><\/h4>","protected":false},"excerpt":{"rendered":"<p>As a community, Her Spirit are on a mission to support women of all abilities to get fitter, stronger\u00a0and healthier\u00a0in body and mind. At HUUB and\u00a0Her\u00a0Spirit, we\u00a0couldn&#8217;t be prouder of our new range,\u00a0developed with the best input, factories and designers to ensure you feel comfortable and confident whether you are training or competing. The Her [&hellip;]<\/p>\n","protected":false},"featured_media":12155,"comment_status":"open","ping_status":"closed","template":"","meta":[],"product_brand":[],"product_cat":[665,659],"product_tag":[594,87,92,83,175],"class_list":{"0":"post-4443","1":"product","2":"type-product","3":"status-publish","4":"has-post-thumbnail","6":"product_cat-racewear","7":"product_cat-womens","8":"product_tag-collectionher-spirit","9":"product_tag-genderwomens","10":"product_tag-triathlon-all","11":"product_tag-triathlon-womens","12":"product_tag-womens-tri-suits","13":"has-post-title","14":"has-post-date","15":"has-post-category","16":"has-post-tag","17":"has-post-comment","18":"has-post-author","19":"","21":"first","22":"instock","23":"taxable","24":"shipping-taxable","25":"purchasable","26":"product-type-variable"},"jetpack_sharing_enabled":true,"builder_content":"","_links":{"self":[{"href":"https:\/\/www.darwin4u.com\/de\/wp-json\/wp\/v2\/product\/4443","targetHints":{"allow":["GET"]}}],"collection":[{"href":"https:\/\/www.darwin4u.com\/de\/wp-json\/wp\/v2\/product"}],"about":[{"href":"https:\/\/www.darwin4u.com\/de\/wp-json\/wp\/v2\/types\/product"}],"replies":[{"embeddable":true,"href":"https:\/\/www.darwin4u.com\/de\/wp-json\/wp\/v2\/comments?post=4443"}],"wp:featuredmedia":[{"embeddable":true,"href":"https:\/\/www.darwin4u.com\/de\/wp-json\/wp\/v2\/media\/12155"}],"wp:attachment":[{"href":"https:\/\/www.darwin4u.com\/de\/wp-json\/wp\/v2\/media?parent=4443"}],"wp:term":[{"taxonomy":"product_brand","embeddable":true,"href":"https:\/\/www.darwin4u.com\/de\/wp-json\/wp\/v2\/product_brand?post=4443"},{"taxonomy":"product_cat","embeddable":true,"href":"https:\/\/www.darwin4u.com\/de\/wp-json\/wp\/v2\/product_cat?post=4443"},{"taxonomy":"product_tag","embeddable":true,"href":"https:\/\/www.darwin4u.com\/de\/wp-json\/wp\/v2\/product_tag?post=4443"}],"curies":[{"name":"wp","href":"https:\/\/api.w.org\/{rel}","templated":true}]}}