{"id":482,"date":"2024-09-05T14:38:17","date_gmt":"2024-09-05T14:38:17","guid":{"rendered":"https:\/\/www.darwin4u.com\/produit\/aero-calf-sleeve-22plus\/"},"modified":"2026-03-24T20:15:52","modified_gmt":"2026-03-24T20:15:52","slug":"aero-calf-sleeve-22plus","status":"publish","type":"product","link":"https:\/\/www.darwin4u.com\/de\/produit\/aero-calf-sleeve-22plus\/","title":{"rendered":"Aero Calf Sleeve\u2122 22PLUS"},"content":{"rendered":"<p><meta charset=\"utf-8\"><meta charset=\"utf-8\"><meta charset=\"utf-8\"><\/p>\n<p><strong><span>Uneingeschr\u00e4nkte Aerodynamik und Zeitersparnis.<\/span><br \/><\/strong><\/p>\n<p>Wird vom rekordverd\u00e4chtigen HUUB Wattbike Team verwendet.<\/p>\n<p>Triathleten k\u00f6nnen jetzt von der wattsparenden Technologie unserer rekordverd\u00e4chtigen Aero-Socken profitieren, allerdings ohne die von der UCI auferlegten Einschr\u00e4nkungen. Die zus\u00e4tzliche Wadenabdeckung im Vergleich zu den Socken sorgt f\u00fcr noch mehr Aerodynamik und Zeitersparnis. Ideal auch f\u00fcr nicht UCI-Zeitfahrveranstaltungen.<\/p>\n<p>Wadensch\u00fctzer k\u00f6nnen bei Triathlonwettk\u00e4mpfen unter dem Neoprenanzug und f\u00fcr die Dauer des Wettkampfs getragen werden.<\/p>\n<p>Modernste Bekleidungstechnologien in Kombination mit im Windkanal getesteten Stoffen und Schnittmustern sparen durch die Platzierung der Stoffe sowohl Watt als auch Zeit.<\/p>\n<ul>\n<li><span>Dan Bigham gestaltet und verbessert. <\/span><\/li>\n<li><span>Bis zu 8 Watt Einsparung.<\/span><\/li>\n<li><span> Team HUUB Wattbike getestet und f\u00fcr gut befunden. <\/span><\/li>\n<li><span>Pr\u00e4zise geformt, um die Aerodynamik zu maximieren. <\/span><\/li>\n<li><span>Aerodynamische Materialien. <\/span><\/li>\n<li><span>TT und Track bew\u00e4hrt.<\/span><\/li>\n<\/ul>\n<p>F\u00fcr die Gr\u00f6\u00dfenbestimmung messen Sie die breiteste Stelle der Wade.<strong><br \/><\/strong><\/p>\n<p>\u00a0<\/p>\n<p><a href=\"https:\/\/huubdesign.com\/pages\/refund-policy\">Informationen zur Garantie<\/a><\/p>","protected":false},"excerpt":{"rendered":"<p>Unrestricted\u00a0aerodynamic and time savings. Used by the record-breaking HUUB Wattbike Team. Triathletes can now benefit from the watt saving technology found in our record-breaking aero socks, but without the restrictions laid down by the UCI. The extra calf coverage, compared to the socks gives even greater aerodynamic and time savings. Also Ideal for non UCI [&hellip;]<\/p>\n","protected":false},"featured_media":2484,"comment_status":"open","ping_status":"closed","template":"","meta":[],"product_brand":[],"product_cat":[682,686,668],"product_tag":[96,100,147,97,98,99,74,75,148,78,87,91,92,82,83],"class_list":{"0":"post-482","1":"product","2":"type-product","3":"status-publish","4":"has-post-thumbnail","6":"product_cat-accessories-cycle","7":"product_cat-aero-time-saving-innovation","8":"product_cat-specialist-performance","9":"product_tag-aero","10":"product_tag-aero-calf","11":"product_tag-aeroaccessories","12":"product_tag-categoryaccessories","13":"product_tag-categoryaero","14":"product_tag-collectionaccessories","15":"product_tag-cycle-all","16":"product_tag-cycle-mens","17":"product_tag-cyclewear-accessories","18":"product_tag-gendermens","19":"product_tag-genderwomens","20":"product_tag-swim-all","21":"product_tag-triathlon-all","22":"product_tag-triathlon-mens","23":"product_tag-triathlon-womens","24":"has-post-title","25":"has-post-date","26":"has-post-category","27":"has-post-tag","28":"has-post-comment","29":"has-post-author","30":"","32":"first","33":"instock","34":"taxable","35":"shipping-taxable","36":"purchasable","37":"product-type-variable"},"jetpack_sharing_enabled":true,"builder_content":"","_links":{"self":[{"href":"https:\/\/www.darwin4u.com\/de\/wp-json\/wp\/v2\/product\/482","targetHints":{"allow":["GET"]}}],"collection":[{"href":"https:\/\/www.darwin4u.com\/de\/wp-json\/wp\/v2\/product"}],"about":[{"href":"https:\/\/www.darwin4u.com\/de\/wp-json\/wp\/v2\/types\/product"}],"replies":[{"embeddable":true,"href":"https:\/\/www.darwin4u.com\/de\/wp-json\/wp\/v2\/comments?post=482"}],"wp:featuredmedia":[{"embeddable":true,"href":"https:\/\/www.darwin4u.com\/de\/wp-json\/wp\/v2\/media\/2484"}],"wp:attachment":[{"href":"https:\/\/www.darwin4u.com\/de\/wp-json\/wp\/v2\/media?parent=482"}],"wp:term":[{"taxonomy":"product_brand","embeddable":true,"href":"https:\/\/www.darwin4u.com\/de\/wp-json\/wp\/v2\/product_brand?post=482"},{"taxonomy":"product_cat","embeddable":true,"href":"https:\/\/www.darwin4u.com\/de\/wp-json\/wp\/v2\/product_cat?post=482"},{"taxonomy":"product_tag","embeddable":true,"href":"https:\/\/www.darwin4u.com\/de\/wp-json\/wp\/v2\/product_tag?post=482"}],"curies":[{"name":"wp","href":"https:\/\/api.w.org\/{rel}","templated":true}]}}