{"id":4830,"date":"2024-09-05T16:12:14","date_gmt":"2024-09-05T15:12:14","guid":{"rendered":"https:\/\/www.darwin4u.com\/produit\/endurance-glove\/"},"modified":"2026-04-05T14:12:45","modified_gmt":"2026-04-05T12:12:45","slug":"endurance-glove","status":"publish","type":"product","link":"https:\/\/www.darwin4u.com\/de\/produit\/endurance-glove\/","title":{"rendered":"Ausdauer-Handschuh"},"content":{"rendered":"<p>Die Ausdauerhandschuhe sind leicht und vielseitig und wurden f\u00fcr Lauf- und Outdoor-Aktivit\u00e4ten entwickelt. Das Vier-Wege-Stretch-Material sorgt f\u00fcr einen perfekten, passgenauen Sitz. Sie verf\u00fcgen au\u00dferdem \u00fcber einen Silikongriff und sind f\u00fcr die Kompatibilit\u00e4t mit Touchscreens entwickelt worden. Er ist der ideale Handschuh f\u00fcr das Training bei k\u00fchlem Wetter.<\/p>\n<ul>\n<li>Touchscreen-Eins\u00e4tze an Zeigefinger und Daumen<\/li>\n<li>4-Wege-Stretchmaterial<\/li>\n<li>Leichtgewicht<\/li>\n<li>Griff aus Silikon<\/li>\n<\/ul>","protected":false},"excerpt":{"rendered":"<p>The endurance gloves are lightweight and versatile, designed for running and outdoor activities. A four-way stretch fabric ensures a perfect, snug fit. They also feature a silicone gripper and are engineered for touchscreen compatibility. It is the ideal glove for cool weather training. Touchscreen inserts on forefinger and thumb 4-way stretch fabric Lightweight Silicone grip<\/p>","protected":false},"featured_media":12285,"comment_status":"open","ping_status":"closed","template":"","meta":[],"product_brand":[],"product_cat":[672,15,675,659],"product_tag":[138,97,139,78,87,92,82,83],"class_list":{"0":"post-4830","1":"product","2":"type-product","3":"status-publish","4":"has-post-thumbnail","6":"product_cat-accessories","7":"product_cat-non-classe","8":"product_cat-training","9":"product_cat-womens","10":"product_tag-bags-luggage","11":"product_tag-categoryaccessories","12":"product_tag-collectionbagsluggage","13":"product_tag-gendermens","14":"product_tag-genderwomens","15":"product_tag-triathlon-all","16":"product_tag-triathlon-mens","17":"product_tag-triathlon-womens","18":"has-post-title","19":"has-post-date","20":"has-post-category","21":"has-post-tag","22":"has-post-comment","23":"has-post-author","24":"","26":"first","27":"instock","28":"taxable","29":"shipping-taxable","30":"purchasable","31":"product-type-variable"},"jetpack_sharing_enabled":true,"builder_content":"","_links":{"self":[{"href":"https:\/\/www.darwin4u.com\/de\/wp-json\/wp\/v2\/product\/4830","targetHints":{"allow":["GET"]}}],"collection":[{"href":"https:\/\/www.darwin4u.com\/de\/wp-json\/wp\/v2\/product"}],"about":[{"href":"https:\/\/www.darwin4u.com\/de\/wp-json\/wp\/v2\/types\/product"}],"replies":[{"embeddable":true,"href":"https:\/\/www.darwin4u.com\/de\/wp-json\/wp\/v2\/comments?post=4830"}],"wp:featuredmedia":[{"embeddable":true,"href":"https:\/\/www.darwin4u.com\/de\/wp-json\/wp\/v2\/media\/12285"}],"wp:attachment":[{"href":"https:\/\/www.darwin4u.com\/de\/wp-json\/wp\/v2\/media?parent=4830"}],"wp:term":[{"taxonomy":"product_brand","embeddable":true,"href":"https:\/\/www.darwin4u.com\/de\/wp-json\/wp\/v2\/product_brand?post=4830"},{"taxonomy":"product_cat","embeddable":true,"href":"https:\/\/www.darwin4u.com\/de\/wp-json\/wp\/v2\/product_cat?post=4830"},{"taxonomy":"product_tag","embeddable":true,"href":"https:\/\/www.darwin4u.com\/de\/wp-json\/wp\/v2\/product_tag?post=4830"}],"curies":[{"name":"wp","href":"https:\/\/api.w.org\/{rel}","templated":true}]}}