{"id":4834,"date":"2024-09-05T15:12:14","date_gmt":"2024-09-05T15:12:14","guid":{"rendered":"https:\/\/www.darwin4u.com\/produit\/travel-wheelie-bag\/"},"modified":"2024-09-09T08:38:42","modified_gmt":"2024-09-09T08:38:42","slug":"travel-wheelie-bag","status":"publish","type":"product","link":"https:\/\/www.darwin4u.com\/de\/produit\/travel-wheelie-bag\/","title":{"rendered":"Reise-Rolltasche"},"content":{"rendered":"<p>Die HUUB Travel Wheelie Bag ist der perfekte Reisebegleiter f\u00fcr jeden Athleten, der unterwegs ist. Diese riesige Tasche mit einem Fassungsverm\u00f6gen von 95 Litern bietet Platz f\u00fcr Ihr gesamtes Wettkampf- oder Urlaubsgep\u00e4ck und sorgt mit Innentaschen, einer herausnehmbaren Trennwand und Gurten zur Sicherung Ihres Gep\u00e4cks f\u00fcr Ordnung.<\/p>\n<ul>\n<li>95-Liter-Fassungsverm\u00f6gen<\/li>\n<li>Strapazierf\u00e4hige, ger\u00e4uscharme R\u00e4der<\/li>\n<li>Einziehbarer Griff<\/li>\n<li>Leicht zug\u00e4ngliche Taschen oben<\/li>\n<li>Innentaschen, herausnehmbare Trennwand und Gurte zur Sicherung des Gep\u00e4cks<\/li>\n<li>Die Ma\u00dfe der Tasche sind ca. 85cm hoch x 42cm breit x 35cm tief<\/li>\n<\/ul>\n<p>Dies ist ein sperriger Artikel, f\u00fcr den zus\u00e4tzlich zum Standardtarif die folgenden Versandkosten gelten:<\/p>\n<p>UK \u00a39.99<\/p>\n<p>Rest der Welt \u00a324.99<\/p>","protected":false},"excerpt":{"rendered":"<p>The HUUB Travel Wheelie Bag is the perfect travel companion for any athlete\u2019s journey. This huge 95-litre capacity bag will hold all your race or holiday luggage while keeping everything organised with internal pockets, removable divider and straps to secure your luggage. 95-litre capacity Hard-wearing, low noise wheels Retractable handle Easy access top pockets Internal [&hellip;]<\/p>\n","protected":false},"featured_media":12289,"comment_status":"open","ping_status":"closed","template":"","meta":[],"product_brand":[],"product_cat":[654],"product_tag":[85,78,87,89,90,91,92,82,83,93],"class_list":{"0":"post-4834","1":"product","2":"type-product","3":"status-publish","4":"has-post-thumbnail","6":"product_cat-bags","7":"product_tag-bags","8":"product_tag-gendermens","9":"product_tag-genderwomens","10":"product_tag-mens-swim","11":"product_tag-swim","12":"product_tag-swim-all","13":"product_tag-triathlon-all","14":"product_tag-triathlon-mens","15":"product_tag-triathlon-womens","16":"product_tag-womens-swim","17":"has-post-title","18":"has-post-date","19":"has-post-category","20":"has-post-tag","21":"has-post-comment","22":"has-post-author","23":"","25":"first","26":"instock","27":"taxable","28":"shipping-taxable","29":"purchasable","30":"product-type-variable"},"jetpack_sharing_enabled":true,"builder_content":"","_links":{"self":[{"href":"https:\/\/www.darwin4u.com\/de\/wp-json\/wp\/v2\/product\/4834","targetHints":{"allow":["GET"]}}],"collection":[{"href":"https:\/\/www.darwin4u.com\/de\/wp-json\/wp\/v2\/product"}],"about":[{"href":"https:\/\/www.darwin4u.com\/de\/wp-json\/wp\/v2\/types\/product"}],"replies":[{"embeddable":true,"href":"https:\/\/www.darwin4u.com\/de\/wp-json\/wp\/v2\/comments?post=4834"}],"wp:featuredmedia":[{"embeddable":true,"href":"https:\/\/www.darwin4u.com\/de\/wp-json\/wp\/v2\/media\/12289"}],"wp:attachment":[{"href":"https:\/\/www.darwin4u.com\/de\/wp-json\/wp\/v2\/media?parent=4834"}],"wp:term":[{"taxonomy":"product_brand","embeddable":true,"href":"https:\/\/www.darwin4u.com\/de\/wp-json\/wp\/v2\/product_brand?post=4834"},{"taxonomy":"product_cat","embeddable":true,"href":"https:\/\/www.darwin4u.com\/de\/wp-json\/wp\/v2\/product_cat?post=4834"},{"taxonomy":"product_tag","embeddable":true,"href":"https:\/\/www.darwin4u.com\/de\/wp-json\/wp\/v2\/product_tag?post=4834"}],"curies":[{"name":"wp","href":"https:\/\/api.w.org\/{rel}","templated":true}]}}