{"id":4836,"date":"2024-09-05T15:12:15","date_gmt":"2024-09-05T15:12:15","guid":{"rendered":"https:\/\/www.darwin4u.com\/produit\/running-bag\/"},"modified":"2026-03-24T09:25:24","modified_gmt":"2026-03-24T09:25:24","slug":"running-bag","status":"publish","type":"product","link":"https:\/\/www.darwin4u.com\/de\/produit\/running-bag\/","title":{"rendered":"Laufende Tasche"},"content":{"rendered":"<p><meta charset=\"UTF-8\"><meta charset=\"UTF-8\"><span data-mce-fragment=\"1\">HUUB hat diese leichte Lauftasche f\u00fcr das Laufen (nat\u00fcrlich), Radfahren oder jede andere sportliche Aktivit\u00e4t entwickelt, bei der eine eng anliegende kleine Tasche ben\u00f6tigt wird. Sie hat die perfekte Gr\u00f6\u00dfe, um Ihre t\u00e4glichen Essentials zu transportieren, denn sie ist gro\u00df genug f\u00fcr die Arbeitskleidung eines Tages und klein genug f\u00fcr einen langen Lauf. <\/span><br data-mce-fragment=\"1\"><br data-mce-fragment=\"1\"><span data-mce-fragment=\"1\">Die 12-Liter-Tasche aus leichtem Rip-Stop-Nylon mit strapazierf\u00e4higem, wasserdichtem Boden und gepolsterten Schultergurten bietet bequemen Transport beim Laufen oder Radfahren. Eine komplett wasserdichte Abdeckung h\u00e4lt die Tasche und den Inhalt trocken, und unser neuer tr\u00e4gheitsreduzierender Gurt h\u00e4lt die Tasche und den Inhalt nah am R\u00fccken und kontrolliert in Bewegung.<\/span><br data-mce-fragment=\"1\"><span data-mce-fragment=\"1\">\u00a0<\/span><\/p>\n<ul>\n<li><span style=\"font-size: 0.875rem;\">Superleichte Stoffe<\/span><\/li>\n<li>Wasserdichte Abdeckung<\/li>\n<li><span>12-Liter-Fassungsverm\u00f6gen<\/span><\/li>\n<li>Anatomische Aktivit\u00e4tsschultergurte<\/li>\n<li>Innen- und Au\u00dfentaschen<\/li>\n<li>Reflektierende Verzierungen<\/li>\n<\/ul>","protected":false},"excerpt":{"rendered":"<p>HUUB created this lightweight Running Bag for running (obviously), cycling, or any sports activity where a close-fitting small bag is needed. It&#8217;s the perfect size to transport your daily essentials because it&#8217;s big enough for a day&#8217;s work clothes and small enough for a long run. Made from lightweight rip-stop nylon, with a durable waterproof [&hellip;]<\/p>\n","protected":false},"featured_media":12293,"comment_status":"open","ping_status":"closed","template":"","meta":[],"product_brand":[],"product_cat":[683,654,714],"product_tag":[147,85,78,87,129,89,90,91,92,82,83,93],"class_list":{"0":"post-4836","1":"product","2":"type-product","3":"status-publish","4":"has-post-thumbnail","6":"product_cat-accessories-swim","7":"product_cat-bags","8":"product_cat-casual-womens","9":"product_tag-aeroaccessories","10":"product_tag-bags","11":"product_tag-gendermens","12":"product_tag-genderwomens","13":"product_tag-lifestyle-womens","14":"product_tag-mens-swim","15":"product_tag-swim","16":"product_tag-swim-all","17":"product_tag-triathlon-all","18":"product_tag-triathlon-mens","19":"product_tag-triathlon-womens","20":"product_tag-womens-swim","21":"has-post-title","22":"has-post-date","23":"has-post-category","24":"has-post-tag","25":"has-post-comment","26":"has-post-author","27":"","29":"first","30":"instock","31":"taxable","32":"shipping-taxable","33":"purchasable","34":"product-type-simple"},"jetpack_sharing_enabled":true,"builder_content":"","_links":{"self":[{"href":"https:\/\/www.darwin4u.com\/de\/wp-json\/wp\/v2\/product\/4836","targetHints":{"allow":["GET"]}}],"collection":[{"href":"https:\/\/www.darwin4u.com\/de\/wp-json\/wp\/v2\/product"}],"about":[{"href":"https:\/\/www.darwin4u.com\/de\/wp-json\/wp\/v2\/types\/product"}],"replies":[{"embeddable":true,"href":"https:\/\/www.darwin4u.com\/de\/wp-json\/wp\/v2\/comments?post=4836"}],"wp:featuredmedia":[{"embeddable":true,"href":"https:\/\/www.darwin4u.com\/de\/wp-json\/wp\/v2\/media\/12293"}],"wp:attachment":[{"href":"https:\/\/www.darwin4u.com\/de\/wp-json\/wp\/v2\/media?parent=4836"}],"wp:term":[{"taxonomy":"product_brand","embeddable":true,"href":"https:\/\/www.darwin4u.com\/de\/wp-json\/wp\/v2\/product_brand?post=4836"},{"taxonomy":"product_cat","embeddable":true,"href":"https:\/\/www.darwin4u.com\/de\/wp-json\/wp\/v2\/product_cat?post=4836"},{"taxonomy":"product_tag","embeddable":true,"href":"https:\/\/www.darwin4u.com\/de\/wp-json\/wp\/v2\/product_tag?post=4836"}],"curies":[{"name":"wp","href":"https:\/\/api.w.org\/{rel}","templated":true}]}}