{"id":4841,"date":"2024-09-05T15:12:17","date_gmt":"2024-09-05T15:12:17","guid":{"rendered":"https:\/\/www.darwin4u.com\/produit\/travel-backpack\/"},"modified":"2026-03-24T09:25:24","modified_gmt":"2026-03-24T09:25:24","slug":"travel-backpack","status":"publish","type":"product","link":"https:\/\/www.darwin4u.com\/de\/produit\/travel-backpack\/","title":{"rendered":"Reise-Rucksack"},"content":{"rendered":"<p><meta charset=\"UTF-8\"><span data-mce-fragment=\"1\">Unser Ziel war es, einen Rucksack f\u00fcr Arbeit und Freizeit zu entwickeln. Er ist einem klassischen Arbeitsrucksack nachempfunden, verf\u00fcgt aber \u00fcber alle Funktionen unserer besten Sport- und \u00dcbergangsrucks\u00e4cke. Er verf\u00fcgt \u00fcber ein gro\u00dfes Hauptstaufach mit internen Zonen, um Gegenst\u00e4nde getrennt, sauber und sicher aufzubewahren. <\/span><br data-mce-fragment=\"1\"><br data-mce-fragment=\"1\"><span data-mce-fragment=\"1\">Die gro\u00dfe, muschelf\u00f6rmige \u00d6ffnung erm\u00f6glicht einen einfachen Zugriff auf alle Gegenst\u00e4nde, wobei das Laptop-\/Tabletfach von der Haupttasche getrennt ist, was ihn zu einem idealen Pendler- oder Reiserucksack macht. Das Helmtragenetz l\u00e4sst sich ordentlich verstauen, so dass die klaren Linien dieser beliebten Pendler- und Reisetasche erhalten bleiben.<\/span><br data-mce-fragment=\"1\"><span data-mce-fragment=\"1\">\u00a0<\/span><br data-mce-fragment=\"1\"><span data-mce-fragment=\"1\">- Gro\u00dfes Hauptfach<\/span><br data-mce-fragment=\"1\"><span data-mce-fragment=\"1\">- Externe und interne Stauf\u00e4cher<\/span><br data-mce-fragment=\"1\"><span data-mce-fragment=\"1\">- Sauberer Bereich\/Schuhtasche<\/span><br data-mce-fragment=\"1\"><span data-mce-fragment=\"1\">- Gepolsterte anatomische Riemen<\/span><br data-mce-fragment=\"1\"><span data-mce-fragment=\"1\">- Helm-Tragenetz<\/span><br data-mce-fragment=\"1\"><span data-mce-fragment=\"1\">- Seitliche und obere Tragegriffe<\/span><br data-mce-fragment=\"1\"><span data-mce-fragment=\"1\">- Wasserdichtes Gewebe<\/span><br data-mce-fragment=\"1\"><span data-mce-fragment=\"1\">- 24 Liter<\/span><\/p>","protected":false},"excerpt":{"rendered":"<p>Our goal was to create a backpack for both work and play. Styled around a classic work backpack but with all the features of our best sport and transition rucksacks. It features a large main storage compartment with internal zones to keep items separate, clean, and safe. The large clam style opening allows easy access [&hellip;]<\/p>\n","protected":false},"featured_media":12304,"comment_status":"open","ping_status":"closed","template":"","meta":[],"product_brand":[],"product_cat":[683,654,714],"product_tag":[147,85,78,87,129,89,90,91,92,82,83,93],"class_list":{"0":"post-4841","1":"product","2":"type-product","3":"status-publish","4":"has-post-thumbnail","6":"product_cat-accessories-swim","7":"product_cat-bags","8":"product_cat-casual-womens","9":"product_tag-aeroaccessories","10":"product_tag-bags","11":"product_tag-gendermens","12":"product_tag-genderwomens","13":"product_tag-lifestyle-womens","14":"product_tag-mens-swim","15":"product_tag-swim","16":"product_tag-swim-all","17":"product_tag-triathlon-all","18":"product_tag-triathlon-mens","19":"product_tag-triathlon-womens","20":"product_tag-womens-swim","21":"has-post-title","22":"has-post-date","23":"has-post-category","24":"has-post-tag","25":"has-post-comment","26":"has-post-author","27":"","29":"first","30":"instock","31":"taxable","32":"shipping-taxable","33":"purchasable","34":"product-type-simple"},"jetpack_sharing_enabled":true,"builder_content":"","_links":{"self":[{"href":"https:\/\/www.darwin4u.com\/de\/wp-json\/wp\/v2\/product\/4841","targetHints":{"allow":["GET"]}}],"collection":[{"href":"https:\/\/www.darwin4u.com\/de\/wp-json\/wp\/v2\/product"}],"about":[{"href":"https:\/\/www.darwin4u.com\/de\/wp-json\/wp\/v2\/types\/product"}],"replies":[{"embeddable":true,"href":"https:\/\/www.darwin4u.com\/de\/wp-json\/wp\/v2\/comments?post=4841"}],"wp:featuredmedia":[{"embeddable":true,"href":"https:\/\/www.darwin4u.com\/de\/wp-json\/wp\/v2\/media\/12304"}],"wp:attachment":[{"href":"https:\/\/www.darwin4u.com\/de\/wp-json\/wp\/v2\/media?parent=4841"}],"wp:term":[{"taxonomy":"product_brand","embeddable":true,"href":"https:\/\/www.darwin4u.com\/de\/wp-json\/wp\/v2\/product_brand?post=4841"},{"taxonomy":"product_cat","embeddable":true,"href":"https:\/\/www.darwin4u.com\/de\/wp-json\/wp\/v2\/product_cat?post=4841"},{"taxonomy":"product_tag","embeddable":true,"href":"https:\/\/www.darwin4u.com\/de\/wp-json\/wp\/v2\/product_tag?post=4841"}],"curies":[{"name":"wp","href":"https:\/\/api.w.org\/{rel}","templated":true}]}}