{"id":485,"date":"2024-09-05T14:38:18","date_gmt":"2024-09-05T14:38:18","guid":{"rendered":"https:\/\/www.darwin4u.com\/produit\/aero-calf-sleeve-sub22\/"},"modified":"2026-03-24T20:18:04","modified_gmt":"2026-03-24T20:18:04","slug":"aero-calf-sleeve-sub22","status":"publish","type":"product","link":"https:\/\/www.darwin4u.com\/de\/produit\/aero-calf-sleeve-sub22\/","title":{"rendered":"Aero Calf Sleeve\u2122 SUB22"},"content":{"rendered":"<p class=\"MsoNormal\"><b>Uneingeschr\u00e4nkte Aerodynamik und Zeitersparnis.<\/b><b><span style=\"font-size: 10.5pt; line-height: 115%; font-family: 'Segoe UI',sans-serif; color: black; letter-spacing: .3pt; background: white;\"> <\/span><\/b><\/p>\n<p class=\"MsoNormal\">Triathleten k\u00f6nnen jetzt von der wattsparenden Technologie unserer rekordverd\u00e4chtigen Aero-Socken profitieren, allerdings ohne die von der UCI auferlegten Einschr\u00e4nkungen. Die zus\u00e4tzliche Wadenabdeckung im Vergleich zu den Socken sorgt f\u00fcr noch mehr Aerodynamik und Zeitersparnis, was sie ideal f\u00fcr Nicht-UCI-Zeitfahrveranstaltungen macht.<\/p>\n<p class=\"MsoNormal\">Wadensch\u00fctzer k\u00f6nnen bei Triathlonwettk\u00e4mpfen unter dem Neoprenanzug und f\u00fcr die Dauer des Wettkampfs getragen werden. Modernste Bekleidungstechnologien kombiniert mit im Windkanal getesteten Stoffen und Mustern sparen sowohl Watt als auch Zeit durch die Platzierung der Stoffe.<\/p>\n<ul>\n<li class=\"MsoNormal\">Entworfen und verbessert von Dan Bigham.<\/li>\n<li class=\"MsoNormal\">SUB22 - Optimale Aerodynamik bei Geschwindigkeiten unter 22mph.<\/li>\n<li class=\"MsoNormal\">Bis zu 8 Watt Einsparung.<\/li>\n<li class=\"MsoNormal\">Pr\u00e4zise geformt, um die Aerodynamik zu maximieren.<\/li>\n<li class=\"MsoNormal\">Aerodynamische Materialien.<\/li>\n<li class=\"MsoNormal\">TT und Track bew\u00e4hrt.<\/li>\n<\/ul>\n<p class=\"MsoNormal\">F\u00fcr die Gr\u00f6\u00dfenbestimmung messen Sie die breiteste Stelle der Wade.<\/p>\n<p><!----><\/p>","protected":false},"excerpt":{"rendered":"<p>Unrestricted aerodynamics and time savings. Triathletes can now benefit from the watt saving technology found in our record-breaking aero socks, but without the restrictions laid down by the UCI. The extra calf coverage, compared to the socks gives even greater aerodynamic and time savings, making them ideal for non UCI time trial events. Calf guards [&hellip;]<\/p>\n","protected":false},"featured_media":2487,"comment_status":"open","ping_status":"closed","template":"","meta":[],"product_brand":[],"product_cat":[672,682,683,686,668],"product_tag":[100],"class_list":{"0":"post-485","1":"product","2":"type-product","3":"status-publish","4":"has-post-thumbnail","6":"product_cat-accessories","7":"product_cat-accessories-cycle","8":"product_cat-accessories-swim","9":"product_cat-aero-time-saving-innovation","10":"product_cat-specialist-performance","11":"product_tag-aero-calf","12":"has-post-title","13":"has-post-date","14":"has-post-category","15":"has-post-tag","16":"has-post-comment","17":"has-post-author","18":"","20":"first","21":"instock","22":"taxable","23":"shipping-taxable","24":"purchasable","25":"product-type-variable"},"jetpack_sharing_enabled":true,"builder_content":"","_links":{"self":[{"href":"https:\/\/www.darwin4u.com\/de\/wp-json\/wp\/v2\/product\/485","targetHints":{"allow":["GET"]}}],"collection":[{"href":"https:\/\/www.darwin4u.com\/de\/wp-json\/wp\/v2\/product"}],"about":[{"href":"https:\/\/www.darwin4u.com\/de\/wp-json\/wp\/v2\/types\/product"}],"replies":[{"embeddable":true,"href":"https:\/\/www.darwin4u.com\/de\/wp-json\/wp\/v2\/comments?post=485"}],"wp:featuredmedia":[{"embeddable":true,"href":"https:\/\/www.darwin4u.com\/de\/wp-json\/wp\/v2\/media\/2487"}],"wp:attachment":[{"href":"https:\/\/www.darwin4u.com\/de\/wp-json\/wp\/v2\/media?parent=485"}],"wp:term":[{"taxonomy":"product_brand","embeddable":true,"href":"https:\/\/www.darwin4u.com\/de\/wp-json\/wp\/v2\/product_brand?post=485"},{"taxonomy":"product_cat","embeddable":true,"href":"https:\/\/www.darwin4u.com\/de\/wp-json\/wp\/v2\/product_cat?post=485"},{"taxonomy":"product_tag","embeddable":true,"href":"https:\/\/www.darwin4u.com\/de\/wp-json\/wp\/v2\/product_tag?post=485"}],"curies":[{"name":"wp","href":"https:\/\/api.w.org\/{rel}","templated":true}]}}