{"id":523,"date":"2024-09-05T15:38:31","date_gmt":"2024-09-05T14:38:31","guid":{"rendered":"https:\/\/www.darwin4u.com\/produit\/aero-bridge-base-layer-full-sleeve\/"},"modified":"2026-03-24T20:40:55","modified_gmt":"2026-03-24T20:40:55","slug":"aero-bridge-base-layer-full-sleeve","status":"publish","type":"product","link":"https:\/\/www.darwin4u.com\/de\/produit\/aero-bridge-base-layer-full-sleeve\/","title":{"rendered":"Aero-Bridge Base Layer - Volle \u00c4rmel"},"content":{"rendered":"<p data-mce-fragment=\"1\">Die originale Aero-Bridge Unterweste. Entwickelt im Silverstone Sports Engineering Hub und Derby Velodrome zusammen mit den besten Ingenieuren und Fahrern der Welt.<\/p>\n<p data-mce-fragment=\"1\"><span data-mce-fragment=\"1\">Ein dynamisches Unterhemd, das mit jedem Aero Speed Suit mit glatten \u00c4rmeln getragen werden kann. Der Baselayer hat bei den Olympischen Spielen f\u00fcr Furore gesorgt und die Nationen dazu gebracht, sich zu fragen, warum sie nicht daran gedacht haben. Sie ist so effektiv, dass jeder sie haben will! Dies ist das Produkt, das einige Radsportteams zum Ausrasten brachte... Wir h\u00e4tten es eigentlich FTL-Unterhemd nennen sollen. Aber das schnellste Geheimnis ist jetzt im Handel erh\u00e4ltlich, und das zu einem Preis, der nicht nur f\u00fcr reiche Radsportnationen gilt.<br data-mce-fragment=\"1\"><br data-mce-fragment=\"1\">Die Aero-Bridge Unterweste wurde entwickelt, um eine einzigartige Oberfl\u00e4chenreaktion zu erzeugen, die die Grenzschicht des K\u00f6rpers unterbricht und die effektivste L\u00f6sung f\u00fcr signifikante Geschwindigkeitssteigerungen bietet. Sie nutzt die patentierte \u2018Aero-Bridge\u2019-Technologie von HUUB und ist eine weitere HUUB-Premiere, die allen Athleten hilft, ihr Potenzial auf der Stra\u00dfe oder der Bahn zu entfalten.<br data-mce-fragment=\"1\"><br data-mce-fragment=\"1\">Die Basisschicht erzeugt dynamische Oberfl\u00e4chenreaktionen, um die Grenzschicht der Luft, die \u00fcber die Zylinder des K\u00f6rpers (Bizeps und Unterarme) str\u00f6mt, auszul\u00f6sen. Das Ergebnis sind erhebliche aerodynamische Einsparungen, die sogar gr\u00f6\u00dfer sind als bei herk\u00f6mmlichen strukturierten Stoffen.\u00a0<\/span><\/p>\n<p>Bei der Aero-Bridge-Technologie wird glattes Gewebe \u00fcber geripptes Gewebe gespannt (erhabene Rippen bilden eine Aufh\u00e4ngung des Materials wie eine H\u00e4ngebr\u00fccke), um die Luftstr\u00f6mung durch die Rippe zu unterbrechen und dann durch das aufgeh\u00e4ngte Gewebe weiter zu ver\u00e4ndern, wodurch winzige Luftpartikel die Verschiebung der Grenzschicht verst\u00e4rken. F\u00fcr unterschiedliche Geschwindigkeiten k\u00f6nnen verschiedene Rippen verwendet werden.<\/p>\n<p><span data-mce-fragment=\"1\">Mit unserer neuen, exklusiven \u2018Aero-Bridge\u2019-Technologie wird unter dem Anzug ein geripptes Gewebe getragen, das je nach Geschwindigkeit unterschiedlich gro\u00df ist. Durch diese Verbindung kann die Unterw\u00e4sche das Geheimnis preisgeben, das Nationen, Einzelpersonen und Rekordhalter dabei unterst\u00fctzt, ihr Bestes zu erreichen.<\/span><\/p>\n<ul>\n<li>Leichte italienische Stoffe.<\/li>\n<li>Atmungsaktive K\u00f6rperstoffe.<\/li>\n<li>Vollst\u00e4ndige Abdeckung der Arme.<\/li>\n<li>Bew\u00e4hrte, erprobte und medaillengekr\u00f6nte Technologie.<\/li>\n<li>Ausgiebig im Windkanal getestet.<\/li>\n<li>F\u00fcr Geschwindigkeiten von 45-55 km\/h<\/li>\n<\/ul>\n<p>Die Aero-Bridge Unterweste funktioniert mit Anz\u00fcgen mit glatter Haut. Wir empfehlen die <a title=\"Aero Skin Anzug\" href=\"https:\/\/huubdesign.com\/collections\/all\/products\/skin-suit-hexagon?variant=40110491926611\"><strong>Aero Skin Anzug<\/strong><\/a>\u00a0mit unserer patentierten (EP3213911B1) Aero-Bridge Unterweste.<\/p>\n<p><\/p>","protected":false},"excerpt":{"rendered":"<p>The original Aero-Bridge Undervest. Developed at\u00a0the Silverstone Sports Engineering Hub and Derby Velodrome alongside the World&#8217;s greatest engineers and riders. A dynamic Undervest designed to be worn with any smooth sleeve Aero Speed Suit. The baselayer lit up the Olympic Games and caused nations to stop and ask why they hadn&#8217;t thought of it. It [&hellip;]<\/p>\n","protected":false},"featured_media":2502,"comment_status":"open","ping_status":"closed","template":"","meta":[],"product_brand":[],"product_cat":[686,668,681],"product_tag":[96,98,78],"class_list":{"0":"post-523","1":"product","2":"type-product","3":"status-publish","4":"has-post-thumbnail","6":"product_cat-aero-time-saving-innovation","7":"product_cat-specialist-performance","8":"product_cat-sub7-the-worlds-fastest-tri-suit","9":"product_tag-aero","10":"product_tag-categoryaero","11":"product_tag-gendermens","12":"has-post-title","13":"has-post-date","14":"has-post-category","15":"has-post-tag","16":"has-post-comment","17":"has-post-author","18":"","20":"first","21":"onbackorder","22":"taxable","23":"shipping-taxable","24":"purchasable","25":"product-type-variable"},"jetpack_sharing_enabled":true,"builder_content":"","_links":{"self":[{"href":"https:\/\/www.darwin4u.com\/de\/wp-json\/wp\/v2\/product\/523","targetHints":{"allow":["GET"]}}],"collection":[{"href":"https:\/\/www.darwin4u.com\/de\/wp-json\/wp\/v2\/product"}],"about":[{"href":"https:\/\/www.darwin4u.com\/de\/wp-json\/wp\/v2\/types\/product"}],"replies":[{"embeddable":true,"href":"https:\/\/www.darwin4u.com\/de\/wp-json\/wp\/v2\/comments?post=523"}],"wp:featuredmedia":[{"embeddable":true,"href":"https:\/\/www.darwin4u.com\/de\/wp-json\/wp\/v2\/media\/2502"}],"wp:attachment":[{"href":"https:\/\/www.darwin4u.com\/de\/wp-json\/wp\/v2\/media?parent=523"}],"wp:term":[{"taxonomy":"product_brand","embeddable":true,"href":"https:\/\/www.darwin4u.com\/de\/wp-json\/wp\/v2\/product_brand?post=523"},{"taxonomy":"product_cat","embeddable":true,"href":"https:\/\/www.darwin4u.com\/de\/wp-json\/wp\/v2\/product_cat?post=523"},{"taxonomy":"product_tag","embeddable":true,"href":"https:\/\/www.darwin4u.com\/de\/wp-json\/wp\/v2\/product_tag?post=523"}],"curies":[{"name":"wp","href":"https:\/\/api.w.org\/{rel}","templated":true}]}}