{"id":529,"date":"2024-09-05T14:38:34","date_gmt":"2024-09-05T14:38:34","guid":{"rendered":"https:\/\/www.darwin4u.com\/produit\/agilis-ii-wetsuit-mens\/"},"modified":"2026-03-24T09:37:24","modified_gmt":"2026-03-24T09:37:24","slug":"agilis-ii-wetsuit-mens","status":"publish","type":"product","link":"https:\/\/www.darwin4u.com\/de\/produit\/agilis-ii-wetsuit-mens\/","title":{"rendered":"Agilis II Neoprenanzug - Herren"},"content":{"rendered":"<div class=\"\"><b class=\"\">DIE SCHNELLSTE MASCHINE DER WELT, WURDE GERADE NOCH SCHNELLER<\/b><\/div>\n<div class=\"\"><b class=\"\">\u00a0<\/b><\/div>\n<div class=\"\">\n<p>Eine neue Stufe der Reibungs-\/Widerstandsreduzierung, die nachweislich 53 Sekunden pro geschwommener Stunde einspart (gemessen bei 1 Stunde und 3,8 km Schwimmtempo)<\/p>\n<p>Kombiniert mit unserem Ziel, das Schwimmerlebnis zu verbessern und die Erm\u00fcdung w\u00e4hrend des Schwimmens zu reduzieren, um eine h\u00f6here Geschwindigkeit und schnellere Post-Swim-Splits zu erreichen.<\/p>\n<p>Wir haben uns darauf konzentriert, das Wassergewicht in den Armen w\u00e4hrend des Schwimmens zu reduzieren, wobei die Schlagfrequenz eine enorme Gewichtseinsparung an den rotierenden Armen \u00fcber alle Schwimmdistanzen widerspiegeln kann. Wir wissen, dass wasserabsorbierende Doppel-Nylon-Paneele und Auffangzonen nicht funktionieren (White Paper hat das bewiesen) und alles, was sie tun, ist die Erm\u00fcdung aufgrund des Wassergewichts beim Schwimmen zu erh\u00f6hen - denken Sie daran, wie oft Sie w\u00e4hrend 100 m schwimmen und multiplizieren Sie das.<\/p>\n<p>Huub. Erforschen Sie den Gewinn. Die Wissenschaft liefert die Antworten und die Realit\u00e4t macht es f\u00fcr Sie machbar ...<\/p>\n<p>HUUB.....<\/p>\n<p>Wir sind schneller.<\/p>\n<p>Vierj\u00e4hrige Forschungszyklen zu Oberk\u00f6rpermaterialien auf der Suche nach dem ultimativen \u2018Kein-Anzug-Gef\u00fchl\u2019 haben den Agilis II hervorgebracht. Manchmal sind die richtigen Materialien nicht ohne Weiteres verf\u00fcgbar. An diesem Punkt haben wir Zeit damit verbracht, mit Lieferanten zusammenzuarbeiten, um genau das zu entwickeln, was in unserem Streben nach st\u00e4ndiger Verbesserung des Besten ben\u00f6tigt wird. Der Agilis II steht an der Spitze unseres Sortiments und erf\u00fcllt die einfache Vorgabe der Brownlee-Br\u00fcder - das Gef\u00fchl zu haben, keinen Neoprenanzug zu tragen.<\/p>\n<\/div>\n<div class=\"\" aria-hidden=\"true\"><\/div>\n<div class=\"\"><b class=\"\">DIE ZUS\u00c4TZLICHEN GEWINNE<\/b><\/div>\n<div class=\"\"><b class=\"\">\u00a0<\/b><\/div>\n<p>Streng getestet auf dem <a href=\"https:\/\/huubdesign.com\/blogs\/huub-tv\/why-we-test?srsltid=AfmBOopxTGhiph-FrxcbK_-qVYk7GdX9_xPlElNMFBrvVib7XIVeoSCQ\" target=\"_blank\" rel=\"noopener noreferrer\">M.A.D.-System<\/a>, Der Agilis II durchlief zahllose Prototypen, um sicherzustellen, dass unsere fortschrittlichen Ideen auch wirklich etwas bewirken. Hier unterscheidet sich HUUB stolz von allen anderen Neoprenanzug- und Schwimmbekleidungsherstellern, denn wir verf\u00fcgen \u00fcber einen eigenen \u2018Windkanal f\u00fcr das Wasser\u2019, in dem wir die Auswirkungen eines Anzugs auf die Leistung eines Schwimmers bis auf 1% genau messen k\u00f6nnen. Eine Gewissheit, die kein anderes Unternehmen hat.<\/p>\n<p>Neopren 80%, Polymid (Nylon) 15%, metallisierte Fasern 3%, Baumwolle 2%<\/p>\n<h4>Wie sollte ein gut passender Neoprenanzug aussehen?<\/h4>\n<p>W\u00e4hlen Sie unten eine Gr\u00f6\u00dfe aus, um zu sehen, wie sie aussehen sollte:<\/p>\n<div>Herren Gr\u00f6\u00dfe:\u00a0 \u00a0\u00a0<strong><a href=\"https:\/\/cdn.shopify.com\/s\/files\/1\/0233\/5881\/files\/MENS_S.mp4?16185\" target=\"_blank\" rel=\"noopener noreferrer\">S<\/a>\u00a0<\/strong> -\u00a0\u00a0\u00a0<a href=\"https:\/\/cdn.shopify.com\/s\/files\/1\/0233\/5881\/files\/MENS_SMT.mp4?16185\" target=\"_blank\" rel=\"noopener noreferrer\"><strong>SMT<\/strong><\/a>\u00a0 -\u00a0 <a href=\"https:\/\/cdn.shopify.com\/s\/files\/1\/0233\/5881\/files\/MENS_M.mp4?16189\" target=\"_blank\" rel=\"noopener noreferrer\"><strong>M<\/strong><\/a>\u00a0 -\u00a0 <a href=\"https:\/\/cdn.shopify.com\/s\/files\/1\/0233\/5881\/files\/MENS_MT.mp4?16189\" target=\"_blank\" rel=\"noopener noreferrer\"><strong>MT<\/strong><\/a>\u00a0 -\u00a0 <a href=\"https:\/\/cdn.shopify.com\/s\/files\/1\/0233\/5881\/files\/MENS_ML.mp4?16189\" target=\"_blank\" rel=\"noopener noreferrer\"><strong>ML<\/strong><\/a>\u00a0 -\u00a0 <a href=\"https:\/\/cdn.shopify.com\/s\/files\/1\/0233\/5881\/files\/MENS_XL.mp4?16189\" target=\"_blank\" rel=\"noopener noreferrer\"><strong>XL<\/strong><\/a>\u00a0 -\u00a0<strong>\u00a0\u00a0<a href=\"https:\/\/cdn.shopify.com\/s\/files\/1\/0233\/5881\/files\/MENS_SS.mp4?16190\" target=\"_blank\" rel=\"noopener noreferrer\">SS<\/a><\/strong><\/div>\n<div><\/div>\n<div>Gr\u00f6\u00dfe der Frauen:\u00a0 \u00a0<a href=\"https:\/\/cdn.shopify.com\/s\/files\/1\/0233\/5881\/files\/WOMENS_S_2.0.mp4?16189\" target=\"_blank\" rel=\"noopener noreferrer\"><strong>S<\/strong><\/a>\u00a0 -\u00a0 <a href=\"https:\/\/cdn.shopify.com\/s\/files\/1\/0233\/5881\/files\/WOMENS_M.mp4?16189\" target=\"_blank\" rel=\"noopener noreferrer\"><strong>M<\/strong><\/a>\u00a0 -\u00a0 <a href=\"https:\/\/cdn.shopify.com\/s\/files\/1\/0233\/5881\/files\/WOMENS_ML.mp4?16189\" target=\"_blank\" rel=\"noopener noreferrer\"><strong>ML<\/strong><\/a>\u00a0\u00a0-\u00a0\u00a0<a href=\"https:\/\/cdn.shopify.com\/s\/files\/1\/0233\/5881\/files\/WOMENS_SS_1.mp4?16190\" target=\"_blank\" rel=\"noopener noreferrer\"><strong>SS<\/strong><\/a><\/div>\n<div><\/div>\n<div>\n<p><a href=\"https:\/\/huubdesign.com\/pages\/refund-policy\">Informationen zur Garantie<\/a><\/p>\n<\/div>","protected":false},"excerpt":{"rendered":"<p>THE WORLD\u2019S FASTEST, JUST GOT FASTER \u00a0 A new level of Friction\/Drag reduction that delivers a data proven 53 second reduction for every hour swam (measured at 1 hour 3.8k swim pace) Combined with our goal of enhancing the swim experience and reducing fatigue during the swim to deliver greater speed and faster post swim [&hellip;]<\/p>\n","protected":false},"featured_media":2510,"comment_status":"open","ping_status":"closed","template":"","meta":[],"product_brand":[],"product_cat":[686,678],"product_tag":[78,91,92,144],"class_list":{"0":"post-529","1":"product","2":"type-product","3":"status-publish","4":"has-post-thumbnail","6":"product_cat-aero-time-saving-innovation","7":"product_cat-wetsuits","8":"product_tag-gendermens","9":"product_tag-swim-all","10":"product_tag-triathlon-all","11":"product_tag-wetsuit-mens","12":"has-post-title","13":"has-post-date","14":"has-post-category","15":"has-post-tag","16":"has-post-comment","17":"has-post-author","18":"","20":"first","21":"instock","22":"taxable","23":"shipping-taxable","24":"purchasable","25":"product-type-variable"},"jetpack_sharing_enabled":true,"builder_content":"","_links":{"self":[{"href":"https:\/\/www.darwin4u.com\/de\/wp-json\/wp\/v2\/product\/529","targetHints":{"allow":["GET"]}}],"collection":[{"href":"https:\/\/www.darwin4u.com\/de\/wp-json\/wp\/v2\/product"}],"about":[{"href":"https:\/\/www.darwin4u.com\/de\/wp-json\/wp\/v2\/types\/product"}],"replies":[{"embeddable":true,"href":"https:\/\/www.darwin4u.com\/de\/wp-json\/wp\/v2\/comments?post=529"}],"wp:featuredmedia":[{"embeddable":true,"href":"https:\/\/www.darwin4u.com\/de\/wp-json\/wp\/v2\/media\/2510"}],"wp:attachment":[{"href":"https:\/\/www.darwin4u.com\/de\/wp-json\/wp\/v2\/media?parent=529"}],"wp:term":[{"taxonomy":"product_brand","embeddable":true,"href":"https:\/\/www.darwin4u.com\/de\/wp-json\/wp\/v2\/product_brand?post=529"},{"taxonomy":"product_cat","embeddable":true,"href":"https:\/\/www.darwin4u.com\/de\/wp-json\/wp\/v2\/product_cat?post=529"},{"taxonomy":"product_tag","embeddable":true,"href":"https:\/\/www.darwin4u.com\/de\/wp-json\/wp\/v2\/product_tag?post=529"}],"curies":[{"name":"wp","href":"https:\/\/api.w.org\/{rel}","templated":true}]}}