{"id":5751,"date":"2024-09-05T15:14:26","date_gmt":"2024-09-05T15:14:26","guid":{"rendered":"https:\/\/www.darwin4u.com\/produit\/fuud-box-top-tube-bag\/"},"modified":"2026-03-24T09:25:35","modified_gmt":"2026-03-24T09:25:35","slug":"fuud-box-top-tube-bag","status":"publish","type":"product","link":"https:\/\/www.darwin4u.com\/de\/produit\/fuud-box-top-tube-bag\/","title":{"rendered":"FUUD Box - Oberrohrtasche"},"content":{"rendered":"<p>Ideal f\u00fcr eine Vielzahl von Anwendungen, perfekt f\u00fcr die Ern\u00e4hrung am Renntag oder Ersatzteile. Im Training, zu halten, um Ihre Wertsachen, Telefon, Energie-Gels und Bargeld. Diese sind auch immer beliebter in der Bike-Packing-Welt bietet zus\u00e4tzliche Aero Lagerung f\u00fcr Radsport-Abenteuer.<br data-mce-fragment=\"1\"><br data-mce-fragment=\"1\"><\/p>\n<ul>\n<li>Aero-Design zur Reduzierung des Luftwiderstands.<\/li>\n<li>Geformt f\u00fcr einen soliden Sitz des Oberrohrs.<\/li>\n<li>Vollst\u00e4ndig wasserdicht.<\/li>\n<li>Gro\u00dfe Kapazit\u00e4t.<\/li>\n<li>Einfaches \u00d6ffnen, Rei\u00dfverschluss mit einem Finger.<\/li>\n<li>Sichere 3-Punkt-Klettverschl\u00fcsse.<\/li>\n<li>16cm L\u00e4nge x 5cm Breite<\/li>\n<\/ul>","protected":false},"excerpt":{"rendered":"<p>Ideal for a variety of uses, perfect for race day nutrition or spares. In training, to hold to your valuables, phone, energy gels and cash. These are also growing ever popular in the bike-packing world offering extra aero storage for cycling adventures. Aero design to reduce drag. Shaped for a solid top tube fit. Fully [&hellip;]<\/p>\n","protected":false},"featured_media":12608,"comment_status":"open","ping_status":"closed","template":"","meta":[],"product_brand":[],"product_cat":[682,654],"product_tag":[147,85,92],"class_list":{"0":"post-5751","1":"product","2":"type-product","3":"status-publish","4":"has-post-thumbnail","6":"product_cat-accessories-cycle","7":"product_cat-bags","8":"product_tag-aeroaccessories","9":"product_tag-bags","10":"product_tag-triathlon-all","11":"has-post-title","12":"has-post-date","13":"has-post-category","14":"has-post-tag","15":"has-post-comment","16":"has-post-author","17":"","19":"first","20":"instock","21":"taxable","22":"shipping-taxable","23":"purchasable","24":"product-type-simple"},"jetpack_sharing_enabled":true,"builder_content":"","_links":{"self":[{"href":"https:\/\/www.darwin4u.com\/de\/wp-json\/wp\/v2\/product\/5751","targetHints":{"allow":["GET"]}}],"collection":[{"href":"https:\/\/www.darwin4u.com\/de\/wp-json\/wp\/v2\/product"}],"about":[{"href":"https:\/\/www.darwin4u.com\/de\/wp-json\/wp\/v2\/types\/product"}],"replies":[{"embeddable":true,"href":"https:\/\/www.darwin4u.com\/de\/wp-json\/wp\/v2\/comments?post=5751"}],"wp:featuredmedia":[{"embeddable":true,"href":"https:\/\/www.darwin4u.com\/de\/wp-json\/wp\/v2\/media\/12608"}],"wp:attachment":[{"href":"https:\/\/www.darwin4u.com\/de\/wp-json\/wp\/v2\/media?parent=5751"}],"wp:term":[{"taxonomy":"product_brand","embeddable":true,"href":"https:\/\/www.darwin4u.com\/de\/wp-json\/wp\/v2\/product_brand?post=5751"},{"taxonomy":"product_cat","embeddable":true,"href":"https:\/\/www.darwin4u.com\/de\/wp-json\/wp\/v2\/product_cat?post=5751"},{"taxonomy":"product_tag","embeddable":true,"href":"https:\/\/www.darwin4u.com\/de\/wp-json\/wp\/v2\/product_tag?post=5751"}],"curies":[{"name":"wp","href":"https:\/\/api.w.org\/{rel}","templated":true}]}}