{"id":6079,"date":"2024-09-05T17:15:48","date_gmt":"2024-09-05T15:15:48","guid":{"rendered":"https:\/\/www.darwin4u.com\/produit\/eternal-long-sleeve-jersey-womens\/"},"modified":"2026-04-05T11:25:27","modified_gmt":"2026-04-05T09:25:27","slug":"eternal-long-sleeve-jersey-womens","status":"publish","type":"product","link":"https:\/\/www.darwin4u.com\/de\/produit\/eternal-long-sleeve-jersey-womens\/","title":{"rendered":"Eternal Langarmtrikot - Damen"},"content":{"rendered":"<p><strong><\/strong><strong>Ewige<\/strong><\/p>\n<p>Die ewige Suche nach Leistung und Komfort hat diese Kollektion inspiriert. Das Ergebnis ist eine Kollektion mit hohen Standards und viel Liebe zum Detail, die einen Aero-Vorteil f\u00fcr eine breite Palette von Fahrgeschwindigkeiten zu einem hervorragenden Preis bietet.<\/p>\n<p><span>Wie bei unserer gesamten Radsportbekleidung verwenden wir nur die neuesten, qualitativ hochwertigen, feuchtigkeitsregulierenden Stoffe, die \u00fcber alle St\u00e4rken und Eigenschaften verf\u00fcgen, die Sie von HUUB erwarten.\u00a0<\/span><\/p>\n<p data-mce-fragment=\"1\">Mit den hochwertigsten schwei\u00dfableitenden, aerodynamischen Stoffen und einem Design, das den Anforderungen von Training und Rennen gerecht wird. Eternal ist eine Leistungsserie f\u00fcr alle Radfahrer, die Komfort bietet, ohne Kompromisse bei Geschwindigkeit, Funktion oder Design einzugehen.<\/p>\n<p data-mce-fragment=\"1\"><b data-mce-fragment=\"1\">Lang\u00e4rmeliges Thermal-Jersey<\/b><\/p>\n<p data-mce-fragment=\"1\">Unser Langarm-Thermotrikot besteht aus hochelastischen Vier-Wege-Stretch-Thermomaterialien, die das Trikot eng anliegend und stylisch aussehen lassen, w\u00e4hrend sie dich auf deiner Fahrt warm und bequem halten. Durch die Verwendung unserer Arms Neutral\u2122-\u00c4rmel wird das Trikot an deine Fahrposition angepasst, was die Passform verbessert und den Komfort w\u00e4hrend der Fahrt erh\u00f6ht.\u00a0<\/p>\n<p data-mce-fragment=\"1\"><b data-mce-fragment=\"1\">Eigenschaften<\/b><br data-mce-fragment=\"1\"><\/p>\n<ul data-mce-fragment=\"1\">\n<li data-mce-fragment=\"1\">Durchgehender HUUB Cam Lock-Rei\u00dfverschluss.<br data-mce-fragment=\"1\">\n<\/li>\n<li data-mce-fragment=\"1\">Drei reflektierende Paspeltaschen.\u00a0<br data-mce-fragment=\"1\">\n<\/li>\n<li data-mce-fragment=\"1\">Reflektierende Rei\u00dfverschlusstasche im UK-Stil auf der linken Seite.\u00a0<br data-mce-fragment=\"1\">\n<\/li>\n<li data-mce-fragment=\"1\">Arme Neutral\u2122 Satz \u00c4rmel.<br data-mce-fragment=\"1\">\n<\/li>\n<li data-mce-fragment=\"1\">Der Silikon-Taillengreifer der Marke HUUB h\u00e4lt das Trikot an seinem Platz.<\/li>\n<\/ul>\n<ul><\/ul>\n<h4><\/h4>","protected":false},"excerpt":{"rendered":"<p>Eternal The Eternal search for performance and comfort inspired this collection, resulting in a range with high standards and close attention to detail, offering an aero benefit across a wide range of cycling speeds at outstanding value. As with all our cycling wear, we only use the latest, high quality, moisture management fabrics, built with [&hellip;]<\/p>\n","protected":false},"featured_media":12729,"comment_status":"open","ping_status":"closed","template":"","meta":[],"product_brand":[],"product_cat":[15],"product_tag":[136,171,87,164,173],"class_list":{"0":"post-6079","1":"product","2":"type-product","3":"status-publish","4":"has-post-thumbnail","6":"product_cat-non-classe","7":"product_tag-categorythermal-jersey","8":"product_tag-collectioneternal","9":"product_tag-genderwomens","10":"product_tag-newtosale","11":"product_tag-womens-cycling-clothing","12":"has-post-title","13":"has-post-date","14":"has-post-category","15":"has-post-tag","16":"has-post-comment","17":"has-post-author","18":"","20":"first","21":"instock","22":"taxable","23":"shipping-taxable","24":"purchasable","25":"product-type-variable"},"jetpack_sharing_enabled":true,"builder_content":"","_links":{"self":[{"href":"https:\/\/www.darwin4u.com\/de\/wp-json\/wp\/v2\/product\/6079","targetHints":{"allow":["GET"]}}],"collection":[{"href":"https:\/\/www.darwin4u.com\/de\/wp-json\/wp\/v2\/product"}],"about":[{"href":"https:\/\/www.darwin4u.com\/de\/wp-json\/wp\/v2\/types\/product"}],"replies":[{"embeddable":true,"href":"https:\/\/www.darwin4u.com\/de\/wp-json\/wp\/v2\/comments?post=6079"}],"wp:featuredmedia":[{"embeddable":true,"href":"https:\/\/www.darwin4u.com\/de\/wp-json\/wp\/v2\/media\/12729"}],"wp:attachment":[{"href":"https:\/\/www.darwin4u.com\/de\/wp-json\/wp\/v2\/media?parent=6079"}],"wp:term":[{"taxonomy":"product_brand","embeddable":true,"href":"https:\/\/www.darwin4u.com\/de\/wp-json\/wp\/v2\/product_brand?post=6079"},{"taxonomy":"product_cat","embeddable":true,"href":"https:\/\/www.darwin4u.com\/de\/wp-json\/wp\/v2\/product_cat?post=6079"},{"taxonomy":"product_tag","embeddable":true,"href":"https:\/\/www.darwin4u.com\/de\/wp-json\/wp\/v2\/product_tag?post=6079"}],"curies":[{"name":"wp","href":"https:\/\/api.w.org\/{rel}","templated":true}]}}