{"id":6085,"date":"2024-09-05T17:15:50","date_gmt":"2024-09-05T15:15:50","guid":{"rendered":"https:\/\/www.darwin4u.com\/produit\/eternal-short-sleeve-jersey-womens\/"},"modified":"2026-04-05T11:22:44","modified_gmt":"2026-04-05T09:22:44","slug":"eternal-short-sleeve-jersey-womens","status":"publish","type":"product","link":"https:\/\/www.darwin4u.com\/de\/produit\/eternal-short-sleeve-jersey-womens\/","title":{"rendered":"Eternal Kurzarmtrikot - Damen"},"content":{"rendered":"<p><strong><\/strong><strong>Ewige<\/strong><\/p>\n<p>Die ewige Suche nach Leistung und Komfort hat diese Kollektion inspiriert. Das Ergebnis ist eine Kollektion mit hohen Standards und viel Liebe zum Detail, die einen Aero-Vorteil f\u00fcr eine breite Palette von Fahrgeschwindigkeiten zu einem hervorragenden Preis bietet.<\/p>\n<p><span>Wie bei unserer gesamten Radsportbekleidung verwenden wir nur die neuesten, qualitativ hochwertigen, feuchtigkeitsregulierenden Stoffe, die \u00fcber alle St\u00e4rken und Eigenschaften verf\u00fcgen, die Sie von HUUB erwarten.\u00a0<\/span><\/p>\n<p>Mit den hochwertigsten schwei\u00dfableitenden, aerodynamischen Stoffen und einem Design, das den Anforderungen von Training und Rennen gerecht wird. Eternal ist eine Leistungsserie f\u00fcr alle Radfahrer, die Komfort bietet, ohne Kompromisse bei Geschwindigkeit, Funktion oder Design einzugehen.<\/p>\n<h4>\n<b><\/b><b>Kurz\u00e4rmeliges Jersey<\/b><br \/>\n<\/h4>\n<p>Unser Performance-Trikot ist f\u00fcr alle Formen und Gr\u00f6\u00dfen geeignet. Die 4-Wege-Stretch-Stoffe passen sich den Konturen deines K\u00f6rpers an und halten das Trikot aerodynamisch und komfortabel, selbst auf den l\u00e4ngsten Trainingsfahrten. Unser Trikot erf\u00fcllt mit atmungsaktiven Eigenschaften und schwei\u00dfableitenden, leichten Stoffen alle Ihre Bed\u00fcrfnisse bei jeder Fahrt.<\/p>\n<p><b>Eigenschaften<\/b><\/p>\n<ul>\n<li>Durchgehender HUUB Cam Lock-Rei\u00dfverschluss.\n<\/li>\n<li>Leichte, atmungsaktive Mesh-Eins\u00e4tze unter den Armen.\n<\/li>\n<li>Drei reflektierende Paspeltaschen.\n<\/li>\n<li>Verschwei\u00dfte \u00c4rmel f\u00fcr mehr Komfort.\n<\/li>\n<li>Arme Neutral\u2122 Satz \u00c4rmel.\n<\/li>\n<li>Vier-Wege-Stretch-Stoffe f\u00fcr alle K\u00f6rpertypen.\n<\/li>\n<li>Reflektierende Rei\u00dfverschlusstasche im UK-Stil auf der linken Seite.\n<\/li>\n<li>Der Silikon-Taillengreifer der Marke HUUB h\u00e4lt das Trikot an seinem Platz.<\/li>\n<\/ul>\n<ul><\/ul>\n<h4><\/h4>","protected":false},"excerpt":{"rendered":"<p>Eternal The Eternal search for performance and comfort inspired this collection, resulting in a range with high standards and close attention to detail, offering an aero benefit across a wide range of cycling speeds at outstanding value. As with all our cycling wear, we only use the latest, high quality, moisture management fabrics, built with [&hellip;]<\/p>\n","protected":false},"featured_media":12732,"comment_status":"open","ping_status":"closed","template":"","meta":[],"product_brand":[],"product_cat":[15],"product_tag":[119,171,87,164,173],"class_list":{"0":"post-6085","1":"product","2":"type-product","3":"status-publish","4":"has-post-thumbnail","6":"product_cat-non-classe","7":"product_tag-categoryshort-sleeve-jersey","8":"product_tag-collectioneternal","9":"product_tag-genderwomens","10":"product_tag-newtosale","11":"product_tag-womens-cycling-clothing","12":"has-post-title","13":"has-post-date","14":"has-post-category","15":"has-post-tag","16":"has-post-comment","17":"has-post-author","18":"","20":"first","21":"instock","22":"taxable","23":"shipping-taxable","24":"purchasable","25":"product-type-variable"},"jetpack_sharing_enabled":true,"builder_content":"","_links":{"self":[{"href":"https:\/\/www.darwin4u.com\/de\/wp-json\/wp\/v2\/product\/6085","targetHints":{"allow":["GET"]}}],"collection":[{"href":"https:\/\/www.darwin4u.com\/de\/wp-json\/wp\/v2\/product"}],"about":[{"href":"https:\/\/www.darwin4u.com\/de\/wp-json\/wp\/v2\/types\/product"}],"replies":[{"embeddable":true,"href":"https:\/\/www.darwin4u.com\/de\/wp-json\/wp\/v2\/comments?post=6085"}],"wp:featuredmedia":[{"embeddable":true,"href":"https:\/\/www.darwin4u.com\/de\/wp-json\/wp\/v2\/media\/12732"}],"wp:attachment":[{"href":"https:\/\/www.darwin4u.com\/de\/wp-json\/wp\/v2\/media?parent=6085"}],"wp:term":[{"taxonomy":"product_brand","embeddable":true,"href":"https:\/\/www.darwin4u.com\/de\/wp-json\/wp\/v2\/product_brand?post=6085"},{"taxonomy":"product_cat","embeddable":true,"href":"https:\/\/www.darwin4u.com\/de\/wp-json\/wp\/v2\/product_cat?post=6085"},{"taxonomy":"product_tag","embeddable":true,"href":"https:\/\/www.darwin4u.com\/de\/wp-json\/wp\/v2\/product_tag?post=6085"}],"curies":[{"name":"wp","href":"https:\/\/api.w.org\/{rel}","templated":true}]}}