{"id":6091,"date":"2024-09-05T16:15:51","date_gmt":"2024-09-05T15:15:51","guid":{"rendered":"https:\/\/www.darwin4u.com\/produit\/eternal-peaks-thermal-bib-tights-mens\/"},"modified":"2026-04-05T11:26:20","modified_gmt":"2026-04-05T09:26:20","slug":"eternal-peaks-thermal-bib-tights-mens","status":"publish","type":"product","link":"https:\/\/www.darwin4u.com\/de\/produit\/eternal-peaks-thermal-bib-tights-mens\/","title":{"rendered":"Eternal Peaks Thermal Bib Tights - Herren"},"content":{"rendered":"<p><strong><\/strong><strong>Ewige<\/strong><\/p>\n<p>Die ewige Suche nach Leistung und Komfort hat diese Kollektion inspiriert. Das Ergebnis ist eine Kollektion mit hohen Standards und viel Liebe zum Detail, die einen Aero-Vorteil f\u00fcr eine breite Palette von Fahrgeschwindigkeiten zu einem hervorragenden Preis bietet.<\/p>\n<p><span>Wie bei unserer gesamten Radsportbekleidung verwenden wir nur die neuesten, qualitativ hochwertigen, feuchtigkeitsregulierenden Stoffe, die \u00fcber alle St\u00e4rken und Eigenschaften verf\u00fcgen, die Sie von HUUB erwarten.\u00a0<\/span><\/p>\n<p><span>Unsere Thermolatzhosen bestehen aus feinsten Thermostoffen, die f\u00fcr eine erh\u00f6hte Dehnbarkeit und ein k\u00f6rpernahes, ma\u00dfgeschneidertes Tragegef\u00fchl sorgen und gleichzeitig K\u00e4lte und Wind abhalten. <\/span><\/p>\n<ul>\n<li><span>Mesh-Eins\u00e4tze f\u00fcr Atmungsaktivit\u00e4t und Komfort<\/span><\/li>\n<li><span>HUUBs exklusives 3D-Feuchtigkeitsmanagement-Sitzpolster mit glatten Linien und hochdichtem Schaumstoff <\/span><\/li>\n<li><span>Leichte, atmungsaktive Zwei-Wege-Stretch-Schulterrippe<\/span><\/li>\n<li><span>Breiter elastischer Saum und Greifer <\/span><\/li>\n<li><span>HUUBs anatomischer 6-Panel-Schnitt<\/span><\/li>\n<li><span>Reflektierende Kn\u00f6chelstreifen<\/span><\/li>\n<\/ul>\n<p><strong>HUUB's 6 Panel Anatomischer Schnitt:<\/strong><\/p>\n<p><span>Der anatomische 6-Panel-Schnitt von HUUB bietet eine bessere Passform, weniger Druck und mehr Komfort. Die kleinen Stoffst\u00fccke erleichtern eine pr\u00e4zise Passform.<\/span><\/p>\n<ul><\/ul>\n<h4><\/h4>","protected":false},"excerpt":{"rendered":"<p>Eternal The Eternal search for performance and comfort inspired this collection, resulting in a range with high standards and close attention to detail, offering an aero benefit across a wide range of cycling speeds at outstanding value. As with all our cycling wear, we only use the latest, high quality, moisture management fabrics, built with [&hellip;]<\/p>\n","protected":false},"featured_media":12735,"comment_status":"open","ping_status":"closed","template":"","meta":[],"product_brand":[],"product_cat":[15],"product_tag":[135,171,74,75,78,121,164],"class_list":{"0":"post-6091","1":"product","2":"type-product","3":"status-publish","4":"has-post-thumbnail","6":"product_cat-non-classe","7":"product_tag-categorythermal-tights","8":"product_tag-collectioneternal","9":"product_tag-cycle-all","10":"product_tag-cycle-mens","11":"product_tag-gendermens","12":"product_tag-mens-cycle-clothing","13":"product_tag-newtosale","14":"has-post-title","15":"has-post-date","16":"has-post-category","17":"has-post-tag","18":"has-post-comment","19":"has-post-author","20":"","22":"first","23":"instock","24":"sale","25":"taxable","26":"shipping-taxable","27":"purchasable","28":"product-type-variable"},"jetpack_sharing_enabled":true,"builder_content":"","_links":{"self":[{"href":"https:\/\/www.darwin4u.com\/de\/wp-json\/wp\/v2\/product\/6091","targetHints":{"allow":["GET"]}}],"collection":[{"href":"https:\/\/www.darwin4u.com\/de\/wp-json\/wp\/v2\/product"}],"about":[{"href":"https:\/\/www.darwin4u.com\/de\/wp-json\/wp\/v2\/types\/product"}],"replies":[{"embeddable":true,"href":"https:\/\/www.darwin4u.com\/de\/wp-json\/wp\/v2\/comments?post=6091"}],"wp:featuredmedia":[{"embeddable":true,"href":"https:\/\/www.darwin4u.com\/de\/wp-json\/wp\/v2\/media\/12735"}],"wp:attachment":[{"href":"https:\/\/www.darwin4u.com\/de\/wp-json\/wp\/v2\/media?parent=6091"}],"wp:term":[{"taxonomy":"product_brand","embeddable":true,"href":"https:\/\/www.darwin4u.com\/de\/wp-json\/wp\/v2\/product_brand?post=6091"},{"taxonomy":"product_cat","embeddable":true,"href":"https:\/\/www.darwin4u.com\/de\/wp-json\/wp\/v2\/product_cat?post=6091"},{"taxonomy":"product_tag","embeddable":true,"href":"https:\/\/www.darwin4u.com\/de\/wp-json\/wp\/v2\/product_tag?post=6091"}],"curies":[{"name":"wp","href":"https:\/\/api.w.org\/{rel}","templated":true}]}}