{"id":6103,"date":"2024-09-05T17:15:54","date_gmt":"2024-09-05T15:15:54","guid":{"rendered":"https:\/\/www.darwin4u.com\/produit\/eternal-long-sleeve-jersey-mens\/"},"modified":"2026-04-05T10:58:43","modified_gmt":"2026-04-05T08:58:43","slug":"eternal-long-sleeve-jersey-mens","status":"publish","type":"product","link":"https:\/\/www.darwin4u.com\/de\/produit\/eternal-long-sleeve-jersey-mens\/","title":{"rendered":"Eternal Langarmtrikot - Herren"},"content":{"rendered":"<p><strong><\/strong><strong>Ewige<\/strong><\/p>\n<p>Die ewige Suche nach Leistung und Komfort hat diese Kollektion inspiriert. Das Ergebnis ist eine Kollektion mit hohen Standards und viel Liebe zum Detail, die einen Aero-Vorteil f\u00fcr eine breite Palette von Fahrgeschwindigkeiten zu einem hervorragenden Preis bietet.<\/p>\n<p><span>Wie bei unserer gesamten Radsportbekleidung verwenden wir nur die neuesten, qualitativ hochwertigen, feuchtigkeitsregulierenden Stoffe, die \u00fcber alle St\u00e4rken und Eigenschaften verf\u00fcgen, die Sie von HUUB erwarten.\u00a0<\/span><\/p>\n<p>Auf der Grundlage der Daten unserer umfangreichen Aero-Gewebe-Matrix, die in drei Jahren Windkanal- und Gewebetests entwickelt wurde, haben wir eine Kollektion geschaffen, die unserer Meinung nach un\u00fcbertroffen ist. Das Gewebe wurde so ausgew\u00e4hlt, dass es \u00fcber einen weiten Bereich von Radfahrgeschwindigkeiten einen Aero-Vorteil bietet.\u00a0<\/p>\n<p><span><strong>Ganzt\u00e4giger Komfort<\/strong><br \/>Die Eternal-Reihe kombiniert italienische Stoffe und Gummiz\u00fcge mit HUUBs patentiertem, feuchtigkeitsregulierendem 3D-Schaumstoffsattel, der keine Kompromisse in Sachen Komfort und Qualit\u00e4t eingeht.<\/p>\n<p><\/span><\/p>\n<p data-mce-fragment=\"1\"><strong>\u00a0Lang\u00e4rmeliges Jersey<\/strong><\/p>\n<div>\n<ul>\n<li>Die feinsten thermischen, geb\u00fcrsteten, italienischen, atmungsaktiven Stoffe.\n<\/li>\n<li>Entwickelt, um den Luftstrom f\u00fcr die Leistung zu erm\u00f6glichen.\n<\/li>\n<li>3 verst\u00e4rkte R\u00fcckentaschen + 1 wasserdichte Tasche.<\/li>\n<li>Reflektierende hintere Verkleidung.<\/li>\n<li>Schnellverschluss &amp; abschlie\u00dfbarer Rei\u00dfverschluss, bleibt wenn gew\u00fcnscht, \u00f6ffnet sich schnell wenn n\u00f6tig.<\/li>\n<li>Silikon-Taillengreifer.<\/li>\n<li>Wetterschutzmanschetten.<\/li>\n<li>Versteckte wasserdichte Sicherheitstasche auf der R\u00fcckseite.<\/li>\n<\/ul>\n<\/div>\n<ul><\/ul>\n<p><strong><\/strong><span><a href=\"https:\/\/huubdesign.com\/pages\/refund-policy\">Informationen zur Garantie<\/a><\/span><\/p>\n<ul><\/ul>\n<h4><\/h4>","protected":false},"excerpt":{"rendered":"<p>Eternal The Eternal search for performance and comfort inspired this collection, resulting in a range with high standards and close attention to detail, offering an aero benefit across a wide range of cycling speeds at outstanding value. As with all our cycling wear, we only use the latest, high quality, moisture management fabrics, built with [&hellip;]<\/p>\n","protected":false},"featured_media":12745,"comment_status":"open","ping_status":"closed","template":"","meta":[],"product_brand":[],"product_cat":[15],"product_tag":[136,171,74,75,78,121,164],"class_list":{"0":"post-6103","1":"product","2":"type-product","3":"status-publish","4":"has-post-thumbnail","6":"product_cat-non-classe","7":"product_tag-categorythermal-jersey","8":"product_tag-collectioneternal","9":"product_tag-cycle-all","10":"product_tag-cycle-mens","11":"product_tag-gendermens","12":"product_tag-mens-cycle-clothing","13":"product_tag-newtosale","14":"has-post-title","15":"has-post-date","16":"has-post-category","17":"has-post-tag","18":"has-post-comment","19":"has-post-author","20":"","22":"first","23":"instock","24":"taxable","25":"shipping-taxable","26":"purchasable","27":"product-type-variable"},"jetpack_sharing_enabled":true,"builder_content":"","_links":{"self":[{"href":"https:\/\/www.darwin4u.com\/de\/wp-json\/wp\/v2\/product\/6103","targetHints":{"allow":["GET"]}}],"collection":[{"href":"https:\/\/www.darwin4u.com\/de\/wp-json\/wp\/v2\/product"}],"about":[{"href":"https:\/\/www.darwin4u.com\/de\/wp-json\/wp\/v2\/types\/product"}],"replies":[{"embeddable":true,"href":"https:\/\/www.darwin4u.com\/de\/wp-json\/wp\/v2\/comments?post=6103"}],"wp:featuredmedia":[{"embeddable":true,"href":"https:\/\/www.darwin4u.com\/de\/wp-json\/wp\/v2\/media\/12745"}],"wp:attachment":[{"href":"https:\/\/www.darwin4u.com\/de\/wp-json\/wp\/v2\/media?parent=6103"}],"wp:term":[{"taxonomy":"product_brand","embeddable":true,"href":"https:\/\/www.darwin4u.com\/de\/wp-json\/wp\/v2\/product_brand?post=6103"},{"taxonomy":"product_cat","embeddable":true,"href":"https:\/\/www.darwin4u.com\/de\/wp-json\/wp\/v2\/product_cat?post=6103"},{"taxonomy":"product_tag","embeddable":true,"href":"https:\/\/www.darwin4u.com\/de\/wp-json\/wp\/v2\/product_tag?post=6103"}],"curies":[{"name":"wp","href":"https:\/\/api.w.org\/{rel}","templated":true}]}}