{"id":6109,"date":"2026-03-25T17:43:24","date_gmt":"2026-03-25T17:43:24","guid":{"rendered":"https:\/\/www.darwin4u.com\/?post_type=product&#038;p=6109"},"modified":"2026-04-01T20:56:07","modified_gmt":"2026-04-01T18:56:07","slug":"eternal-bib-shorts-mens","status":"publish","type":"product","link":"https:\/\/www.darwin4u.com\/de\/produit\/eternal-bib-shorts-mens\/","title":{"rendered":"Eternal Bib Shorts - Herren"},"content":{"rendered":"<p><strong><\/strong><strong>Ewige<\/strong><\/p>\n<p>Die ewige Suche nach Leistung und Komfort hat diese Kollektion inspiriert. Das Ergebnis ist eine Kollektion mit hohen Standards und viel Liebe zum Detail, die einen Aero-Vorteil f\u00fcr eine breite Palette von Fahrgeschwindigkeiten zu einem hervorragenden Preis bietet.<\/p>\n<p><span>Wie bei unserer gesamten Radsportbekleidung verwenden wir nur die neuesten, qualitativ hochwertigen, feuchtigkeitsregulierenden Stoffe, die \u00fcber alle St\u00e4rken und Eigenschaften verf\u00fcgen, die Sie von HUUB erwarten.<\/span><\/p>\n<p>Latzhosen<\/p>\n<p>Unsere anatomisch geschnittenen 6-Panel-Shorts sorgen f\u00fcr eine individuelle Passform, unabh\u00e4ngig von Ihrer Figur, mit weniger Druck und mehr Komfort. Die Kombination aus Overlock- und verdeckten N\u00e4hten sorgt f\u00fcr eine perfekte Passform mit einem stylischen Look, und unsere elastischen, breiten Beinb\u00fcndchen halten die Shorts bequem an Ort und Stelle. Die elastischen Mesh-Latzhosen bieten uneingeschr\u00e4nkte Unterst\u00fctzung im Taillen- und H\u00fcftbereich, um eine optimale Positionierung unseres hochgesch\u00e4tzten, sto\u00dfd\u00e4mpfenden 3D-Sitzpolsters zu gew\u00e4hrleisten, damit Sie auch auf den h\u00e4rtesten Stra\u00dfen den h\u00f6chsten Fahrkomfort genie\u00dfen k\u00f6nnen.<\/p>\n<p data-mce-fragment=\"1\">Wie bei unserer gesamten Radsportbekleidung verwenden wir nur die neuesten, qualitativ hochwertigen Stoffe mit Feuchtigkeitsmanagement.<\/p>\n<p><b data-mce-fragment=\"1\">Eigenschaften<\/b><\/p>\n<ul>\n<li>HUUBs exklusives 3D-Feuchtigkeitsmanagement-Sitzpolster mit glatten Linien und hochdichtem Schaumstoff.\n<\/li>\n<li>Breiter elastischer Saum und Greifer.\n<\/li>\n<li>HUUBs anatomischer 6-Panel-Schnitt.\n<\/li>\n<li>Hochwertiges Vier-Wege-Stretchmaterial f\u00fcr optimale Passform.\n<\/li>\n<li>Aktualisierte, elastische Tr\u00e4gerkonstruktion mit Netzr\u00fccken.\n<\/li>\n<\/ul>\n<p>\u00a0<\/p>\n<ul><\/ul>\n<h4><\/h4>","protected":false},"excerpt":{"rendered":"<p>Eternal The Eternal search for performance and comfort inspired this collection, resulting in a range with high standards and close attention to detail, offering an aero benefit across a wide range of cycling speeds at outstanding value. As with all our cycling wear, we only use the latest, high quality, moisture management fabrics, built with [&hellip;]<\/p>\n","protected":false},"featured_media":12748,"comment_status":"open","ping_status":"closed","template":"","meta":[],"product_brand":[],"product_cat":[15],"product_tag":[123,171,74,75,78],"class_list":{"0":"post-6109","1":"product","2":"type-product","3":"status-publish","4":"has-post-thumbnail","6":"product_cat-non-classe","7":"product_tag-categoryshorts","8":"product_tag-collectioneternal","9":"product_tag-cycle-all","10":"product_tag-cycle-mens","11":"product_tag-gendermens","12":"has-post-title","13":"has-post-date","14":"has-post-category","15":"has-post-tag","16":"has-post-comment","17":"has-post-author","18":"","20":"first","21":"instock","22":"sale","23":"taxable","24":"shipping-taxable","25":"purchasable","26":"product-type-variable"},"jetpack_sharing_enabled":true,"builder_content":"","_links":{"self":[{"href":"https:\/\/www.darwin4u.com\/de\/wp-json\/wp\/v2\/product\/6109","targetHints":{"allow":["GET"]}}],"collection":[{"href":"https:\/\/www.darwin4u.com\/de\/wp-json\/wp\/v2\/product"}],"about":[{"href":"https:\/\/www.darwin4u.com\/de\/wp-json\/wp\/v2\/types\/product"}],"replies":[{"embeddable":true,"href":"https:\/\/www.darwin4u.com\/de\/wp-json\/wp\/v2\/comments?post=6109"}],"wp:featuredmedia":[{"embeddable":true,"href":"https:\/\/www.darwin4u.com\/de\/wp-json\/wp\/v2\/media\/12748"}],"wp:attachment":[{"href":"https:\/\/www.darwin4u.com\/de\/wp-json\/wp\/v2\/media?parent=6109"}],"wp:term":[{"taxonomy":"product_brand","embeddable":true,"href":"https:\/\/www.darwin4u.com\/de\/wp-json\/wp\/v2\/product_brand?post=6109"},{"taxonomy":"product_cat","embeddable":true,"href":"https:\/\/www.darwin4u.com\/de\/wp-json\/wp\/v2\/product_cat?post=6109"},{"taxonomy":"product_tag","embeddable":true,"href":"https:\/\/www.darwin4u.com\/de\/wp-json\/wp\/v2\/product_tag?post=6109"}],"curies":[{"name":"wp","href":"https:\/\/api.w.org\/{rel}","templated":true}]}}