{"id":6121,"date":"2024-09-05T17:15:59","date_gmt":"2024-09-05T15:15:59","guid":{"rendered":"https:\/\/www.darwin4u.com\/produit\/eternal-peaks-winter-jacket-mens\/"},"modified":"2026-04-05T11:01:18","modified_gmt":"2026-04-05T09:01:18","slug":"eternal-peaks-winter-jacket-mens","status":"publish","type":"product","link":"https:\/\/www.darwin4u.com\/de\/produit\/eternal-peaks-winter-jacket-mens\/","title":{"rendered":"Eternal Peaks Winterjacke - Herren"},"content":{"rendered":"<p><strong><\/strong><strong>Ewige<\/strong><\/p>\n<p>Die ewige Suche nach Leistung und Komfort hat diese Kollektion inspiriert. Das Ergebnis ist eine Kollektion mit hohen Standards und viel Liebe zum Detail, die einen Aero-Vorteil f\u00fcr eine breite Palette von Fahrgeschwindigkeiten zu einem hervorragenden Preis bietet.<\/p>\n<p><span>Wie bei unserer gesamten Radsportbekleidung verwenden wir nur die neuesten, qualitativ hochwertigen, feuchtigkeitsregulierenden Stoffe, die \u00fcber alle St\u00e4rken und Eigenschaften verf\u00fcgen, die Sie von HUUB erwarten.\u00a0<\/span><\/p>\n<h4><strong>Winter Peaks Jacke - Herren<\/strong><\/h4>\n<p>Die HUUB Peaks Jacke kombiniert die Freiheit eines Trikots mit dem Schutz, den man von einer Winterjacke erwartet, die f\u00fcr die k\u00e4ltesten Tage auf dem Rad entwickelt wurde.\u00a0<\/p>\n<p>Ein wasserabweisendes, winddichtes und atmungsaktives Material sorgt den ganzen Tag \u00fcber f\u00fcr Komfort, selbst bei k\u00e4ltesten Bedingungen.\u00a0<\/p>\n<p>Rei\u00dfverschl\u00fcsse an der Vorderseite sorgen f\u00fcr zus\u00e4tzliche Bel\u00fcftung. Drei R\u00fcckentaschen und eine seitliche Rei\u00dfverschlusstasche bieten zus\u00e4tzlichen Stauraum und sind mit reflektierenden Details versehen, um die Sichtbarkeit auf winterlichen Fahrten zu erh\u00f6hen.<\/p>\n<p><strong>Eigenschaften<\/strong><\/p>\n<div class=\"product-features\">\n<ul>\n<li>Vollst\u00e4ndig winddicht\n<\/li>\n<li>Hintere erweiterte Wetterklappe\u00a0<\/li>\n<li>Bel\u00fcftungs\u00f6ffnungen mit Rei\u00dfverschluss vorne<\/li>\n<li>Wasserabweisendes, hoch atmungsaktives Gewebe\u00a0<\/li>\n<li>K\u00f6rpernaher Schnitt f\u00fcr zus\u00e4tzlichen Komfort<\/li>\n<li>Drei reflektierende R\u00fcckentaschen<\/li>\n<li>Empfohlener Temperaturbereich: -2\u00b0 bis 13\u00b0C<\/li>\n<\/ul>\n<\/div>\n<ul><\/ul>\n<div>\n<ul><\/ul>\n<\/div>\n<ul><\/ul>\n<h4><\/h4>","protected":false},"excerpt":{"rendered":"<p>Eternal The Eternal search for performance and comfort inspired this collection, resulting in a range with high standards and close attention to detail, offering an aero benefit across a wide range of cycling speeds at outstanding value. As with all our cycling wear, we only use the latest, high quality, moisture management fabrics, built with [&hellip;]<\/p>\n","protected":false},"featured_media":12754,"comment_status":"open","ping_status":"closed","template":"","meta":[],"product_brand":[],"product_cat":[15],"product_tag":[136,137,171,74,75,78,121,164],"class_list":{"0":"post-6121","1":"product","2":"type-product","3":"status-publish","4":"has-post-thumbnail","6":"product_cat-non-classe","7":"product_tag-categorythermal-jersey","8":"product_tag-categorywinter-jacket","9":"product_tag-collectioneternal","10":"product_tag-cycle-all","11":"product_tag-cycle-mens","12":"product_tag-gendermens","13":"product_tag-mens-cycle-clothing","14":"product_tag-newtosale","15":"has-post-title","16":"has-post-date","17":"has-post-category","18":"has-post-tag","19":"has-post-comment","20":"has-post-author","21":"","23":"first","24":"instock","25":"taxable","26":"shipping-taxable","27":"purchasable","28":"product-type-variable"},"jetpack_sharing_enabled":true,"builder_content":"","_links":{"self":[{"href":"https:\/\/www.darwin4u.com\/de\/wp-json\/wp\/v2\/product\/6121","targetHints":{"allow":["GET"]}}],"collection":[{"href":"https:\/\/www.darwin4u.com\/de\/wp-json\/wp\/v2\/product"}],"about":[{"href":"https:\/\/www.darwin4u.com\/de\/wp-json\/wp\/v2\/types\/product"}],"replies":[{"embeddable":true,"href":"https:\/\/www.darwin4u.com\/de\/wp-json\/wp\/v2\/comments?post=6121"}],"wp:featuredmedia":[{"embeddable":true,"href":"https:\/\/www.darwin4u.com\/de\/wp-json\/wp\/v2\/media\/12754"}],"wp:attachment":[{"href":"https:\/\/www.darwin4u.com\/de\/wp-json\/wp\/v2\/media?parent=6121"}],"wp:term":[{"taxonomy":"product_brand","embeddable":true,"href":"https:\/\/www.darwin4u.com\/de\/wp-json\/wp\/v2\/product_brand?post=6121"},{"taxonomy":"product_cat","embeddable":true,"href":"https:\/\/www.darwin4u.com\/de\/wp-json\/wp\/v2\/product_cat?post=6121"},{"taxonomy":"product_tag","embeddable":true,"href":"https:\/\/www.darwin4u.com\/de\/wp-json\/wp\/v2\/product_tag?post=6121"}],"curies":[{"name":"wp","href":"https:\/\/api.w.org\/{rel}","templated":true}]}}