{"id":6363,"date":"2024-09-05T16:23:13","date_gmt":"2024-09-05T15:23:13","guid":{"rendered":"https:\/\/www.darwin4u.com\/produit\/strada-bib-shorts-black-mens\/"},"modified":"2026-04-05T11:09:58","modified_gmt":"2026-04-05T09:09:58","slug":"strada-bib-shorts-black-mens","status":"publish","type":"product","link":"https:\/\/www.darwin4u.com\/de\/produit\/strada-bib-shorts-black-mens\/","title":{"rendered":"Strada Bib Shorts Schwarz - Herren"},"content":{"rendered":"<p><b>STRADA - <\/b><b>ALLES, WAS Z\u00c4HLT, IST DIE STRASSE<\/b> <br \/>Wir alle lieben Fahrradausr\u00fcstungen, die genau das tun, was Sie verlangen. Komfortabel, qualitativ hochwertig und mit einfachem Design, entspricht es dem Ziel, das wir uns f\u00fcr die Strada-Linie vorgestellt haben.<br \/> Auf Strada kann man sich verlassen, wenn es um Aussehen und Leistung geht. Es ist die Sonntagmorgen-Ausr\u00fcstung, in der man sich wohlf\u00fchlt. Der Schwerpunkt liegt auf den hochwertigsten Stoffen, der Arms Neutral\u2122 Passform und einem Sitzpolster, das f\u00fcr eine optimale Leistung sorgt, sodass du dich ganz auf die Stra\u00dfe konzentrieren kannst.\u00a0<\/p>\n<p><b>Latzhose<\/b><\/p>\n<p>Der stilvolle, klassische Schnitt macht diese Tr\u00e4gerhose zu einem idealen Begleiter f\u00fcr den Alltag. Optimierter Tragekomfort durch die Verwendung hochwertigster europ\u00e4ischer Stoffe - diese Tr\u00e4gerhose wird schnell zu einem Lieblingsst\u00fcck.<\/p>\n<ul>\n<li>\n<span><\/span>Hergestellt aus den hochwertigsten italienischen Softfeel-Stoffen.<\/li>\n<li>\n<span><\/span>Doppelt verankerte Riemen verteilen den Druck gleichm\u00e4\u00dfig und sorgen so f\u00fcr einen bequemen Sitz.<\/li>\n<li>\n<span><\/span>Breiter, komfortabler Silikon-Beinklemmer.<\/li>\n<li>\n<span><\/span>Leichtes Design.<\/li>\n<li>\n<span><\/span>HUUBs exklusives 3D-Feuchtigkeitsmanagement-Sitzpolster mit glatten Linien und hochdichtem Schaumstoff.<\/li>\n<li>\n<span><\/span>Erh\u00f6hte Taille und Mesh-Einsatz am R\u00fccken f\u00fcr Atmungsaktivit\u00e4t.<\/li>\n<\/ul>","protected":false},"excerpt":{"rendered":"<p>STRADA &#8211; ALL THAT MATTERS IS THE ROAD We all love cycle kit that does exactly what you ask. Comfortable, quality and simplistic styling, it matches the goal we envisioned for the Strada line. You can count on Strada for looks and performance, it&#8217;s the go-to Sunday morning kit, the one you feel at home [&hellip;]<\/p>\n","protected":false},"featured_media":12877,"comment_status":"open","ping_status":"closed","template":"","meta":[],"product_brand":[],"product_cat":[15],"product_tag":[123,185,74,75,78,121,164],"class_list":{"0":"post-6363","1":"product","2":"type-product","3":"status-publish","4":"has-post-thumbnail","6":"product_cat-non-classe","7":"product_tag-categoryshorts","8":"product_tag-collectionstrada","9":"product_tag-cycle-all","10":"product_tag-cycle-mens","11":"product_tag-gendermens","12":"product_tag-mens-cycle-clothing","13":"product_tag-newtosale","14":"has-post-title","15":"has-post-date","16":"has-post-category","17":"has-post-tag","18":"has-post-comment","19":"has-post-author","20":"","22":"first","23":"instock","24":"taxable","25":"shipping-taxable","26":"purchasable","27":"product-type-variable"},"jetpack_sharing_enabled":true,"builder_content":"","_links":{"self":[{"href":"https:\/\/www.darwin4u.com\/de\/wp-json\/wp\/v2\/product\/6363","targetHints":{"allow":["GET"]}}],"collection":[{"href":"https:\/\/www.darwin4u.com\/de\/wp-json\/wp\/v2\/product"}],"about":[{"href":"https:\/\/www.darwin4u.com\/de\/wp-json\/wp\/v2\/types\/product"}],"replies":[{"embeddable":true,"href":"https:\/\/www.darwin4u.com\/de\/wp-json\/wp\/v2\/comments?post=6363"}],"wp:featuredmedia":[{"embeddable":true,"href":"https:\/\/www.darwin4u.com\/de\/wp-json\/wp\/v2\/media\/12877"}],"wp:attachment":[{"href":"https:\/\/www.darwin4u.com\/de\/wp-json\/wp\/v2\/media?parent=6363"}],"wp:term":[{"taxonomy":"product_brand","embeddable":true,"href":"https:\/\/www.darwin4u.com\/de\/wp-json\/wp\/v2\/product_brand?post=6363"},{"taxonomy":"product_cat","embeddable":true,"href":"https:\/\/www.darwin4u.com\/de\/wp-json\/wp\/v2\/product_cat?post=6363"},{"taxonomy":"product_tag","embeddable":true,"href":"https:\/\/www.darwin4u.com\/de\/wp-json\/wp\/v2\/product_tag?post=6363"}],"curies":[{"name":"wp","href":"https:\/\/api.w.org\/{rel}","templated":true}]}}