{"id":6381,"date":"2024-09-05T17:23:18","date_gmt":"2024-09-05T15:23:18","guid":{"rendered":"https:\/\/www.darwin4u.com\/produit\/strada-winter-peaks-jacket-mens\/"},"modified":"2026-04-05T10:54:53","modified_gmt":"2026-04-05T08:54:53","slug":"strada-winter-peaks-jacket-mens","status":"publish","type":"product","link":"https:\/\/www.darwin4u.com\/de\/produit\/strada-winter-peaks-jacket-mens\/","title":{"rendered":"Strada Winter Peaks Jacke - Herren"},"content":{"rendered":"<p><b>STRADA - ALLES WAS Z\u00c4HLT, IST DIE STRASSE<\/b> <br \/>Wir alle lieben Fahrradausr\u00fcstungen, die genau das tun, was Sie verlangen. Komfortabel, qualitativ hochwertig und mit einfachem Design, entspricht es dem Ziel, das wir uns f\u00fcr die Strada-Linie vorgestellt haben.<br \/> Auf Strada kann man sich verlassen, wenn es um Aussehen und Leistung geht. Es ist die Sonntagmorgen-Ausr\u00fcstung, in der man sich wohlf\u00fchlt. Der Schwerpunkt liegt auf den hochwertigsten Stoffen, der Arms Neutral\u2122 Passform und einem Sitzpolster, das f\u00fcr eine optimale Leistung sorgt, sodass du dich ganz auf die Stra\u00dfe konzentrieren kannst.<\/p>\n<p><b>Strada Wintergipfel Jacke<\/b><\/p>\n<p>Die HUUB Peaks Jacke kombiniert die Freiheit eines Trikots mit dem Schutz, den Sie von einer Winterjacke f\u00fcr die k\u00e4ltesten Tage auf dem Rad erwarten w\u00fcrden. Ein wasserabweisendes, vollst\u00e4ndig winddichtes und atmungsaktives Material sorgt den ganzen Tag \u00fcber f\u00fcr Komfort, selbst bei den k\u00e4ltesten Bedingungen.<\/p>\n<p>Rei\u00dfverschl\u00fcsse an der Vorderseite sorgen f\u00fcr zus\u00e4tzliche Bel\u00fcftung. Drei R\u00fcckentaschen und eine seitliche Rei\u00dfverschlusstasche bieten zus\u00e4tzlichen Stauraum und sind mit reflektierenden Details versehen, um die Sichtbarkeit auf winterlichen Fahrten zu erh\u00f6hen.<\/p>\n<ul>\n<li>\n<span><\/span>Schlichtes und elegantes Design, das zur Strada-Reihe passt.<\/li>\n<li>\n<span><\/span>Vollst\u00e4ndig winddicht.<\/li>\n<li>\n<span><\/span>Hintere erweiterte Wetterklappe.<\/li>\n<li>\n<span><\/span>Bel\u00fcftungs\u00f6ffnungen mit Rei\u00dfverschluss vorne.<\/li>\n<li>\n<span><\/span>Wasserabweisendes, hoch atmungsaktives Gewebe.<\/li>\n<li>\n<span><\/span>Der k\u00f6rpernahe Schnitt sorgt f\u00fcr zus\u00e4tzlichen Komfort.<\/li>\n<li>\n<span><\/span>Drei reflektierende R\u00fcckentaschen<\/li>\n<li>\n<span><\/span>Empfohlener Temperaturbereich: -2\u00b0 bis 13\u00b0C.<\/li>\n<\/ul>\n<div>\n<ul><\/ul>\n<\/div>\n<ul><\/ul>\n<h4><\/h4>","protected":false},"excerpt":{"rendered":"<p>STRADA &#8211; ALL THAT MATTERS IS THE ROAD We all love cycle kit that does exactly what you ask. Comfortable, quality and simplistic styling, it matches the goal we envisioned for the Strada line. You can count on Strada for looks and performance, it&#8217;s the go-to Sunday morning kit, the one you feel at home [&hellip;]<\/p>\n","protected":false},"featured_media":12903,"comment_status":"open","ping_status":"closed","template":"","meta":[],"product_brand":[],"product_cat":[15],"product_tag":[136,185,74,75,78,121,164],"class_list":{"0":"post-6381","1":"product","2":"type-product","3":"status-publish","4":"has-post-thumbnail","6":"product_cat-non-classe","7":"product_tag-categorythermal-jersey","8":"product_tag-collectionstrada","9":"product_tag-cycle-all","10":"product_tag-cycle-mens","11":"product_tag-gendermens","12":"product_tag-mens-cycle-clothing","13":"product_tag-newtosale","14":"has-post-title","15":"has-post-date","16":"has-post-category","17":"has-post-tag","18":"has-post-comment","19":"has-post-author","20":"","22":"first","23":"instock","24":"taxable","25":"shipping-taxable","26":"purchasable","27":"product-type-variable"},"jetpack_sharing_enabled":true,"builder_content":"","_links":{"self":[{"href":"https:\/\/www.darwin4u.com\/de\/wp-json\/wp\/v2\/product\/6381","targetHints":{"allow":["GET"]}}],"collection":[{"href":"https:\/\/www.darwin4u.com\/de\/wp-json\/wp\/v2\/product"}],"about":[{"href":"https:\/\/www.darwin4u.com\/de\/wp-json\/wp\/v2\/types\/product"}],"replies":[{"embeddable":true,"href":"https:\/\/www.darwin4u.com\/de\/wp-json\/wp\/v2\/comments?post=6381"}],"wp:featuredmedia":[{"embeddable":true,"href":"https:\/\/www.darwin4u.com\/de\/wp-json\/wp\/v2\/media\/12903"}],"wp:attachment":[{"href":"https:\/\/www.darwin4u.com\/de\/wp-json\/wp\/v2\/media?parent=6381"}],"wp:term":[{"taxonomy":"product_brand","embeddable":true,"href":"https:\/\/www.darwin4u.com\/de\/wp-json\/wp\/v2\/product_brand?post=6381"},{"taxonomy":"product_cat","embeddable":true,"href":"https:\/\/www.darwin4u.com\/de\/wp-json\/wp\/v2\/product_cat?post=6381"},{"taxonomy":"product_tag","embeddable":true,"href":"https:\/\/www.darwin4u.com\/de\/wp-json\/wp\/v2\/product_tag?post=6381"}],"curies":[{"name":"wp","href":"https:\/\/api.w.org\/{rel}","templated":true}]}}