{"id":6415,"date":"2024-09-05T15:23:28","date_gmt":"2024-09-05T15:23:28","guid":{"rendered":"https:\/\/www.darwin4u.com\/produit\/huub-hand-paddles\/"},"modified":"2026-03-24T20:56:32","modified_gmt":"2026-03-24T20:56:32","slug":"huub-hand-paddles","status":"publish","type":"product","link":"https:\/\/www.darwin4u.com\/de\/produit\/huub-hand-paddles\/","title":{"rendered":"HUUB Hand Paddles"},"content":{"rendered":"<p><strong><span>KRAFT UND SCHLAGANFALL VERBESSERN<\/span><\/strong><\/p>\n<p><span>HUUB Hand Paddles helfen Ihnen, Ihren Oberk\u00f6rper zu st\u00e4rken und Ihre Schlagtechnik zu verbessern.<\/span><\/p>\n<p><span>Die HUUB Hand Paddles sind in 3 Gr\u00f6\u00dfen erh\u00e4ltlich, um allen Schwimmern gerecht zu werden. Sie sind anatomisch so geformt, dass sie die Kontur Ihrer H\u00e4nde widerspiegeln und ein nat\u00fcrliches Schwimmerlebnis w\u00e4hrend des Trainings erm\u00f6glichen.<\/span><\/p>\n<p><span>Strategisch platzierte L\u00f6cher verteilen den Druck gleichm\u00e4\u00dfig, w\u00e4hrend das Gef\u00fchl f\u00fcr das Wasser erhalten bleibt. Die variable Silikonschn\u00fcrung bietet mehr Gurtkonfiguration und mehr Komfort.<\/span><\/p>\n<p><strong><span>BREITE GR\u00d6SSE<\/span><\/strong><\/p>\n<div style=\"padding-left: 30px;\">\n<strong>Klein <\/strong>(Rot) - 14,5 cm\u00a0<\/div>\n<div style=\"padding-left: 30px;\">\n<strong>Mittel <\/strong>(Orange) - 17,5 cm<\/div>\n<div style=\"padding-left: 30px;\">\n<strong>Gro\u00df <\/strong>(Blau) - 20,5 cm<\/div>\n<p><\/p>\n<div style=\"padding-left: 30px;\"><strong><\/strong><\/div>\n<p><strong><span>FEATURES<\/span><\/strong><\/p>\n<li><span>Langlebige und leichte Konstruktion.<\/span><\/li>\n<li><span>Weiche, schlauchf\u00f6rmige Handschlaufen aus Silikon.<\/span><\/li>\n<li><span>Variable Schn\u00fcrung f\u00fcr eine optimale Passform.\u00a0<\/span><\/li>\n<li><span>Erh\u00e4ltlich in 3 Gr\u00f6\u00dfen, die allen F\u00e4higkeiten gerecht werden.<\/span><\/li>\n<ul data-mce-fragment=\"1\"><\/ul>","protected":false},"excerpt":{"rendered":"<p>IMPROVE STRENGTH AND STROKE HUUB Hand Paddles will help you build upper body strength and help improve your stroke technique. Available in 3 sizes to suit all swimmers, HUUB Hand Paddles have been anatomically designed to mirror your hands&#8217; contour and provide a natural swim experience during training. Strategically placed holes evenly distribute pressure whilst [&hellip;]<\/p>\n","protected":false},"featured_media":12930,"comment_status":"open","ping_status":"closed","template":"","meta":[],"product_brand":[],"product_cat":[672,683,711],"product_tag":[89,91,93],"class_list":{"0":"post-6415","1":"product","2":"type-product","3":"status-publish","4":"has-post-thumbnail","6":"product_cat-accessories","7":"product_cat-accessories-swim","8":"product_cat-buoyancy-aids","9":"product_tag-mens-swim","10":"product_tag-swim-all","11":"product_tag-womens-swim","12":"has-post-title","13":"has-post-date","14":"has-post-category","15":"has-post-tag","16":"has-post-comment","17":"has-post-author","18":"","20":"first","21":"instock","22":"taxable","23":"shipping-taxable","24":"purchasable","25":"product-type-variable"},"jetpack_sharing_enabled":true,"builder_content":"","_links":{"self":[{"href":"https:\/\/www.darwin4u.com\/de\/wp-json\/wp\/v2\/product\/6415","targetHints":{"allow":["GET"]}}],"collection":[{"href":"https:\/\/www.darwin4u.com\/de\/wp-json\/wp\/v2\/product"}],"about":[{"href":"https:\/\/www.darwin4u.com\/de\/wp-json\/wp\/v2\/types\/product"}],"replies":[{"embeddable":true,"href":"https:\/\/www.darwin4u.com\/de\/wp-json\/wp\/v2\/comments?post=6415"}],"wp:featuredmedia":[{"embeddable":true,"href":"https:\/\/www.darwin4u.com\/de\/wp-json\/wp\/v2\/media\/12930"}],"wp:attachment":[{"href":"https:\/\/www.darwin4u.com\/de\/wp-json\/wp\/v2\/media?parent=6415"}],"wp:term":[{"taxonomy":"product_brand","embeddable":true,"href":"https:\/\/www.darwin4u.com\/de\/wp-json\/wp\/v2\/product_brand?post=6415"},{"taxonomy":"product_cat","embeddable":true,"href":"https:\/\/www.darwin4u.com\/de\/wp-json\/wp\/v2\/product_cat?post=6415"},{"taxonomy":"product_tag","embeddable":true,"href":"https:\/\/www.darwin4u.com\/de\/wp-json\/wp\/v2\/product_tag?post=6415"}],"curies":[{"name":"wp","href":"https:\/\/api.w.org\/{rel}","templated":true}]}}